{"id":18560,"date":"2025-04-17T17:40:44","date_gmt":"2025-04-17T17:40:44","guid":{"rendered":"https:\/\/transeuropafestival.eu\/participer\/"},"modified":"2025-06-04T16:59:21","modified_gmt":"2025-06-04T16:59:21","slug":"participer","status":"publish","type":"page","link":"https:\/\/transeuropafestival.eu\/fr\/participer\/","title":{"rendered":"Participer"},"content":{"rendered":"\n<style type=\"text\/css\" data-created_by=\"avia_inline_auto\" id=\"style-css-av-1o7kwxy-de7bba7be5ef7b39e6dd9e3ae07401fd\">\n.avia-section.av-1o7kwxy-de7bba7be5ef7b39e6dd9e3ae07401fd .av-parallax .av-parallax-inner{\nbackground-repeat:no-repeat;\nbackground-image:url(https:\/\/transeuropafestival.eu\/wp-content\/uploads\/2025\/04\/Back_Red.png);\nbackground-position:50% 50%;\nbackground-attachment:scroll;\n}\n.avia-section.av-1o7kwxy-de7bba7be5ef7b39e6dd9e3ae07401fd .av-section-color-overlay{\nopacity:0.5;\nbackground-color:#35383c;\n}\n<\/style>\n<div id='eventheader'  class='avia-section av-1o7kwxy-de7bba7be5ef7b39e6dd9e3ae07401fd main_color avia-section-huge avia-no-border-styling  avia-builder-el-0  el_before_av_section  avia-builder-el-first  avia-full-stretch av-parallax-section avia-bg-style-parallax av-section-color-overlay-active container_wrap sidebar_right'  data-section-bg-repeat='stretch'><div class='av-parallax' data-avia-parallax-ratio='0.3' ><div class='av-parallax-inner main_color avia-full-stretch'><\/div><\/div><div class=\"av-section-color-overlay-wrap\"><div class=\"av-section-color-overlay\"><\/div><div class='container av-section-cont-open' ><main  role=\"main\" itemprop=\"mainContentOfPage\"  class='template-page content  av-content-small alpha units'><div class='post-entry post-entry-type-page post-entry-18560'><div class='entry-content-wrapper clearfix'>\n\n<style type=\"text\/css\" data-created_by=\"avia_inline_auto\" id=\"style-css-av-1ncjl6e-3b1ea396e4d44af13851bb1cff911957\">\n.flex_column.av-1ncjl6e-3b1ea396e4d44af13851bb1cff911957{\nborder-radius:0px 0px 0px 0px;\npadding:0px 0px 0px 0px;\n}\n<\/style>\n<div  class='flex_column av-1ncjl6e-3b1ea396e4d44af13851bb1cff911957 av_one_fifth  avia-builder-el-1  el_before_av_three_fifth  avia-builder-el-first  first flex_column_div av-zero-column-padding  '     ><\/div>\n<style type=\"text\/css\" data-created_by=\"avia_inline_auto\" id=\"style-css-av-1kiojae-5b0979f8461ebecdf00e1bd4c615aa2c\">\n.flex_column.av-1kiojae-5b0979f8461ebecdf00e1bd4c615aa2c{\nborder-radius:0px 0px 0px 0px;\npadding:0px 0px 0px 0px;\n}\n<\/style>\n<div  class='flex_column av-1kiojae-5b0979f8461ebecdf00e1bd4c615aa2c av_three_fifth  avia-builder-el-2  el_after_av_one_fifth  el_before_av_one_fifth  flex_column_div av-zero-column-padding  '     ><style type=\"text\/css\" data-created_by=\"avia_inline_auto\" id=\"style-css-av-1jnwuqu-97adec8acab150d1fc1d7a0b81fed2b2\">\n#top .av-special-heading.av-1jnwuqu-97adec8acab150d1fc1d7a0b81fed2b2{\npadding-bottom:19px;\ncolor:#ffffff;\nfont-size:40px;\n}\nbody .av-special-heading.av-1jnwuqu-97adec8acab150d1fc1d7a0b81fed2b2 .av-special-heading-tag .heading-char{\nfont-size:25px;\n}\n#top #wrap_all .av-special-heading.av-1jnwuqu-97adec8acab150d1fc1d7a0b81fed2b2 .av-special-heading-tag{\nfont-size:40px;\n}\n.av-special-heading.av-1jnwuqu-97adec8acab150d1fc1d7a0b81fed2b2 .special-heading-inner-border{\nborder-color:#ffffff;\n}\n.av-special-heading.av-1jnwuqu-97adec8acab150d1fc1d7a0b81fed2b2 .av-subheading{\nfont-size:15px;\n}\n\n@media only screen and (min-width: 480px) and (max-width: 767px){ \n#top #wrap_all .av-special-heading.av-1jnwuqu-97adec8acab150d1fc1d7a0b81fed2b2 .av-special-heading-tag{\nfont-size:0.8em;\n}\n}\n\n@media only screen and (max-width: 479px){ \n#top #wrap_all .av-special-heading.av-1jnwuqu-97adec8acab150d1fc1d7a0b81fed2b2 .av-special-heading-tag{\nfont-size:0.8em;\n}\n}\n<\/style>\n<div  class='av-special-heading av-1jnwuqu-97adec8acab150d1fc1d7a0b81fed2b2 av-special-heading-h1 custom-color-heading blockquote modern-quote modern-centered  avia-builder-el-3  avia-builder-el-no-sibling  av-inherit-size'><h1 class='av-special-heading-tag'  itemprop=\"headline\"  >Participer<\/h1><div class=\"special-heading-border\"><div class=\"special-heading-inner-border\"><\/div><\/div><\/div><\/div>\n<style type=\"text\/css\" data-created_by=\"avia_inline_auto\" id=\"style-css-av-1hwv9hy-67afb8723febfe10f40af033778e5711\">\n.flex_column.av-1hwv9hy-67afb8723febfe10f40af033778e5711{\nborder-radius:0px 0px 0px 0px;\npadding:0px 0px 0px 0px;\n}\n<\/style>\n<div  class='flex_column av-1hwv9hy-67afb8723febfe10f40af033778e5711 av_one_fifth  avia-builder-el-4  el_after_av_three_fifth  avia-builder-el-last  flex_column_div av-zero-column-padding  '     ><\/div>\n\n<\/div><\/div><\/main><!-- close content main element --><\/div><\/div><\/div><div id='av_section_2'  class='avia-section av-1gegvye-8723ddd72ff2a9fd115af74526210e48 main_color avia-section-small avia-no-border-styling  avia-builder-el-5  el_after_av_section  el_before_av_section  avia-bg-style-scroll container_wrap sidebar_right'  ><div class='container av-section-cont-open' ><div class='template-page content  av-content-small alpha units'><div class='post-entry post-entry-type-page post-entry-18560'><div class='entry-content-wrapper clearfix'>\n\n<style type=\"text\/css\" data-created_by=\"avia_inline_auto\" id=\"style-css-av-1f1nk2e-c770f0ceb4866c7a6c11afd8676c8554\">\n.flex_column.av-1f1nk2e-c770f0ceb4866c7a6c11afd8676c8554{\nborder-radius:0px 0px 0px 0px;\npadding:0px 0px 0px 0px;\n}\n<\/style>\n<div  class='flex_column av-1f1nk2e-c770f0ceb4866c7a6c11afd8676c8554 av_one_fifth  avia-builder-el-6  el_before_av_three_fifth  avia-builder-el-first  first flex_column_div av-zero-column-padding  '     ><\/div>\n<style type=\"text\/css\" data-created_by=\"avia_inline_auto\" id=\"style-css-av-1dhm0w6-09c209d5542420b9fb09a3ca365f3a36\">\n.flex_column.av-1dhm0w6-09c209d5542420b9fb09a3ca365f3a36{\nborder-radius:0px 0px 0px 0px;\npadding:0px 0px 0px 0px;\n}\n<\/style>\n<div  class='flex_column av-1dhm0w6-09c209d5542420b9fb09a3ca365f3a36 av_three_fifth  avia-builder-el-7  el_after_av_one_fifth  el_before_av_one_fifth  flex_column_div av-zero-column-padding  '     ><style type=\"text\/css\" data-created_by=\"avia_inline_auto\" id=\"style-css-av-1aryaja-14e040ff5e51909cb8cc7bc5a439ee84\">\n#top .av_textblock_section.av-1aryaja-14e040ff5e51909cb8cc7bc5a439ee84 .avia_textblock{\nfont-size:14px;\n}\n<\/style>\n<section  class='av_textblock_section av-1aryaja-14e040ff5e51909cb8cc7bc5a439ee84 '   itemscope=\"itemscope\" itemtype=\"https:\/\/schema.org\/CreativeWork\" ><div class='avia_textblock'  itemprop=\"text\" ><h3 data-start=\"273\" data-end=\"344\"><strong data-start=\"279\" data-end=\"344\">Appel \u00e0 b\u00e9n\u00e9voles \u2013 Rejoignez le mouvement Transeuropa 25<\/strong><\/h3>\n<p data-start=\"175\" data-end=\"284\">Le festival Les Marges en Feu a besoin de vous !<\/p>\n<p data-start=\"286\" data-end=\"540\">Du 5 au 7 juin \u00e0 Paris, nous recherchons des b\u00e9n\u00e9voles pour :<br \/>\n\u2013 Accueillir les participant\u00b7es et les artistes<br data-start=\"363\" data-end=\"366\">\u2013 Aider les \u00e9quipes de traduction et de r\u00e9duction des risques<br data-start=\"410\" data-end=\"413\">\u2013 Soutenir les stands et les ateliers<br data-start=\"455\" data-end=\"458\">\u2013 Pr\u00e9parer les supports en amont<br data-start=\"499\" data-end=\"502\">\u2013 Prendre soin des intervenant\u00b7es<\/p>\n<p data-start=\"286\" data-end=\"540\">Les cr\u00e9neaux durent 2h et votre aide est pr\u00e9cieuse.<\/p>\n<p data-start=\"286\" data-end=\"540\"><strong>Les b\u00e9n\u00e9voles auront une entr\u00e9e gratuite \u00e0 la soir\u00e9e du vendredi, repas &amp; boissons pendant leurs shifts, et un certificat officiel de participation.<\/strong><\/p>\n<p data-start=\"729\" data-end=\"780\">Int\u00e9ress\u00e9\u00b7e ? Remplissez le formulaire de b\u00e9n\u00e9volat <span style=\"text-decoration: underline;\"><strong><span style=\"color: #ff0000;\"><a style=\"color: #ff0000; text-decoration: underline;\" href=\"https:\/\/docs.google.com\/forms\/d\/e\/1FAIpQLSfSncDCHym0kRoGZupEhYj_KmSZY9vXPWGO-dU8equABhdHiQ\/viewform?usp=dialog\">ICI<\/a><\/span><\/strong><\/span><\/p>\n<p class=\"\" data-start=\"1643\" data-end=\"1755\">Merci d&#8217;envoyer un mail \u00e0 <a href=\"mailto:n.clot@euroalter.com\">n.clot@euroalter.com<\/a> apr\u00e8s avoir rempli le formulaire !<\/p>\n<h3 data-start=\"273\" data-end=\"344\"><strong data-start=\"279\" data-end=\"344\">Avis sur la captation photo &amp; vid\u00e9o<\/strong><\/h3>\n<p>En participant au Festival Transeuropa, vous acceptez d\u2019\u00eatre photographi\u00e9\u00b7e ou film\u00e9\u00b7e. Votre pr\u00e9sence implique votre consentement \u00e0 l&#8217;utilisation de votre image \u00e0 des fins de communication ou d\u2019archives. Cliquez <a href=\"https:\/\/euroalter.com\/privacy-policy\/\"><span style=\"text-decoration: underline;\">ici<\/span><\/a> pour consulter notre politique de confidentialit\u00e9.  <\/p>\n<h3 data-start=\"273\" data-end=\"344\"><strong data-start=\"279\" data-end=\"344\">Inscription<\/strong><\/h3>\n<p>Certains \u00e9v\u00e9nements n\u00e9cessitent une inscription. Vous trouverez les liens d&#8217;inscription directement dans le <a href=\"https:\/\/transeuropafestival.eu\/fr\/programme\/\"><span style=\"text-decoration: underline;\">programme<\/span><\/a>, sous chaque \u00e9v\u00e9nement. <\/p>\n<h3 data-start=\"273\" data-end=\"344\"><strong data-start=\"279\" data-end=\"344\">Newsletter<\/strong><\/h3>\n<p>Pour ne rien manquer, <a href=\"https:\/\/euroalter.com\/subscribe-to-our-newsletter\/\"><span style=\"text-decoration: underline;\"><strong data-start=\"291\" data-end=\"322\">abonnez-vous \u00e0 notre newsletter<\/strong><\/span><\/a> et recevez toutes les actus du Festival Transeuropa !<\/p>\n<\/div><\/section><\/div>\n<style type=\"text\/css\" data-created_by=\"avia_inline_auto\" id=\"style-css-av-19s2a6u-1e0d7f759fc616ebdf0dfcc934214f8f\">\n.flex_column.av-19s2a6u-1e0d7f759fc616ebdf0dfcc934214f8f{\nborder-radius:0px 0px 0px 0px;\npadding:0px 0px 0px 0px;\n}\n<\/style>\n<div  class='flex_column av-19s2a6u-1e0d7f759fc616ebdf0dfcc934214f8f av_one_fifth  avia-builder-el-9  el_after_av_three_fifth  avia-builder-el-last  flex_column_div av-zero-column-padding  '     ><\/div><\/div><\/div><\/div><!-- close content main div --><\/div><\/div><div id='av_section_3'  class='avia-section av-7aegae-3eac1a89e1e3e67fc6d00f55f223b90d main_color avia-section-small avia-no-border-styling  avia-builder-el-10  el_after_av_section  avia-builder-el-last  avia-bg-style-scroll container_wrap sidebar_right'  ><div class='container av-section-cont-open' ><div class='template-page content  av-content-small alpha units'><div class='post-entry post-entry-type-page post-entry-18560'><div class='entry-content-wrapper clearfix'>\n\n<style type=\"text\/css\" data-created_by=\"avia_inline_auto\" id=\"style-css-av-5hhzmu-e29e183b33c35cb967eb8814874ac2a2\">\n.flex_column.av-5hhzmu-e29e183b33c35cb967eb8814874ac2a2{\nborder-radius:0px 0px 0px 0px;\npadding:0px 0px 0px 0px;\n}\n<\/style>\n<div  class='flex_column av-5hhzmu-e29e183b33c35cb967eb8814874ac2a2 av_one_fifth  avia-builder-el-11  el_before_av_three_fifth  avia-builder-el-first  first flex_column_div av-zero-column-padding  '     ><\/div>\n<style type=\"text\/css\" data-created_by=\"avia_inline_auto\" id=\"style-css-av-4k2pqe-c12d8074c66cd30bfda82f1990c4d26b\">\n.flex_column.av-4k2pqe-c12d8074c66cd30bfda82f1990c4d26b{\nborder-radius:0px 0px 0px 0px;\npadding:0px 0px 0px 0px;\n}\n<\/style>\n<div  class='flex_column av-4k2pqe-c12d8074c66cd30bfda82f1990c4d26b av_three_fifth  avia-builder-el-12  el_after_av_one_fifth  el_before_av_one_fifth  flex_column_div av-zero-column-padding  '     ><\/div>\n<style type=\"text\/css\" data-created_by=\"avia_inline_auto\" id=\"style-css-av-2c0cau-41be564f73bf63811caad242fc5cfde2\">\n.flex_column.av-2c0cau-41be564f73bf63811caad242fc5cfde2{\nborder-radius:0px 0px 0px 0px;\npadding:0px 0px 0px 0px;\n}\n<\/style>\n<div  class='flex_column av-2c0cau-41be564f73bf63811caad242fc5cfde2 av_one_fifth  avia-builder-el-13  el_after_av_three_fifth  avia-builder-el-last  flex_column_div av-zero-column-padding  '     ><\/div>\n<\/div><\/div><\/div><!-- close content main div --><\/div><\/div><div id='after_section_3'  class='main_color av_default_container_wrap container_wrap sidebar_right'  ><div class='container av-section-cont-open' ><div class='template-page content  av-content-small alpha units'><div class='post-entry post-entry-type-page post-entry-18560'><div class='entry-content-wrapper clearfix'><\/p>\n","protected":false},"excerpt":{"rendered":"","protected":false},"author":1,"featured_media":0,"parent":0,"menu_order":0,"comment_status":"closed","ping_status":"closed","template":"","meta":{"footnotes":""},"class_list":["post-18560","page","type-page","status-publish","hentry"],"_links":{"self":[{"href":"https:\/\/transeuropafestival.eu\/fr\/wp-json\/wp\/v2\/pages\/18560","targetHints":{"allow":["GET"]}}],"collection":[{"href":"https:\/\/transeuropafestival.eu\/fr\/wp-json\/wp\/v2\/pages"}],"about":[{"href":"https:\/\/transeuropafestival.eu\/fr\/wp-json\/wp\/v2\/types\/page"}],"author":[{"embeddable":true,"href":"https:\/\/transeuropafestival.eu\/fr\/wp-json\/wp\/v2\/users\/1"}],"replies":[{"embeddable":true,"href":"https:\/\/transeuropafestival.eu\/fr\/wp-json\/wp\/v2\/comments?post=18560"}],"version-history":[{"count":29,"href":"https:\/\/transeuropafestival.eu\/fr\/wp-json\/wp\/v2\/pages\/18560\/revisions"}],"predecessor-version":[{"id":19651,"href":"https:\/\/transeuropafestival.eu\/fr\/wp-json\/wp\/v2\/pages\/18560\/revisions\/19651"}],"wp:attachment":[{"href":"https:\/\/transeuropafestival.eu\/fr\/wp-json\/wp\/v2\/media?parent=18560"}],"curies":[{"name":"wp","href":"https:\/\/api.w.org\/{rel}","templated":true}]}}