{"id":18565,"date":"2025-04-17T17:44:44","date_gmt":"2025-04-17T17:44:44","guid":{"rendered":"https:\/\/transeuropafestival.eu\/programme\/"},"modified":"2025-06-07T13:07:30","modified_gmt":"2025-06-07T13:07:30","slug":"programme","status":"publish","type":"page","link":"https:\/\/transeuropafestival.eu\/fr\/programme\/","title":{"rendered":"Programme"},"content":{"rendered":"\n<style type=\"text\/css\" data-created_by=\"avia_inline_auto\" id=\"style-css-av-f7jkns-6dccd5d81b0f5775b48b625e021f61bb\">\n.avia-section.av-f7jkns-6dccd5d81b0f5775b48b625e021f61bb .av-parallax .av-parallax-inner{\nbackground-repeat:no-repeat;\nbackground-image:url(https:\/\/transeuropafestival.eu\/wp-content\/uploads\/2025\/04\/Back_Purple.png);\nbackground-position:50% 50%;\nbackground-attachment:scroll;\n}\n.avia-section.av-f7jkns-6dccd5d81b0f5775b48b625e021f61bb .av-section-color-overlay{\nopacity:0.5;\nbackground-color:#35383c;\n}\n<\/style>\n<div id='av_section_1'  class='avia-section av-f7jkns-6dccd5d81b0f5775b48b625e021f61bb main_color avia-section-huge avia-no-border-styling  avia-builder-el-0  el_before_av_section  avia-builder-el-first  avia-full-stretch av-parallax-section avia-bg-style-parallax av-section-color-overlay-active container_wrap sidebar_right'  data-section-bg-repeat='stretch'><div class='av-parallax' data-avia-parallax-ratio='0.3' ><div class='av-parallax-inner main_color avia-full-stretch'><\/div><\/div><div class=\"av-section-color-overlay-wrap\"><div class=\"av-section-color-overlay\"><\/div><div class='container av-section-cont-open' ><main  role=\"main\" itemprop=\"mainContentOfPage\"  class='template-page content  av-content-small alpha units'><div class='post-entry post-entry-type-page post-entry-18565'><div class='entry-content-wrapper clearfix'>\n\n<style type=\"text\/css\" data-created_by=\"avia_inline_auto\" id=\"style-css-av-djg2uw-ae92ec4dbe4498142741b42e08bf281c\">\n.flex_column.av-djg2uw-ae92ec4dbe4498142741b42e08bf281c{\nborder-radius:0px 0px 0px 0px;\npadding:0px 0px 0px 0px;\n}\n<\/style>\n<div  class='flex_column av-djg2uw-ae92ec4dbe4498142741b42e08bf281c av_one_fifth  avia-builder-el-1  el_before_av_three_fifth  avia-builder-el-first  first flex_column_div av-zero-column-padding  '     ><\/div>\n<style type=\"text\/css\" data-created_by=\"avia_inline_auto\" id=\"style-css-av-cenghk-384b7eadd982e022750a00d2d4e364a8\">\n.flex_column.av-cenghk-384b7eadd982e022750a00d2d4e364a8{\nborder-radius:0px 0px 0px 0px;\npadding:0px 0px 0px 0px;\n}\n<\/style>\n<div  class='flex_column av-cenghk-384b7eadd982e022750a00d2d4e364a8 av_three_fifth  avia-builder-el-2  el_after_av_one_fifth  el_before_av_one_fifth  flex_column_div av-zero-column-padding  '     ><style type=\"text\/css\" data-created_by=\"avia_inline_auto\" id=\"style-css-av-62g0bc-6438cefb50c4563fb814bf4d7653e177\">\n#top .av-special-heading.av-62g0bc-6438cefb50c4563fb814bf4d7653e177{\npadding-bottom:20px;\ncolor:#ffffff;\nfont-size:40px;\n}\nbody .av-special-heading.av-62g0bc-6438cefb50c4563fb814bf4d7653e177 .av-special-heading-tag .heading-char{\nfont-size:25px;\n}\n#top #wrap_all .av-special-heading.av-62g0bc-6438cefb50c4563fb814bf4d7653e177 .av-special-heading-tag{\nfont-size:40px;\n}\n.av-special-heading.av-62g0bc-6438cefb50c4563fb814bf4d7653e177 .special-heading-inner-border{\nborder-color:#ffffff;\n}\n.av-special-heading.av-62g0bc-6438cefb50c4563fb814bf4d7653e177 .av-subheading{\nfont-size:15px;\n}\n\n@media only screen and (min-width: 480px) and (max-width: 767px){ \n#top #wrap_all .av-special-heading.av-62g0bc-6438cefb50c4563fb814bf4d7653e177 .av-special-heading-tag{\nfont-size:0.8em;\n}\n}\n\n@media only screen and (max-width: 479px){ \n#top #wrap_all .av-special-heading.av-62g0bc-6438cefb50c4563fb814bf4d7653e177 .av-special-heading-tag{\nfont-size:0.8em;\n}\n}\n<\/style>\n<div  class='av-special-heading av-62g0bc-6438cefb50c4563fb814bf4d7653e177 av-special-heading-h1 custom-color-heading blockquote modern-quote modern-centered  avia-builder-el-3  avia-builder-el-no-sibling  av-inherit-size'><h1 class='av-special-heading-tag'  itemprop=\"headline\"  >Programme <\/h1><div class=\"special-heading-border\"><div class=\"special-heading-inner-border\"><\/div><\/div><\/div><\/div>\n<style type=\"text\/css\" data-created_by=\"avia_inline_auto\" id=\"style-css-av-6vxlwo-69b0a0bce332093e9f4c16efb2c905ab\">\n.flex_column.av-6vxlwo-69b0a0bce332093e9f4c16efb2c905ab{\nborder-radius:0px 0px 0px 0px;\npadding:0px 0px 0px 0px;\n}\n<\/style>\n<div  class='flex_column av-6vxlwo-69b0a0bce332093e9f4c16efb2c905ab av_one_fifth  avia-builder-el-4  el_after_av_three_fifth  avia-builder-el-last  flex_column_div av-zero-column-padding  '     ><\/div>\n\n<\/div><\/div><\/main><!-- close content main element --><\/div><\/div><\/div><div id='av_section_2'  class='avia-section av-4111pk-56e27dc60f84aefb22cab53fc91f51c0 main_color avia-section-default avia-no-border-styling  avia-builder-el-5  el_after_av_section  el_before_av_section  avia-bg-style-scroll container_wrap sidebar_right'  ><div class='container av-section-cont-open' ><div class='template-page content  av-content-small alpha units'><div class='post-entry post-entry-type-page post-entry-18565'><div class='entry-content-wrapper clearfix'>\n<\/div><\/div><\/div><!-- close content main div --><\/div><\/div><div id='av_section_3'  class='avia-section av-69ezt4-74e80025f290273813b197182c532113 main_color avia-section-small avia-no-border-styling  avia-builder-el-6  el_after_av_section  avia-builder-el-last  avia-bg-style-scroll container_wrap sidebar_right'  ><div class='container av-section-cont-open' ><div class='template-page content  av-content-small alpha units'><div class='post-entry post-entry-type-page post-entry-18565'><div class='entry-content-wrapper clearfix'>\n\n<style type=\"text\/css\" data-created_by=\"avia_inline_auto\" id=\"style-css-av-48xwc8-c1bb824c0d0e9eec98d3aec99b056994\">\n.flex_column.av-48xwc8-c1bb824c0d0e9eec98d3aec99b056994{\nborder-radius:0px 0px 0px 0px;\npadding:0px 0px 0px 0px;\n}\n<\/style>\n<div  class='flex_column av-48xwc8-c1bb824c0d0e9eec98d3aec99b056994 av_one_full  avia-builder-el-7  avia-builder-el-no-sibling  first flex_column_div av-zero-column-padding  '     ><section  class='av_textblock_section av-2qt60o-ee02be8124192a914cc1e38ab43e7d48 '   itemscope=\"itemscope\" itemtype=\"https:\/\/schema.org\/CreativeWork\" ><div class='avia_textblock av_inherit_color'  itemprop=\"text\" ><h2><span style=\"color: #b51d1d;\">PROGRAMME<\/span><\/h2>\n<p><strong><em><span style=\"color: #b51d1d;\">T\u00c9L\u00c9CHARGEZ LA VERSION PDF <a href=\"https:\/\/transeuropafestival.eu\/wp-content\/uploads\/2025\/06\/ProgrammeA4_FR.pdf\">ICI<\/a><\/span><\/em><\/strong><\/p>\n<p><strong><em><span style=\"color: #b51d1d;\">Pour en savoir plus sur les diff\u00e9rents \u00e9v\u00e8nements (description, lieu, horaires, langues, participants, etc.), veuillez cliquer sur les hyperliens associ\u00e9s !<\/span><\/em><\/strong><\/p>\n<h3><span style=\"color: #7d0f7d;\">JEUDI 5 JUIN<\/span><\/h3>\n<p><strong>20.00 \u2013 22.00 | Projection &#8211; d\u00e9bat<em> &#8211; \u00ab <\/em><\/strong><em><strong><a href=\"https:\/\/transeuropafestival.eu\/fr\/projection-debat-la-revolte-des-femmes-de-chambre\/\">La R\u00e9volte des Femmes de Chambre<\/a> \u00bb <\/strong><\/em><strong>| <\/strong>Lieu : Cin\u00e9ma L&#8217;\u00c9cran | BILLETTERIE <span style=\"color: #7d0f7d;\"><a style=\"color: #7d0f7d;\" href=\"https:\/\/www.ticketingcine.fr\/index.php?lang=fr&amp;ids=35992&amp;nc=0907\"><strong>ICI<\/strong><\/a><\/span><\/p>\n<h3><span style=\"color: #7d0f7d;\"><b>VENDREDI 6 JUIN <\/b><\/span><\/h3>\n<p><strong>15.00 \u2013 17.00 | Table ronde <em>&#8211; \u00ab <a href=\"https:\/\/transeuropafestival.eu\/fr\/table-ronde-resister-au-backlash-soutenir-les-strategies-feministes-face-aux-mouvements-anti-genre-en-france-et-en-europe\/\">R\u00e9sister au backlash : Strat\u00e9gies f\u00e9ministes contre les mouvements anti-genre en France et en Europe<\/a> \u00bb<\/em> | <\/strong>Lieu : L&#8217;Acad\u00e9mie du Climat | INSCRIPTION <span style=\"color: #7d0f7d;\"><a style=\"color: #7d0f7d;\" href=\"https:\/\/www.helloasso.com\/associations\/alternatives-europeennes\/evenements\/transeuropa-festival-table-ronde-resister-au-backlash\"><strong>ICI<\/strong><\/a><\/span><\/p>\n<p><strong>17.30 \u2013 5.00 | <a href=\"https:\/\/transeuropafestival.eu\/fr\/cyber-witch\/\">Cyber Witch<\/a><\/strong> <strong>| <\/strong>Lieu : Point \u00c9ph\u00e9m\u00e8re<\/p>\n<h3><span style=\"color: #7d0f7d;\"><span style=\"caret-color: #7d0f7d;\">SAMEDI 7 JUIN<\/span><\/span><\/h3>\n<p><strong><em><span style=\"color: #b51d1d;\">Une journ\u00e9e d\u2019ateliers et de d\u00e9bats, avec des intervenant.e.s venu.e.s de toute l\u2019Europe, se concluant sur une Assembl\u00e9e pl\u00e9ni\u00e8re, suivie d\u2019une soir\u00e9e de performances <span style=\"caret-color: #b51d1d;\">artistiques<\/span> f\u00e9ministes dans le cadre de la Nuit Blanche. Un bar, une cantine et une garderie pour les enfants seront disponibles sur place (sur inscription, contribution demand\u00e9e). Les tables rondes et les ateliers qui auront lieu l&#8217;apr\u00e8s-midi viendront nourrir l\u2019Assembl\u00e9e pl\u00e9ni\u00e8re en fin de journ\u00e9e, qui permettra d\u2019entrecroiser les diff\u00e9rents aspects trait\u00e9s lors de la journ\u00e9e, dans une perspective de pens\u00e9e et <\/p>\n<p>   <\/span><\/em><span style=\"color: #b51d1d;\"><span style=\"caret-color: #b51d1d;\"><i>d\u2019action commune. Tous les \u00e9v\u00e8nements sont gratuits et ouverts \u00e0 tous.tes, mais les inscriptions sont obligatoires pour les ateliers (sauf pour <span style=\"text-decoration: underline;\">un<\/span>, voir ci-dessous). Inscription sur place possible s\u2019il reste des places.   <\/i><\/span><\/span><\/strong><\/p>\n<p><strong><span style=\"color: #b51d1d;\"><em>Bar &#8211; 14.00 &#8211; 1.30 <\/em><\/span><\/strong><\/p>\n<p><strong><span style=\"color: #b51d1d;\"><em>Cantine &#8211; 1er service : 12.00 &#8211; 14.00 &amp; 2e service : 19.30 &#8211; 21.30<\/em><\/span><\/strong><\/p>\n<h3><span style=\"color: #800080;\"><strong>ATELIERS<\/strong><\/span><\/h3>\n<p><strong><em><span style=\"color: #b51d1d;\">Lieu : Les Arches Citoyennes<\/span><\/em><\/strong><\/p>\n<p><strong>10.30 \u2013 12.30 | Atelier &#8211; <a href=\"https:\/\/transeuropafestival.eu\/fr\/atelier-parentalites-marginalisees-defendre-les-droits-de-la-famille-a-lechelle-europeenne\/\"><em>\u00ab Parents marginalis\u00e9s : <b>D\u00e9fendre les droits de la famille au niveau europ\u00e9en \u00bb<\/b><\/em><\/a> | <\/strong>CET ATELIER N&#8217;EST PAS OUVERT AU PUBLIC<\/p>\n<p><strong>10.30 \u2013 12.30 | Atelier anim\u00e9 par F\u00e9ministes contre le cyberharc\u00e8lement &#8211; <em>\u00ab <a href=\"https:\/\/transeuropafestival.eu\/fr\/atelier-par-feministes-contre-le-cyberharcelement-cyberviolences-de-genre-mieux-les-comprendre-pour-mieux-y-resister\/\">Cyberviolences de genre : Mieux les comprendre pour mieux y r\u00e9sister<\/a> \u00bb<\/em> | <\/strong>INSCRIPTION <span style=\"color: #7d0f7d;\"><a style=\"color: #7d0f7d;\" href=\"https:\/\/www.helloasso.com\/associations\/alternatives-europeennes\/evenements\/atelier-cyberviolences-de-genre-mieux-les-comprendre-pour-mieux-y-resister\"><strong>ICI<\/strong><\/a><\/span><\/p>\n<p><strong>11.00 \u2013 12.30 | Atelier anim\u00e9 par Georgette Sand &#8211; <em>\u00ab <a href=\"https:\/\/transeuropafestival.eu\/fr\/atelier-par-georgette-sand-empowermeuf%ef%b8%8f-renforcer-son-auto-defense-verbale\/?preview=true\">EMPOWERMEUF\u2122\ufe0f : Renforcer son auto-d\u00e9fense verbale<\/a> \u00bb<\/em> |<\/strong> INSCRIPTION <span style=\"color: #7d0f7d;\"><a style=\"color: #7d0f7d;\" href=\"https:\/\/www.helloasso.com\/associations\/alternatives-europeennes\/evenements\/atelier-par-georgette-sand-empowermeuf-renforcer-son-autodefense-verbale\"><strong>ICI<\/strong><\/a><\/span><\/p>\n<p><strong>12.45 \u2013 14.15 | Atelier (anti-raciste &amp; d\u00e9colonial) anim\u00e9 par Khlass les Clich\u00e9s<em> &#8211;<\/em> <em>\u00ab <a href=\"https:\/\/transeuropafestival.eu\/fr\/atelier-anti-raciste-decolonial-par-khlass-les-cliches-nos-ombres-partagees-deconstruire-les-discriminations-quon-porte\/\">Nos ombres partag\u00e9es : D\u00e9construire les discriminations qu&#8217;on porte \u00bb<\/a><\/em><\/strong><strong> | <\/strong>INSCRIPTION <span style=\"color: #7d0f7d;\"><a style=\"color: #7d0f7d;\" href=\"https:\/\/www.helloasso.com\/associations\/alternatives-europeennes\/evenements\/atelier-par-khlass-les-cliches-nos-ombres-partagees-deconstruire-les-discrim\"><strong>ICI<\/strong><\/a><\/span><\/p>\n<p><strong>14.30 \u2013 16.00 | Atelier anim\u00e9 par Le Planning Familial &#8211; <em>\u00ab <b><a href=\"https:\/\/transeuropafestival.eu\/fr\/atelier-par-le-planning-familial-sensibiliser-au-discours-anti-genre-pour-construire-une-riposte\/\">Sensibiliser au discours anti-genre pour construire une riposte \u00bb<\/a><\/b><\/em><\/strong><strong> | <\/strong>INSCRIPTION <span style=\"color: #7d0f7d;\"><a style=\"color: #7d0f7d;\" href=\"https:\/\/www.helloasso.com\/associations\/alternatives-europeennes\/evenements\/atelier-sensibiliser-au-discours-anti-genre-pour-construire-une-riposte\"><strong>ICI<\/strong><\/a><\/span><\/p>\n<p><strong>13.00 \u2013 15.00 | Atelier anim\u00e9 par Cr\u00e9atures Litt\u00e9raires et Costanza Chatellier &#8211; <em>\u00ab <a href=\"https:\/\/transeuropafestival.eu\/fr\/atelier-par-creatures-litteraires-et-costanza-chatellier-caviardages-atelier-decriture-et-de-dessin-doux-militant-et-queer\/\">Caviardages : atelier d&#8217;\u00e9criture et de dessin, doux, militant et queer<\/a> \u00bb<\/em><\/strong><strong> | <\/strong>INSCRIPTION <span style=\"color: #7d0f7d;\"><a style=\"color: #7d0f7d;\" href=\"https:\/\/docs.google.com\/forms\/d\/e\/1FAIpQLScsvD7M1OKNxb4JxKJu6dOfhjyV29UjauEkjp_MxMRNiOElSQ\/viewform?usp=dialog\"><strong>ICI<\/strong><\/a><\/span><\/p>\n<p><strong>16.15 \u2013 17.45 | Atelier anim\u00e9 par #NousToutes &#8211; <em>\u00ab <a href=\"https:\/\/transeuropafestival.eu\/fr\/atelier-par-noustoutes-violences-sexistes-et-sexuelles\/\">Violences sexistes et sexuelles<\/a> \u00bb <\/em><\/strong><strong>| <\/strong>INSCRIPTION <span style=\"color: #7d0f7d;\"><a style=\"color: #7d0f7d;\" href=\"https:\/\/www.helloasso.com\/associations\/alternatives-europeennes\/evenements\/atelier-par-noustoutes-violences-sexistes-et-sexuelles\"><strong>ICI<\/strong><\/a><\/span><\/p>\n<h3><span style=\"color: #800080;\"><strong>TABLES RONDES<\/strong><\/span><\/h3>\n<p><strong><span style=\"color: #b51d1d;\"><i>Les langues d\u2019intervention sont le fran\u00e7ais et l\u2019anglais, toutes les tables rondes seront interpr\u00e9t\u00e9es dans les deux langues.<\/i><\/span><\/strong><\/p>\n<p><strong><em><span style=\"color: #b51d1d;\">Lieu : Les Arches Citoyennes<\/span><\/em><\/strong><\/p>\n<p><strong>12.45 \u2013 14.15 | Table ronde <em> &#8211; \u00ab <a href=\"https:\/\/transeuropafestival.eu\/fr\/table-ronde-contre-informer-resister-exister-les-medias-au-coeur-de-la-bataille-contre-les-anti-genre\/\">Contre-informer, r\u00e9sister, exister : les m\u00e9dias au c\u0153ur de la bataille contre les anti-genre<\/a> \u00bb<\/em><\/strong><strong> | <\/strong>INSCRIPTION <span style=\"color: #7d0f7d;\"><a style=\"color: #7d0f7d;\" href=\"https:\/\/www.helloasso.com\/associations\/alternatives-europeennes\/evenements\/transeuropa-festival-table-ronde-medias\"><strong>ICI<\/strong><\/a><\/span><\/p>\n<p><strong>14.30 \u2013 16.00 | Table ronde &#8211; <em>\u00ab <a href=\"https:\/\/transeuropafestival.eu\/fr\/table-ronde-sante-et-precarite-inegalites-dans-lacces-aux-soins-et-aux-services-de-sante-en-europe-propositions-pour-une-sante-anti-sexiste-trans-inclusive-et-antiraciste\/?preview=true\">Sant\u00e9 et pr\u00e9carit\u00e9 : In\u00e9galit\u00e9s dans l&#8217;acc\u00e8s aux soins et aux services de sant\u00e9 en Europe : propositions pour des soins anti-sexistes, trans-inclusifs et anti-racistes<\/a> \u00bb<\/em><\/strong><strong> | <\/strong>INSCRIPTION <span style=\"color: #7d0f7d;\"><a style=\"color: #7d0f7d;\" href=\"https:\/\/www.helloasso.com\/associations\/alternatives-europeennes\/evenements\/transeuropa-festival-table-ronde-precarite-dans-la-sante\"><strong>ICI<\/strong><\/a><\/span><\/p>\n<p><strong>16.15 \u2013 17.45 | Table ronde &#8211; <em>\u00ab <a href=\"https:\/\/transeuropafestival.eu\/fr\/table-ronde-feminismes-sous-attaque-democraties-en-jeu-resistances-noires-queer-et-decoloniales-face-au-backlash\/\">F\u00e9minismes sous attaque, d\u00e9mocraties en jeu : R\u00e9sistances noires, queer et d\u00e9coloniales face au backlash<\/a> \u00bb<\/em><\/strong><strong> | <\/strong>INSCRIPTION <span style=\"color: #7d0f7d;\"><a style=\"color: #7d0f7d;\" href=\"https:\/\/www.helloasso.com\/associations\/alternatives-europeennes\/evenements\/table-ronde-feminismes-sous-attaque-democraties-en-jeu\"><strong>ICI<\/strong><\/a><\/span><\/p>\n<p><strong>18.00 \u2013 19.30 | Assembl\u00e9e pl\u00e9ni\u00e8re &#8211; <em>\u00ab <a href=\"https:\/\/transeuropafestival.eu\/fr\/assemblee-pleniere-construire-le-mouvement-feministe-transnational-a-lere-des-attaques-anti-genre\/?preview=true\">Construire le mouvement f\u00e9ministe transnational \u00e0 l&#8217;\u00e8re des attaques anti-genre<\/a> \u00bb<\/em><\/strong><strong> | <\/strong>INSCRIPTION NON REQUISE<\/p>\n<p><strong><em><span style=\"color: #b51d1d;\">Lieu : L&#8217;Acad\u00e9mie du Climat<\/span><\/em><\/strong><\/p>\n<p><strong>15.00 \u2013 16.00 | Table ronde &#8211; <em>\u00ab <a href=\"https:\/\/transeuropafestival.eu\/fr\/table-ronde-tracer-dautres-futurs-pour-une-ecologie-feministe-populaire-et-decoloniale\/?preview=true\">Tracer d&#8217;autres futurs : pour une \u00e9cologie f\u00e9ministe populaire et d\u00e9coloniale<\/a> \u00bb <\/em><\/strong><strong>| <\/strong>INSCRIPTION <span style=\"color: #7d0f7d;\"><a style=\"color: #7d0f7d;\" href=\"https:\/\/www.helloasso.com\/associations\/alternatives-europeennes\/evenements\/transeuropa-festival-table-ronde-briser-l-ordre-extractiviste\"><strong>ICI<\/strong><\/a><\/span><\/p>\n<h3><span style=\"color: #800080;\"><strong>NUIT BLANCHE<\/strong><\/span><\/h3>\n<p><strong><em><span style=\"color: #b51d1d;\">Lieu : Les Arches Citoyennes<\/span><\/em><\/strong><\/p>\n<p><strong>20.30 \u2013 1.30 | <a href=\"https:\/\/transeuropafestival.eu\/fr\/nuit-blanche\/\">Nuit Blanche<\/a> (Programme artistique f\u00e9ministe)<\/strong><strong> <\/strong><\/p>\n<p><strong><span style=\"color: #b51d1d;\"><em>Autres informations :<\/em><\/span><\/strong><\/p>\n<p><strong><span style=\"color: #b51d1d;\"><em>Lieu : Les Arches Citoyennes<\/em><\/span><\/strong><\/p>\n<p><strong>12.30 \u2013 19.30 | Stands associatifs <\/strong><\/p>\n<p><strong>10.30 \u2013 19.30 | Espace enfants<\/strong><strong> avec La Fabrique de l&#8217;Intime (Association) <\/strong>| INSCRIPTION <span style=\"color: #7d0f7d;\"><a style=\"color: #7d0f7d;\" href=\"https:\/\/www.helloasso.com\/associations\/alternatives-europeennes\/evenements\/espace-enfants\"><strong>ICI<\/strong><\/a><\/span><\/p>\n<p><strong>14.00 \u2013 00.00 | March\u00e9 d&#8217;art<\/strong><\/p>\n<p><strong>16.00 \u2013 21.00 | Stand de maquillage (Th\u00e8me: FEU) <\/strong><\/p>\n<h3><span style=\"color: #7d0f7d;\"><span style=\"caret-color: #7d0f7d;\">DIMANCHE 8 JUIN<\/span><\/span><\/h3>\n<p><em><span style=\"color: #910606;\"><strong>Le Festival Les Marges en Feu s\u2019associe avec NousToutes93 pour un programme \u00e0 Saint-Denis. <\/strong><\/span><\/em><\/p>\n<p><strong>13.00 \u2013 22.00 | Transeuropa x NousToutes 93 Antiraciste<\/strong><strong> | <\/strong>PLUS DE D\u00c9TAILS <a href=\"https:\/\/transeuropafestival.eu\/fr\/festival-a-saint-denis\/?preview=true\"><span style=\"color: #7d0f7d;\"><strong>ICI<\/strong><\/span><\/a><\/p>\n<h3><span style=\"color: #7d0f7d;\"><span style=\"caret-color: #7d0f7d;\">\u00c9V\u00c8NEMENT BONUS : LUNDI 9 JUIN<\/span><\/span><\/h3>\n<p><strong>16.00 \u2013 23.00 | LIBERT\u00c9, AMOUR <\/strong><strong> | <\/strong>PLUS DE D\u00c9TAILS <a href=\"https:\/\/transeuropafestival.eu\/fr\/liberte-amour\/?preview=true\"><span style=\"color: #7d0f7d;\"><strong>ICI<\/strong><\/span><\/a><\/p>\n<\/div><\/section><\/div><\/div><\/div><\/div><!-- close content main div --><\/div><\/div><div id='after_section_3'  class='main_color av_default_container_wrap container_wrap sidebar_right'  ><div class='container av-section-cont-open' ><div class='template-page content  av-content-small alpha units'><div class='post-entry post-entry-type-page post-entry-18565'><div class='entry-content-wrapper clearfix'>\n","protected":false},"excerpt":{"rendered":"","protected":false},"author":1,"featured_media":0,"parent":0,"menu_order":0,"comment_status":"closed","ping_status":"closed","template":"tpl-programa.php","meta":{"footnotes":""},"class_list":["post-18565","page","type-page","status-publish","hentry"],"_links":{"self":[{"href":"https:\/\/transeuropafestival.eu\/fr\/wp-json\/wp\/v2\/pages\/18565","targetHints":{"allow":["GET"]}}],"collection":[{"href":"https:\/\/transeuropafestival.eu\/fr\/wp-json\/wp\/v2\/pages"}],"about":[{"href":"https:\/\/transeuropafestival.eu\/fr\/wp-json\/wp\/v2\/types\/page"}],"author":[{"embeddable":true,"href":"https:\/\/transeuropafestival.eu\/fr\/wp-json\/wp\/v2\/users\/1"}],"replies":[{"embeddable":true,"href":"https:\/\/transeuropafestival.eu\/fr\/wp-json\/wp\/v2\/comments?post=18565"}],"version-history":[{"count":42,"href":"https:\/\/transeuropafestival.eu\/fr\/wp-json\/wp\/v2\/pages\/18565\/revisions"}],"predecessor-version":[{"id":19876,"href":"https:\/\/transeuropafestival.eu\/fr\/wp-json\/wp\/v2\/pages\/18565\/revisions\/19876"}],"wp:attachment":[{"href":"https:\/\/transeuropafestival.eu\/fr\/wp-json\/wp\/v2\/media?parent=18565"}],"curies":[{"name":"wp","href":"https:\/\/api.w.org\/{rel}","templated":true}]}}