{"id":18701,"date":"2025-04-18T12:00:23","date_gmt":"2025-04-18T12:00:23","guid":{"rendered":"https:\/\/transeuropafestival.eu\/lieux\/"},"modified":"2025-05-19T13:33:49","modified_gmt":"2025-05-19T13:33:49","slug":"lieux","status":"publish","type":"page","link":"https:\/\/transeuropafestival.eu\/fr\/lieux\/","title":{"rendered":"LIEUX"},"content":{"rendered":"\n<style type=\"text\/css\" data-created_by=\"avia_inline_auto\" id=\"style-css-av-jxoi6fff-00e02b0fca3329429d5d78b2a1c8371e\">\n.avia-section.av-jxoi6fff-00e02b0fca3329429d5d78b2a1c8371e .av-parallax .av-parallax-inner{\nbackground-repeat:no-repeat;\nbackground-image:url(https:\/\/transeuropafestival.eu\/wp-content\/uploads\/2025\/04\/Back_Red.png);\nbackground-position:50% 50%;\nbackground-attachment:scroll;\n}\n.avia-section.av-jxoi6fff-00e02b0fca3329429d5d78b2a1c8371e .av-section-color-overlay{\nopacity:0.5;\nbackground-color:#35383c;\n}\n<\/style>\n<div id='eventheader'  class='avia-section av-jxoi6fff-00e02b0fca3329429d5d78b2a1c8371e main_color avia-section-huge avia-no-border-styling  avia-builder-el-0  el_before_av_section  avia-builder-el-first  avia-full-stretch av-parallax-section avia-bg-style-parallax av-section-color-overlay-active container_wrap sidebar_right'  data-section-bg-repeat='stretch'><div class='av-parallax' data-avia-parallax-ratio='0.3' ><div class='av-parallax-inner main_color avia-full-stretch'><\/div><\/div><div class=\"av-section-color-overlay-wrap\"><div class=\"av-section-color-overlay\"><\/div><div class='container av-section-cont-open' ><main  role=\"main\" itemprop=\"mainContentOfPage\"  class='template-page content  av-content-small alpha units'><div class='post-entry post-entry-type-page post-entry-18701'><div class='entry-content-wrapper clearfix'>\n\n<style type=\"text\/css\" data-created_by=\"avia_inline_auto\" id=\"style-css-av-f7v90t-8aba9f88abcea050edbc1fc6d40d8240\">\n.flex_column.av-f7v90t-8aba9f88abcea050edbc1fc6d40d8240{\nborder-radius:0px 0px 0px 0px;\npadding:0px 0px 0px 0px;\n}\n<\/style>\n<div  class='flex_column av-f7v90t-8aba9f88abcea050edbc1fc6d40d8240 av_one_fifth  avia-builder-el-1  el_before_av_three_fifth  avia-builder-el-first  first flex_column_div av-zero-column-padding  '     ><\/div>\n<style type=\"text\/css\" data-created_by=\"avia_inline_auto\" id=\"style-css-av-e8s6cd-8f4bc224dd86e96b47eeb8f3bb608821\">\n.flex_column.av-e8s6cd-8f4bc224dd86e96b47eeb8f3bb608821{\nborder-radius:0px 0px 0px 0px;\npadding:0px 0px 0px 0px;\n}\n<\/style>\n<div  class='flex_column av-e8s6cd-8f4bc224dd86e96b47eeb8f3bb608821 av_three_fifth  avia-builder-el-2  el_after_av_one_fifth  el_before_av_one_fifth  flex_column_div av-zero-column-padding  '     ><style type=\"text\/css\" data-created_by=\"avia_inline_auto\" id=\"style-css-av-jxoi01wo-55801122a2b22f7ebf4352c6279d6f52\">\n#top .av-special-heading.av-jxoi01wo-55801122a2b22f7ebf4352c6279d6f52{\npadding-bottom:19px;\ncolor:#ffffff;\nfont-size:40px;\n}\nbody .av-special-heading.av-jxoi01wo-55801122a2b22f7ebf4352c6279d6f52 .av-special-heading-tag .heading-char{\nfont-size:25px;\n}\n#top #wrap_all .av-special-heading.av-jxoi01wo-55801122a2b22f7ebf4352c6279d6f52 .av-special-heading-tag{\nfont-size:40px;\n}\n.av-special-heading.av-jxoi01wo-55801122a2b22f7ebf4352c6279d6f52 .special-heading-inner-border{\nborder-color:#ffffff;\n}\n.av-special-heading.av-jxoi01wo-55801122a2b22f7ebf4352c6279d6f52 .av-subheading{\nfont-size:15px;\n}\n\n@media only screen and (min-width: 480px) and (max-width: 767px){ \n#top #wrap_all .av-special-heading.av-jxoi01wo-55801122a2b22f7ebf4352c6279d6f52 .av-special-heading-tag{\nfont-size:0.8em;\n}\n}\n\n@media only screen and (max-width: 479px){ \n#top #wrap_all .av-special-heading.av-jxoi01wo-55801122a2b22f7ebf4352c6279d6f52 .av-special-heading-tag{\nfont-size:0.8em;\n}\n}\n<\/style>\n<div  class='av-special-heading av-jxoi01wo-55801122a2b22f7ebf4352c6279d6f52 av-special-heading-h1 custom-color-heading blockquote modern-quote modern-centered  avia-builder-el-3  avia-builder-el-no-sibling  av-inherit-size'><h1 class='av-special-heading-tag'  itemprop=\"headline\"  >LIEUX<\/h1><div class=\"special-heading-border\"><div class=\"special-heading-inner-border\"><\/div><\/div><\/div><\/div>\n<style type=\"text\/css\" data-created_by=\"avia_inline_auto\" id=\"style-css-av-crsdsd-05165415a52699d294c4452bfae76f64\">\n.flex_column.av-crsdsd-05165415a52699d294c4452bfae76f64{\nborder-radius:0px 0px 0px 0px;\npadding:0px 0px 0px 0px;\n}\n<\/style>\n<div  class='flex_column av-crsdsd-05165415a52699d294c4452bfae76f64 av_one_fifth  avia-builder-el-4  el_after_av_three_fifth  avia-builder-el-last  flex_column_div av-zero-column-padding  '     ><\/div>\n\n<\/div><\/div><\/main><!-- close content main element --><\/div><\/div><\/div><div id='eventmodulespeaker'  class='avia-section av-8o2ivx-913f23fb067624d33fa0607ec0bb825e main_color avia-section-small avia-no-shadow  avia-builder-el-5  el_after_av_section  el_before_av_section  avia-bg-style-scroll container_wrap sidebar_right'  ><div class='container av-section-cont-open' ><div class='template-page content  av-content-small alpha units'><div class='post-entry post-entry-type-page post-entry-18701'><div class='entry-content-wrapper clearfix'>\n\n<style type=\"text\/css\" data-created_by=\"avia_inline_auto\" id=\"style-css-av-ma2d1xjh-1d2960aac801d2ce1e8adf84c5fb4d43\">\n#top .av-special-heading.av-ma2d1xjh-1d2960aac801d2ce1e8adf84c5fb4d43{\npadding-bottom:10px;\n}\nbody .av-special-heading.av-ma2d1xjh-1d2960aac801d2ce1e8adf84c5fb4d43 .av-special-heading-tag .heading-char{\nfont-size:25px;\n}\n.av-special-heading.av-ma2d1xjh-1d2960aac801d2ce1e8adf84c5fb4d43 .av-subheading{\nfont-size:15px;\n}\n<\/style>\n<div  class='av-special-heading av-ma2d1xjh-1d2960aac801d2ce1e8adf84c5fb4d43 av-special-heading-h2 blockquote classic-quote classic-quote-left  avia-builder-el-6  el_before_av_one_half  avia-builder-el-first '><h2 class='av-special-heading-tag'  itemprop=\"headline\"  >Les Arches Citoyennes<\/h2><div class=\"special-heading-border\"><div class=\"special-heading-inner-border\"><\/div><\/div><\/div>\n<div  class='flex_column av-42k8fh-740f34e868ae8c47790398df781236f2 av_one_half  avia-builder-el-7  el_after_av_heading  el_before_av_one_half  first flex_column_div  '     ><style type=\"text\/css\" data-created_by=\"avia_inline_auto\" id=\"style-css-av-macdfvn1-a9b1d7cd3b3969981bc833bc39a94ac8\">\n.avia-image-container.av-macdfvn1-a9b1d7cd3b3969981bc833bc39a94ac8 img.avia_image{\nbox-shadow:none;\n}\n.avia-image-container.av-macdfvn1-a9b1d7cd3b3969981bc833bc39a94ac8 .av-image-caption-overlay-center{\ncolor:#ffffff;\n}\n<\/style>\n<div  class='avia-image-container av-macdfvn1-a9b1d7cd3b3969981bc833bc39a94ac8 av-styling- avia-align-center  avia-builder-el-8  avia-builder-el-no-sibling '   itemprop=\"image\" itemscope=\"itemscope\" itemtype=\"https:\/\/schema.org\/ImageObject\" ><div class=\"avia-image-container-inner\"><div class=\"avia-image-overlay-wrap\"><img decoding=\"async\" class='wp-image-18813 avia-img-lazy-loading-not-18813 avia_image ' src=\"https:\/\/transeuropafestival.eu\/wp-content\/uploads\/2025\/04\/202304_LES-ARCHES-CITOYENNES_Copyright_Plateau-Urbain_Louise-Bothe.jpeg\" alt='' title='202304_LES ARCHES CITOYENNES_Copyright_Plateau Urbain_Louise Both\u00e9'  height=\"2049\" width=\"1536\"  itemprop=\"thumbnailUrl\" srcset=\"https:\/\/transeuropafestival.eu\/wp-content\/uploads\/2025\/04\/202304_LES-ARCHES-CITOYENNES_Copyright_Plateau-Urbain_Louise-Bothe.jpeg 1536w, https:\/\/transeuropafestival.eu\/wp-content\/uploads\/2025\/04\/202304_LES-ARCHES-CITOYENNES_Copyright_Plateau-Urbain_Louise-Bothe-225x300.jpeg 225w, https:\/\/transeuropafestival.eu\/wp-content\/uploads\/2025\/04\/202304_LES-ARCHES-CITOYENNES_Copyright_Plateau-Urbain_Louise-Bothe-772x1030.jpeg 772w, https:\/\/transeuropafestival.eu\/wp-content\/uploads\/2025\/04\/202304_LES-ARCHES-CITOYENNES_Copyright_Plateau-Urbain_Louise-Bothe-768x1025.jpeg 768w, https:\/\/transeuropafestival.eu\/wp-content\/uploads\/2025\/04\/202304_LES-ARCHES-CITOYENNES_Copyright_Plateau-Urbain_Louise-Bothe-1151x1536.jpeg 1151w, https:\/\/transeuropafestival.eu\/wp-content\/uploads\/2025\/04\/202304_LES-ARCHES-CITOYENNES_Copyright_Plateau-Urbain_Louise-Bothe-1124x1500.jpeg 1124w, https:\/\/transeuropafestival.eu\/wp-content\/uploads\/2025\/04\/202304_LES-ARCHES-CITOYENNES_Copyright_Plateau-Urbain_Louise-Bothe-528x705.jpeg 528w\" sizes=\"(max-width: 1536px) 100vw, 1536px\" \/><\/div><\/div><\/div><\/div><div  class='flex_column av-2wdgi5-9022818567b8ac6ccfd8d8bda846c7eb av_one_half  avia-builder-el-9  el_after_av_one_half  el_before_av_textblock  flex_column_div  '     ><section  class='av_textblock_section av-macdbto8-229f59b7c7824b0bd7c88bdc49635f9e '   itemscope=\"itemscope\" itemtype=\"https:\/\/schema.org\/CreativeWork\" ><div class='avia_textblock'  itemprop=\"text\" ><p>Les Arches Citoyennes est un lieu de travail, de cr\u00e9ation, d&#8217;\u00e9changes et de rencontres. Pendant 18 mois, jusqu&#8217;\u00e0 l&#8217;\u00e9te 2024, pr\u00e8s de 450 associations, artistes, artisans et structures de l&#8217;\u00c9conomie Sociale et Solidaire occupent les 30 000m\u00b2 de l&#8217;ancien si\u00e8ge de l&#8217;APHP pour en faire un lieu accueillant. Une programmation ouverte \u00e0 toustes, plurielle et conviviale anime et m\u00e9tamorphose le lieu au gr\u00e9 des propositions.<\/p>\n<\/div><\/section><\/div>\n<style type=\"text\/css\" data-created_by=\"avia_inline_auto\" id=\"style-css-av-macdgpbo-1452be5f5b6dcae6ce8f4f6c0e13a84f\">\n#top .av_textblock_section.av-macdgpbo-1452be5f5b6dcae6ce8f4f6c0e13a84f .avia_textblock{\ntext-align:center;\n}\n<\/style>\n<section  class='av_textblock_section av-macdgpbo-1452be5f5b6dcae6ce8f4f6c0e13a84f '   itemscope=\"itemscope\" itemtype=\"https:\/\/schema.org\/CreativeWork\" ><div class='avia_textblock'  itemprop=\"text\" ><p style=\"text-align: center;\"><iframe loading=\"lazy\" style=\"border: 0;\" src=\"https:\/\/www.google.com\/maps\/embed?pb=!1m18!1m12!1m3!1d5250.177972027474!2d2.3480905117852733!3d48.856513500719394!2m3!1f0!2f0!3f0!3m2!1i1024!2i768!4f13.1!3m3!1m2!1s0x47e66e1dfa7a75db%3A0xae8ddf8dab0bc4ae!2s3%20Pl.%20de%20l'H%C3%B4tel%20de%20Ville%2C%2075004%20Paris!5e0!3m2!1sen!2sfr!4v1746527630653!5m2!1sen!2sfr\" width=\"600\" height=\"450\" allowfullscreen=\"allowfullscreen\"><\/iframe><\/p>\n<\/div><\/section>\n\n<style type=\"text\/css\" data-created_by=\"avia_inline_auto\" id=\"style-css-av-macc2ipo-74eea8659df5d35302a8f79ad8baffde\">\n#top .hr.av-macc2ipo-74eea8659df5d35302a8f79ad8baffde{\nmargin-top:30px;\nmargin-bottom:30px;\n}\n.hr.av-macc2ipo-74eea8659df5d35302a8f79ad8baffde .hr-inner{\nwidth:50px;\nborder-color:#000000;\n}\n<\/style>\n<div  class='hr av-macc2ipo-74eea8659df5d35302a8f79ad8baffde hr-custom  avia-builder-el-12  el_after_av_textblock  avia-builder-el-last  hr-left hr-icon-no'><span class='hr-inner inner-border-av-border-fat'><span class=\"hr-inner-style\"><\/span><\/span><\/div>\n<\/div><\/div><\/div><!-- close content main div --><\/div><\/div><div id='av_section_3'  class='avia-section av-72mu5p-eaeee01f829319b6325f730eb64ec883 main_color avia-section-default avia-no-border-styling  avia-builder-el-13  el_after_av_section  el_before_av_section  avia-bg-style-scroll container_wrap sidebar_right'  ><div class='container av-section-cont-open' ><div class='template-page content  av-content-small alpha units'><div class='post-entry post-entry-type-page post-entry-18701'><div class='entry-content-wrapper clearfix'>\n\n<style type=\"text\/css\" data-created_by=\"avia_inline_auto\" id=\"style-css-av-maccrsi5-546c20bcb50375b67c581d55c63ad316\">\n#top .av-special-heading.av-maccrsi5-546c20bcb50375b67c581d55c63ad316{\npadding-bottom:10px;\n}\nbody .av-special-heading.av-maccrsi5-546c20bcb50375b67c581d55c63ad316 .av-special-heading-tag .heading-char{\nfont-size:25px;\n}\n.av-special-heading.av-maccrsi5-546c20bcb50375b67c581d55c63ad316 .av-subheading{\nfont-size:15px;\n}\n<\/style>\n<div  class='av-special-heading av-maccrsi5-546c20bcb50375b67c581d55c63ad316 av-special-heading-h2 blockquote classic-quote classic-quote-right  avia-builder-el-14  el_before_av_one_half  avia-builder-el-first '><h2 class='av-special-heading-tag'  itemprop=\"headline\"  >Cin\u00e9ma l\u2019\u00c9cran<\/h2><div class=\"special-heading-border\"><div class=\"special-heading-inner-border\"><\/div><\/div><\/div>\n<div  class='flex_column av-3yjrt9-9c14a511f1f94aed0f9657b15c3c2714 av_one_half  avia-builder-el-15  el_after_av_heading  el_before_av_one_half  first flex_column_div  '     ><section  class='av_textblock_section av-maccvnlc-4930228f6862ef01f9dde6a9cebade95 '   itemscope=\"itemscope\" itemtype=\"https:\/\/schema.org\/CreativeWork\" ><div class='avia_textblock'  itemprop=\"text\" ><p>Cin\u00e9ma public de la Ville de Saint-Denis, l&#8217;\u00c9cran est programm\u00e9 par l&#8217;association Cin\u00e9ma l&#8217;\u00c9CRAN.<\/p>\n<p>En plein c\u0153ur du centre-ville de Saint-Denis (93), le cin\u00e9ma l&#8217;\u00c9cran propose des films au plus pr\u00e8s de l&#8217;actualit\u00e9 cin\u00e9matographique et de tous horizons : films fran\u00e7ais, \u00e9trangers, du patrimoine, documentaires et courts m\u00e9trages.<\/p>\n<p>Lieu d&#8217;\u00e9change et de r\u00e9flexion autour des films, l\u2019\u00c9cran organise toute l\u2019ann\u00e9e des rencontres avec des r\u00e9alisateurs et intervenants, et propose r\u00e9guli\u00e8rement des soir\u00e9es th\u00e9matiques en partenariat avec d&#8217;autres structures culturelles et les associations dionysiennes.<\/p>\n<\/div><\/section><\/div><div  class='flex_column av-216cel-94abe80a99cd6c821831aaabca7518b1 av_one_half  avia-builder-el-17  el_after_av_one_half  el_before_av_textblock  flex_column_div  '     ><style type=\"text\/css\" data-created_by=\"avia_inline_auto\" id=\"style-css-av-macd0t8f-bcffddbc22feae4f2e30644c36817a60\">\n.avia-image-container.av-macd0t8f-bcffddbc22feae4f2e30644c36817a60 img.avia_image{\nbox-shadow:none;\n}\n.avia-image-container.av-macd0t8f-bcffddbc22feae4f2e30644c36817a60 .av-image-caption-overlay-center{\ncolor:#ffffff;\n}\n<\/style>\n<div  class='avia-image-container av-macd0t8f-bcffddbc22feae4f2e30644c36817a60 av-styling- avia-align-center  avia-builder-el-18  avia-builder-el-no-sibling '   itemprop=\"image\" itemscope=\"itemscope\" itemtype=\"https:\/\/schema.org\/ImageObject\" ><div class=\"avia-image-container-inner\"><div class=\"avia-image-overlay-wrap\"><img decoding=\"async\" class='wp-image-18902 avia-img-lazy-loading-not-18902 avia_image ' src=\"https:\/\/transeuropafestival.eu\/wp-content\/uploads\/2025\/05\/MAN_5408-copie-2-1030x687.jpg\" alt='' title='MAN_5408 - copie 2'  height=\"687\" width=\"1030\"  itemprop=\"thumbnailUrl\" srcset=\"https:\/\/transeuropafestival.eu\/wp-content\/uploads\/2025\/05\/MAN_5408-copie-2-1030x687.jpg 1030w, https:\/\/transeuropafestival.eu\/wp-content\/uploads\/2025\/05\/MAN_5408-copie-2-300x200.jpg 300w, https:\/\/transeuropafestival.eu\/wp-content\/uploads\/2025\/05\/MAN_5408-copie-2-768x513.jpg 768w, https:\/\/transeuropafestival.eu\/wp-content\/uploads\/2025\/05\/MAN_5408-copie-2-1536x1025.jpg 1536w, https:\/\/transeuropafestival.eu\/wp-content\/uploads\/2025\/05\/MAN_5408-copie-2-2048x1367.jpg 2048w, https:\/\/transeuropafestival.eu\/wp-content\/uploads\/2025\/05\/MAN_5408-copie-2-1500x1001.jpg 1500w, https:\/\/transeuropafestival.eu\/wp-content\/uploads\/2025\/05\/MAN_5408-copie-2-705x471.jpg 705w\" sizes=\"(max-width: 1030px) 100vw, 1030px\" \/><\/div><\/div><\/div><\/div>\n<style type=\"text\/css\" data-created_by=\"avia_inline_auto\" id=\"style-css-av-macd2b0o-890eed3fcea7d5bebf87f5aaa5537f44\">\n#top .av_textblock_section.av-macd2b0o-890eed3fcea7d5bebf87f5aaa5537f44 .avia_textblock{\ntext-align:center;\n}\n<\/style>\n<section  class='av_textblock_section av-macd2b0o-890eed3fcea7d5bebf87f5aaa5537f44 '   itemscope=\"itemscope\" itemtype=\"https:\/\/schema.org\/CreativeWork\" ><div class='avia_textblock'  itemprop=\"text\" ><p style=\"text-align: center;\"><iframe loading=\"lazy\" style=\"border: 0;\" src=\"https:\/\/www.google.com\/maps\/embed?pb=!1m18!1m12!1m3!1d2620.865162165676!2d2.3567650117898316!3d48.93700999505145!2m3!1f0!2f0!3f0!3m2!1i1024!2i768!4f13.1!3m3!1m2!1s0x47e6694cd2f70693%3A0x6808e1b6a13ffec7!2s14%20Pass.%20de%20l'Aqueduc%2C%2093200%20Saint-Denis!5e0!3m2!1sen!2sfr!4v1746526956527!5m2!1sen!2sfr\" width=\"600\" height=\"450\" allowfullscreen=\"allowfullscreen\"><\/iframe><\/p>\n<\/div><\/section>\n\n<style type=\"text\/css\" data-created_by=\"avia_inline_auto\" id=\"style-css-av-mav39vi3-58d0accfa4e0db25ad6f54651b245036\">\n#top .hr.av-mav39vi3-58d0accfa4e0db25ad6f54651b245036{\nmargin-top:30px;\nmargin-bottom:30px;\n}\n.hr.av-mav39vi3-58d0accfa4e0db25ad6f54651b245036 .hr-inner{\nwidth:50px;\nborder-color:#000000;\n}\n<\/style>\n<div  class='hr av-mav39vi3-58d0accfa4e0db25ad6f54651b245036 hr-custom  avia-builder-el-20  el_after_av_textblock  avia-builder-el-last  hr-left hr-icon-no'><span class='hr-inner inner-border-av-border-fat'><span class=\"hr-inner-style\"><\/span><\/span><\/div>\n<\/div><\/div><\/div><!-- close content main div --><\/div><\/div><div id='av_section_4'  class='avia-section av-6knz4d-8ad09249e6e2e626f6c197c736e79517 main_color avia-section-default avia-no-border-styling  avia-builder-el-21  el_after_av_section  avia-builder-el-last  avia-bg-style-scroll container_wrap sidebar_right'  ><div class='container av-section-cont-open' ><div class='template-page content  av-content-small alpha units'><div class='post-entry post-entry-type-page post-entry-18701'><div class='entry-content-wrapper clearfix'>\n\n<style type=\"text\/css\" data-created_by=\"avia_inline_auto\" id=\"style-css-av-mav3bcuk-eebc326329912bb4c6ab4d1b1eb57b47\">\n#top .av-special-heading.av-mav3bcuk-eebc326329912bb4c6ab4d1b1eb57b47{\npadding-bottom:10px;\n}\nbody .av-special-heading.av-mav3bcuk-eebc326329912bb4c6ab4d1b1eb57b47 .av-special-heading-tag .heading-char{\nfont-size:25px;\n}\n.av-special-heading.av-mav3bcuk-eebc326329912bb4c6ab4d1b1eb57b47 .av-subheading{\nfont-size:15px;\n}\n<\/style>\n<div  class='av-special-heading av-mav3bcuk-eebc326329912bb4c6ab4d1b1eb57b47 av-special-heading-h2 blockquote classic-quote classic-quote-left  avia-builder-el-22  el_before_av_one_half  avia-builder-el-first '><h2 class='av-special-heading-tag'  itemprop=\"headline\"  >Point \u00c9ph\u00e9m\u00e8re<\/h2><div class=\"special-heading-border\"><div class=\"special-heading-inner-border\"><\/div><\/div><\/div>\n<div  class='flex_column av-3vvjb1-d9c7be36d3b69aff9fdca903f1491c3c av_one_half  avia-builder-el-23  el_after_av_heading  el_before_av_one_half  first flex_column_div  '     ><style type=\"text\/css\" data-created_by=\"avia_inline_auto\" id=\"style-css-av-mav3ryxy-856d155938b68a2630bc115813e01002\">\n.avia-image-container.av-mav3ryxy-856d155938b68a2630bc115813e01002 img.avia_image{\nbox-shadow:none;\n}\n.avia-image-container.av-mav3ryxy-856d155938b68a2630bc115813e01002 .av-image-caption-overlay-center{\ncolor:#ffffff;\n}\n<\/style>\n<div  class='avia-image-container av-mav3ryxy-856d155938b68a2630bc115813e01002 av-styling- avia-align-center  avia-builder-el-24  avia-builder-el-no-sibling '   itemprop=\"image\" itemscope=\"itemscope\" itemtype=\"https:\/\/schema.org\/ImageObject\" ><div class=\"avia-image-container-inner\"><div class=\"avia-image-overlay-wrap\"><img decoding=\"async\" class='wp-image-19076 avia-img-lazy-loading-not-19076 avia_image ' src=\"https:\/\/transeuropafestival.eu\/wp-content\/uploads\/2025\/05\/photo-point-ephemere.jpg\" alt='' title='photo point ephemere'  height=\"1365\" width=\"2048\"  itemprop=\"thumbnailUrl\" srcset=\"https:\/\/transeuropafestival.eu\/wp-content\/uploads\/2025\/05\/photo-point-ephemere.jpg 2048w, https:\/\/transeuropafestival.eu\/wp-content\/uploads\/2025\/05\/photo-point-ephemere-300x200.jpg 300w, https:\/\/transeuropafestival.eu\/wp-content\/uploads\/2025\/05\/photo-point-ephemere-1030x686.jpg 1030w, https:\/\/transeuropafestival.eu\/wp-content\/uploads\/2025\/05\/photo-point-ephemere-768x512.jpg 768w, https:\/\/transeuropafestival.eu\/wp-content\/uploads\/2025\/05\/photo-point-ephemere-1536x1024.jpg 1536w, https:\/\/transeuropafestival.eu\/wp-content\/uploads\/2025\/05\/photo-point-ephemere-1500x1000.jpg 1500w, https:\/\/transeuropafestival.eu\/wp-content\/uploads\/2025\/05\/photo-point-ephemere-705x470.jpg 705w\" sizes=\"(max-width: 2048px) 100vw, 2048px\" \/><\/div><\/div><\/div><\/div><div  class='flex_column av-2b1hwd-1bd1bf5bd8f3cb41329a30b9096cc35f av_one_half  avia-builder-el-25  el_after_av_one_half  el_before_av_textblock  flex_column_div  '     ><section  class='av_textblock_section av-mav3r5d6-3060f91dc4f2fe367c0a9e149d751909 '   itemscope=\"itemscope\" itemtype=\"https:\/\/schema.org\/CreativeWork\" ><div class='avia_textblock'  itemprop=\"text\" ><p>Depuis plus de 20 ans, Point \u00c9ph\u00e9m\u00e8re re\u00e7oit, transmet, propage, vit et vibre au son de la culture alternative. Situ\u00e9 entre le bitume parisien et les \u00e9cluses du Canal St-Martin, occupant les anciens docks et le si\u00e8ge social de Point P, ce lieu \u00e0 part enti\u00e8re n\u2019a de cesse que de se transformer au gr\u00e9 des \u00e9v\u00e8nements qu\u2019il accueille. <\/p>\n<p>Concerts, f\u00eates, spectacles vivants, expositions, clubs, jeux, r\u00e9sidences\u2026 L\u2019\u00e9quipe de Point \u00c9ph\u00e9m\u00e8re s\u2019est toujours employ\u00e9e \u00e0 soutenir la culture \u00e9mergente et la cr\u00e9ation contemporaine dans un esprit d&#8217;ind\u00e9pendance et d&#8217;ouverture, des valeurs qui font du centre pluri-disciplinaire un acteur culturel incontournable de la capitale.<\/p>\n<\/div><\/section><\/div><section  class='av_textblock_section av-mav3w34s-5ba68786c8415ef62c82e35197755ec8 '   itemscope=\"itemscope\" itemtype=\"https:\/\/schema.org\/CreativeWork\" ><div class='avia_textblock'  itemprop=\"text\" ><p style=\"text-align: center;\"><iframe loading=\"lazy\" style=\"border: 0;\" src=\"https:\/\/www.google.com\/maps\/embed?pb=!1m18!1m12!1m3!1d2623.784552764879!2d2.3659829767509595!3d48.8813835713352!2m3!1f0!2f0!3f0!3m2!1i1024!2i768!4f13.1!3m3!1m2!1s0x47e66e75c411bf4f%3A0x73b39f422cc28066!2zUG9pbnQgw4lwaMOpbcOocmU!5e0!3m2!1sen!2sfr!4v1747660405127!5m2!1sen!2sfr\" width=\"600\" height=\"450\" allowfullscreen=\"allowfullscreen\"><\/iframe><\/p>\n<\/div><\/section>\n<\/div><\/div><\/div><!-- close content main div --><\/div><\/div><div id='after_section_4'  class='main_color av_default_container_wrap container_wrap sidebar_right'  ><div class='container av-section-cont-open' ><div class='template-page content  av-content-small alpha units'><div class='post-entry post-entry-type-page post-entry-18701'><div class='entry-content-wrapper clearfix'><\/p>\n","protected":false},"excerpt":{"rendered":"","protected":false},"author":2,"featured_media":0,"parent":0,"menu_order":0,"comment_status":"closed","ping_status":"closed","template":"","meta":{"footnotes":""},"class_list":["post-18701","page","type-page","status-publish","hentry"],"_links":{"self":[{"href":"https:\/\/transeuropafestival.eu\/fr\/wp-json\/wp\/v2\/pages\/18701","targetHints":{"allow":["GET"]}}],"collection":[{"href":"https:\/\/transeuropafestival.eu\/fr\/wp-json\/wp\/v2\/pages"}],"about":[{"href":"https:\/\/transeuropafestival.eu\/fr\/wp-json\/wp\/v2\/types\/page"}],"author":[{"embeddable":true,"href":"https:\/\/transeuropafestival.eu\/fr\/wp-json\/wp\/v2\/users\/2"}],"replies":[{"embeddable":true,"href":"https:\/\/transeuropafestival.eu\/fr\/wp-json\/wp\/v2\/comments?post=18701"}],"version-history":[{"count":15,"href":"https:\/\/transeuropafestival.eu\/fr\/wp-json\/wp\/v2\/pages\/18701\/revisions"}],"predecessor-version":[{"id":19078,"href":"https:\/\/transeuropafestival.eu\/fr\/wp-json\/wp\/v2\/pages\/18701\/revisions\/19078"}],"wp:attachment":[{"href":"https:\/\/transeuropafestival.eu\/fr\/wp-json\/wp\/v2\/media?parent=18701"}],"curies":[{"name":"wp","href":"https:\/\/api.w.org\/{rel}","templated":true}]}}