{"id":19043,"date":"2025-05-16T15:39:54","date_gmt":"2025-05-16T15:39:54","guid":{"rendered":"https:\/\/transeuropafestival.eu\/projection-debat-la-revolte-des-femmes-de-chambre\/"},"modified":"2025-06-05T10:57:50","modified_gmt":"2025-06-05T10:57:50","slug":"projection-debat-la-revolte-des-femmes-de-chambre","status":"publish","type":"page","link":"https:\/\/transeuropafestival.eu\/fr\/projection-debat-la-revolte-des-femmes-de-chambre\/","title":{"rendered":"Projection &#8211; d\u00e9bat &#8211; La R\u00e9volte des Femmes de Chambre"},"content":{"rendered":"<h2 data-start=\"173\" data-end=\"425\"><em>Projection &#8211; d\u00e9bat &#8211; La R\u00e9volte des Femmes de Chambre<\/em><\/h2>\n<p data-start=\"173\" data-end=\"425\">Pendant 22 mois, les femmes de chambre de l\u2019H\u00f4tel Ibis les Batignolles, \u00e0 Paris, ont fait gr\u00e8ve pour d\u00e9noncer leurs conditions de travail et les mauvais traitements. Ces travailleuses dites \u00ab invisibles \u00bb ont d\u00e9cid\u00e9 de se dresser face au g\u00e9ant de l\u2019h\u00f4tellerie Accor, pour leurs droits, et leur dignit\u00e9. Victorieuse \u00e0 l\u2019issu de l\u2019un des plus longs combats de l\u2019histoire sociale fran\u00e7aise, leur lutte est devenue un symbole.  <\/p>\n<h3 data-start=\"173\" data-end=\"425\">R\u00e9sum\u00e9<\/h3>\n<p data-start=\"430\" data-end=\"969\">En juin 2019, les femmes de chambre du plus grand h\u00f4tel Ibis de France, porte de Clichy, a\u0300 Paris, d\u00e9cident de sortir du silence et de l\u2019abn\u00e9gation. Elles entament une gr\u00e8ve pour d\u00e9noncer les cadences infernales, le travail impay\u00e9 et les conditions \u00e9prouvantes que leur inflige Accor via le sous-traitant qui les emploie. Elles osent parler, devant la justice, d\u2019exploitation et de discrimination de la part du premier groupe h\u00f4telier europ\u00e9en et troisi\u00e8me mondial. C\u2019est un syst\u00e8me entier qui est point\u00e9 du doigt dans cette lutte qu\u2019elles m\u00e8nent, sans rel\u00e2che, pendant pr\u00e8s de deux ans.   <\/p>\n<p data-start=\"971\" data-end=\"1283\">Pour Rachel K\u00e9k\u00e9, porte-parole du mouvement, Sylvie Kimissa et les autres, c\u2019est une lutte primordiale et incertaine qui s\u2019enclenche et bouleverse leur vie. A travers la chronique de cette mobilisation collective, triomphante, le film nous embarque aux c\u00f4t\u00e9s de ces femmes et nous racontent qui sont ces nouvelles h\u00e9ro\u00efnes de notre temps. <\/p>\n<p data-start=\"1285\" data-end=\"1490\">En juin 2022 l\u2019\u00e9lection de Rachel Keke \u00e0 l\u2019Assembl\u00e9e nationale fait de cette lutte, au-del\u00e0 d\u2019un symbole, un v\u00e9ritable marqueur historique et in\u00e9dit : l\u2019entr\u00e9e de la premi\u00e8re femme de m\u00e9nage \u00e0 l\u2019Assembl\u00e9e.<\/p>\n<p data-start=\"427\" data-end=\"501\">Cet \u00e9v\u00e9nement fait partie de la soir\u00e9e d&#8217;ouverture du festival Transeuropa 2025.<\/p>\n<p data-start=\"503\" data-end=\"677\"><strong>Lieu<\/strong> : Cin\u00e9ma L&#8217;\u00c9cran, Saint-Denis, 14 passage de l\u2019Aqueduc, M\u00e9tro L13 Basilique de Saint-Denis. <br data-start=\"540\" data-end=\"543\"><strong>Date &amp; Heure<\/strong> : Jeudi 5 juin | 20:00 &#8211; 22:00<br data-start=\"575\" data-end=\"578\"><strong>Langue(s)<\/strong> : Film en fran\u00e7ais avec sous-titres en anglais<\/p>\n<p data-start=\"503\" data-end=\"677\"><strong>D\u00e9bat avec<\/strong> : <span style=\"text-decoration: underline;\"><a href=\"https:\/\/transeuropafestival.eu\/fr\/speakers\/rachel-keke\/\">Rachel Keke<\/a><\/span>, <span style=\"text-decoration: underline;\"><a href=\"https:\/\/transeuropafestival.eu\/fr\/speakers\/sylvie-kimissa-esper\/\">Sylvie Kimissa<\/a><\/span>, <a href=\"https:\/\/transeuropafestival.eu\/fr\/speakers\/magali-verdier\/\"><span style=\"text-decoration: underline;\">Magali Verdier<\/span><\/a>, mod\u00e9r\u00e9 par <span style=\"text-decoration: underline;\"><a href=\"https:\/\/transeuropafestival.eu\/fr\/speakers\/nasteho\/\">Nasteho Aden<\/a><\/span><\/p>\n<p data-start=\"503\" data-end=\"677\">Achetez vos billets <span style=\"text-decoration: underline;\"><a href=\"https:\/\/www.ticketingcine.fr\/index.php?lang=fr&amp;ids=35992&amp;nc=0907\">ICI<\/a><\/span><\/p>\n","protected":false},"excerpt":{"rendered":"<p>Projection &#8211; d\u00e9bat &#8211; La R\u00e9volte des Femmes de Chambre Pendant 22 mois, les femmes de chambre de l\u2019H\u00f4tel Ibis les Batignolles, \u00e0 Paris, ont fait gr\u00e8ve pour d\u00e9noncer leurs conditions de travail et les mauvais traitements. Ces travailleuses dites \u00ab invisibles \u00bb ont d\u00e9cid\u00e9 de se dresser face au g\u00e9ant de l\u2019h\u00f4tellerie Accor, pour [&hellip;]<\/p>\n","protected":false},"author":2,"featured_media":0,"parent":0,"menu_order":0,"comment_status":"closed","ping_status":"closed","template":"","meta":{"footnotes":""},"class_list":["post-19043","page","type-page","status-publish","hentry"],"_links":{"self":[{"href":"https:\/\/transeuropafestival.eu\/fr\/wp-json\/wp\/v2\/pages\/19043","targetHints":{"allow":["GET"]}}],"collection":[{"href":"https:\/\/transeuropafestival.eu\/fr\/wp-json\/wp\/v2\/pages"}],"about":[{"href":"https:\/\/transeuropafestival.eu\/fr\/wp-json\/wp\/v2\/types\/page"}],"author":[{"embeddable":true,"href":"https:\/\/transeuropafestival.eu\/fr\/wp-json\/wp\/v2\/users\/2"}],"replies":[{"embeddable":true,"href":"https:\/\/transeuropafestival.eu\/fr\/wp-json\/wp\/v2\/comments?post=19043"}],"version-history":[{"count":6,"href":"https:\/\/transeuropafestival.eu\/fr\/wp-json\/wp\/v2\/pages\/19043\/revisions"}],"predecessor-version":[{"id":19706,"href":"https:\/\/transeuropafestival.eu\/fr\/wp-json\/wp\/v2\/pages\/19043\/revisions\/19706"}],"wp:attachment":[{"href":"https:\/\/transeuropafestival.eu\/fr\/wp-json\/wp\/v2\/media?parent=19043"}],"curies":[{"name":"wp","href":"https:\/\/api.w.org\/{rel}","templated":true}]}}