{"id":19164,"date":"2025-05-22T10:55:02","date_gmt":"2025-05-22T10:55:02","guid":{"rendered":"https:\/\/transeuropafestival.eu\/presse-media\/"},"modified":"2025-05-22T10:55:02","modified_gmt":"2025-05-22T10:55:02","slug":"presse-media","status":"publish","type":"page","link":"https:\/\/transeuropafestival.eu\/fr\/presse-media\/","title":{"rendered":"Presse &amp; M\u00e9dia"},"content":{"rendered":"\n<style type=\"text\/css\" data-created_by=\"avia_inline_auto\" id=\"style-css-av-maz960pm-d0f3e27858e92df38092cd94ac3bf4c3\">\n.avia-section.av-maz960pm-d0f3e27858e92df38092cd94ac3bf4c3 .av-parallax .av-parallax-inner{\nbackground-repeat:no-repeat;\nbackground-image:url(https:\/\/transeuropafestival.eu\/wp-content\/uploads\/2025\/04\/Back_Purple.png);\nbackground-position:50% 50%;\nbackground-attachment:scroll;\n}\n.avia-section.av-maz960pm-d0f3e27858e92df38092cd94ac3bf4c3 .av-section-color-overlay{\nopacity:0.5;\nbackground-color:#35383c;\n}\n<\/style>\n<div id='av_section_1'  class='avia-section av-maz960pm-d0f3e27858e92df38092cd94ac3bf4c3 main_color avia-section-huge avia-no-border-styling  avia-builder-el-0  avia-builder-el-no-sibling  avia-full-stretch av-parallax-section avia-bg-style-parallax av-section-color-overlay-active container_wrap sidebar_right'  data-section-bg-repeat='stretch'><div class='av-parallax' data-avia-parallax-ratio='0.3' ><div class='av-parallax-inner main_color avia-full-stretch'><\/div><\/div><div class=\"av-section-color-overlay-wrap\"><div class=\"av-section-color-overlay\"><\/div><div class='container av-section-cont-open' ><main  role=\"main\" itemprop=\"mainContentOfPage\"  class='template-page content  av-content-small alpha units'><div class='post-entry post-entry-type-page post-entry-19164'><div class='entry-content-wrapper clearfix'>\n<div  class='flex_column av-1kjrvjt-7d41a3aa2398de9ca2668a167d5e1b8e av_one_fifth  avia-builder-el-1  el_before_av_three_fifth  avia-builder-el-first  first flex_column_div  '     ><\/div><div  class='flex_column av-14hq4bd-6b78959ecea14b3a1d5a1e15d215a2fe av_three_fifth  avia-builder-el-2  el_after_av_one_fifth  el_before_av_one_fifth  flex_column_div  '     ><p>\n<style type=\"text\/css\" data-created_by=\"avia_inline_auto\" id=\"style-css-av-maz931nj-905663ee5018873339252fd2cb3e4045\">\n#top .av-special-heading.av-maz931nj-905663ee5018873339252fd2cb3e4045{\npadding-bottom:20px;\ncolor:#ffffff;\nfont-size:40px;\n}\nbody .av-special-heading.av-maz931nj-905663ee5018873339252fd2cb3e4045 .av-special-heading-tag .heading-char{\nfont-size:25px;\n}\n#top #wrap_all .av-special-heading.av-maz931nj-905663ee5018873339252fd2cb3e4045 .av-special-heading-tag{\nfont-size:40px;\n}\n.av-special-heading.av-maz931nj-905663ee5018873339252fd2cb3e4045 .special-heading-inner-border{\nborder-color:#ffffff;\n}\n.av-special-heading.av-maz931nj-905663ee5018873339252fd2cb3e4045 .av-subheading{\nfont-size:15px;\n}\n\n@media only screen and (min-width: 480px) and (max-width: 767px){ \n#top #wrap_all .av-special-heading.av-maz931nj-905663ee5018873339252fd2cb3e4045 .av-special-heading-tag{\nfont-size:0.8em;\n}\n}\n\n@media only screen and (max-width: 479px){ \n#top #wrap_all .av-special-heading.av-maz931nj-905663ee5018873339252fd2cb3e4045 .av-special-heading-tag{\nfont-size:0.8em;\n}\n}\n<\/style>\n<div  class='av-special-heading av-maz931nj-905663ee5018873339252fd2cb3e4045 av-special-heading-h1 custom-color-heading blockquote modern-quote modern-centered  avia-builder-el-3  el_before_av_textblock  avia-builder-el-first  av-inherit-size'><h1 class='av-special-heading-tag'  itemprop=\"headline\"  >Presse <span class='special_amp'>&amp;<\/span> M\u00e9dia<\/h1><div class=\"special-heading-border\"><div class=\"special-heading-inner-border\"><\/div><\/div><\/div><br \/>\n<section  class='av_textblock_section av-maz96utj-491468056f73d4d8c9334531cd7ac70f '   itemscope=\"itemscope\" itemtype=\"https:\/\/schema.org\/CreativeWork\" ><div class='avia_textblock'  itemprop=\"text\" ><h3 style=\"text-align: center;\" data-start=\"191\" data-end=\"355\"><span style=\"color: #ffffff;\">Vous cherchez des visuels, logos, communiqu\u00e9s de presse ou informations cl\u00e9s sur le Festival Transeuropa 2025 ?<\/span><br data-start=\"286\" data-end=\"289\"><span style=\"color: #ffffff;\">Acc\u00e9dez \u00e0 notre dossier presse ici :<\/span><br data-start=\"318\" data-end=\"321\"><span style=\"color: #ffffff;\"><a style=\"color: #ffffff;\" href=\"https:\/\/drive.google.com\/drive\/folders\/1f1YV0am-7wmd4okflJiHAwWbvpBrStgf\"><span style=\"text-decoration: underline;\"><strong>DOSSIER PRESSE<\/strong><\/span><\/a><\/span><\/h3>\n<h3 data-start=\"357\" data-end=\"464\"><\/h3>\n<h3 style=\"text-align: center;\" data-start=\"357\" data-end=\"464\"><span style=\"color: #ffffff;\">Pour toute demande d\u2019interview, question presse ou besoin de mat\u00e9riel compl\u00e9mentaire, contactez-nous \u00e0 : <a style=\"color: #ffffff;\" href=\"mailto:m.cillero@euroalter.com\"><span style=\"text-decoration: underline;\">m.cillero@euroalter.com<\/span><\/a>.<\/span><\/h3>\n<\/div><\/section><\/p><\/div><div  class='flex_column av-32ignt-419ac09d9d887947dc969b66dfd4bb12 av_one_fifth  avia-builder-el-5  el_after_av_three_fifth  avia-builder-el-last  flex_column_div  '     ><\/div><\/div><\/div><\/main><!-- close content main element --><\/div><\/div><\/div><div id='after_section_1'  class='main_color av_default_container_wrap container_wrap sidebar_right'  ><div class='container av-section-cont-open' ><div class='template-page content  av-content-small alpha units'><div class='post-entry post-entry-type-page post-entry-19164'><div class='entry-content-wrapper clearfix'>\n","protected":false},"excerpt":{"rendered":"","protected":false},"author":2,"featured_media":0,"parent":0,"menu_order":0,"comment_status":"closed","ping_status":"closed","template":"","meta":{"footnotes":""},"class_list":["post-19164","page","type-page","status-publish","hentry"],"_links":{"self":[{"href":"https:\/\/transeuropafestival.eu\/fr\/wp-json\/wp\/v2\/pages\/19164","targetHints":{"allow":["GET"]}}],"collection":[{"href":"https:\/\/transeuropafestival.eu\/fr\/wp-json\/wp\/v2\/pages"}],"about":[{"href":"https:\/\/transeuropafestival.eu\/fr\/wp-json\/wp\/v2\/types\/page"}],"author":[{"embeddable":true,"href":"https:\/\/transeuropafestival.eu\/fr\/wp-json\/wp\/v2\/users\/2"}],"replies":[{"embeddable":true,"href":"https:\/\/transeuropafestival.eu\/fr\/wp-json\/wp\/v2\/comments?post=19164"}],"version-history":[{"count":2,"href":"https:\/\/transeuropafestival.eu\/fr\/wp-json\/wp\/v2\/pages\/19164\/revisions"}],"predecessor-version":[{"id":19167,"href":"https:\/\/transeuropafestival.eu\/fr\/wp-json\/wp\/v2\/pages\/19164\/revisions\/19167"}],"wp:attachment":[{"href":"https:\/\/transeuropafestival.eu\/fr\/wp-json\/wp\/v2\/media?parent=19164"}],"curies":[{"name":"wp","href":"https:\/\/api.w.org\/{rel}","templated":true}]}}