{"id":19269,"date":"2025-05-26T11:25:56","date_gmt":"2025-05-26T11:25:56","guid":{"rendered":"https:\/\/transeuropafestival.eu\/table-ronde-resister-au-backlash-soutenir-les-strategies-feministes-face-aux-mouvements-anti-genre-en-france-et-en-europe\/"},"modified":"2025-06-05T10:45:19","modified_gmt":"2025-06-05T10:45:19","slug":"table-ronde-resister-au-backlash-soutenir-les-strategies-feministes-face-aux-mouvements-anti-genre-en-france-et-en-europe","status":"publish","type":"page","link":"https:\/\/transeuropafestival.eu\/fr\/table-ronde-resister-au-backlash-soutenir-les-strategies-feministes-face-aux-mouvements-anti-genre-en-france-et-en-europe\/","title":{"rendered":"Table ronde &#8211; \u00ab R\u00e9sister au backlash : Soutenir les strat\u00e9gies f\u00e9ministes face aux mouvements anti-genre en France et en Europe \u00bb"},"content":{"rendered":"<h2><strong>Table ronde<em> &#8211; \u00ab R\u00e9sister au backlash : Soutenir les strat\u00e9gies f\u00e9ministes face aux mouvements anti-genre en France et en Europe \u00bb<\/em><\/strong><\/h2>\n<p data-start=\"234\" data-end=\"822\">Partout en Europe, les forces r\u00e9actionnaires gagnent du terrain. Mouvements anti-genre, extr\u00eame droite, politiques antif\u00e9ministes et LGBTQIA+phobe. Le backlash conservateur s&#8217;organise, se finance et se d\u00e9ploie de mani\u00e8re transnationale. Si la France a r\u00e9cemment renforc\u00e9 certains droits, comme l&#8217;inscription de l&#8217;IVG dans la Constitution, elle n\u2019est pas \u00e9pargn\u00e9e par cette offensive. Des campagnes anti-genre aliment\u00e9es par des groupes d\u2019extr\u00eame droite, des personnalit\u00e9s m\u00e9diatiques influentes et des think tanks conservateurs ciblent l\u2019\u00e9ducation \u00e0 la sexualit\u00e9, les droits des personnes trans ou encore les associations f\u00e9ministes et LGBTQIA+, ainsi que le \u00ab wokisme \u00bb.   <\/p>\n<p data-start=\"824\" data-end=\"1505\">En Europe, les offensives sont parfois encore plus frontales : en Hongrie, un amendement constitutionnel adopt\u00e9 en avril 2025 interdit d\u00e9sormais les rassemblements LGBTQ+ et consacre une d\u00e9finition binaire du genre, excluant de fait les personnes trans et intersexes de toute reconnaissance l\u00e9gale. En Italie, le gouvernement Meloni efface les parents LGBTQ+ des actes de naissance. Au Royaume-Uni, La Cour supr\u00eame britannique a estim\u00e9 le 16 avril dernier que c&#8217;est le \u201csexe biologique\u201d \u2013 et non le genre \u2013 qui d\u00e9finit une femme aux yeux de la loi, une d\u00e9cision qui pourrait avoir des cons\u00e9quences imm\u00e9diates sur les femmes transgenres au Royaume-Uni. Ces attaques, coordonn\u00e9es \u00e0 l\u2019\u00e9chelle continentale, visent \u00e0 r\u00e9duire au silence les voix dissidentes et \u00e0 r\u00e9affirmer un ordre patriarcal, h\u00e9t\u00e9rocentr\u00e9 et autoritaire.    <\/p>\n<p data-start=\"1507\" data-end=\"1919\">C\u2019est dans ce contexte que s\u2019inscrit le <a href=\"https:\/\/fierce-project.eu\"><strong data-start=\"1538\" data-end=\"1556\">projet FIERCE<\/strong><\/a> (Feminist movements and Institutions against anti-gender Backlash in Europe) un programme de recherche financ\u00e9 par la Commission europ\u00e9enne, qui analyse depuis trois ans les interactions entre les mouvements f\u00e9ministes et les contre-mobilisations anti-genre dans huit pays europ\u00e9ens (France, Slov\u00e9nie, Turquie, Gr\u00e8ce, Danemark, Italie, Espagne, Pologne).<\/p>\n<p data-start=\"1921\" data-end=\"2183\">Les organisations f\u00e9ministes engag\u00e9es dans le projet FIERCE en France ont souhait\u00e9 clore ce cycle de recherche par un geste politique fort : l&#8217;organisation du <strong data-start=\"2073\" data-end=\"2103\">Les marges en feu ! Festival<\/strong>un espace vivant, radical, joyeux et strat\u00e9gique de convergence f\u00e9ministe et transnationale.<\/p>\n<p data-start=\"2185\" data-end=\"2534\">Cette table ronde, pens\u00e9e comme l\u2019un des temps forts du festival, permettra de pr\u00e9senter les principaux r\u00e9sultats du projet FIERCE sur les mouvements f\u00e9ministes en Europe dans les 10 derni\u00e8res ann\u00e9es et sur les strat\u00e9gies des mouvements anti-genre, ainsi que de les mettre en d\u00e9bat avec des actrices et acteurs engag\u00e9\u00b7es sur le terrain des luttes f\u00e9ministes, sociales et d\u00e9mocratiques. <\/p>\n<p data-start=\"2536\" data-end=\"2640\" data-is-last-node=\"\" data-is-only-node=\"\">R\u00e9sister au backlash, c\u2019est d\u00e9fendre une d\u00e9mocratie inclusive, vivante, populaire et f\u00e9ministe.<\/p>\n<p data-start=\"2536\" data-end=\"2640\" data-is-last-node=\"\" data-is-only-node=\"\"><strong>Lieu<\/strong> : Acad\u00e9mie du Climat, <span style=\"font-weight: 400;\">2 place Baudoyer, 75004 Paris<\/span><\/p>\n<p data-start=\"2536\" data-end=\"2640\" data-is-last-node=\"\" data-is-only-node=\"\"><strong>Date &amp; Heure<\/strong> : Vendredi 6 juin | 15:00 &#8211; 17:00<\/p>\n<p data-start=\"2536\" data-end=\"2640\" data-is-last-node=\"\" data-is-only-node=\"\"><strong>Langue(s)<\/strong> : Anglais &amp; fran\u00e7ais (traduction simultan\u00e9e)<\/p>\n<p data-start=\"2536\" data-end=\"2640\" data-is-last-node=\"\" data-is-only-node=\"\"><strong>Intervenant\u00b7es<\/strong> : <span style=\"text-decoration: underline;\"><a href=\"https:\/\/transeuropafestival.eu\/fr\/speakers\/albane-gaillot\/\">Albane Gaillot<\/a><\/span>, <a href=\"https:\/\/transeuropafestival.eu\/fr\/speakers\/paul-blokker\/\"><span style=\"text-decoration: underline;\">Paul Blokker<\/span><\/a>, <a href=\"https:\/\/transeuropafestival.eu\/fr\/speakers\/paula-matlach\/\"><span style=\"text-decoration: underline;\">Paula-Charlotte Matlach<\/span><\/a>, <a href=\"https:\/\/transeuropafestival.eu\/fr\/speakers\/jeanne-hefez\/\"><span style=\"text-decoration: underline;\">Jeanne Hefez<\/span><\/a>, <a href=\"https:\/\/transeuropafestival.eu\/fr\/speakers\/emma-rafowicz\/\"><span style=\"text-decoration: underline;\">Emma Rafowicz<\/span><\/a>, <a href=\"https:\/\/transeuropafestival.eu\/fr\/speakers\/sharlen-sezestre-2\/\"><span style=\"text-decoration: underline;\">Sharlen Sezestre<\/span><\/a>, Marie #NousToutes, mod\u00e9r\u00e9e par <a href=\"https:\/\/transeuropafestival.eu\/fr\/speakers\/rozenn-le-carboulec\/\"><span style=\"text-decoration: underline;\">Rozenn LeCarboulec<\/span><\/a><\/p>\n<p data-start=\"2536\" data-end=\"2640\" data-is-last-node=\"\" data-is-only-node=\"\">INSCRIPTION <a href=\"https:\/\/www.helloasso.com\/associations\/alternatives-europeennes\/evenements\/transeuropa-festival-table-ronde-resister-au-backlash\"><span style=\"text-decoration: underline;\">ICI<\/span><\/a><\/p>\n","protected":false},"excerpt":{"rendered":"<p>Table ronde &#8211; \u00ab R\u00e9sister au backlash : Soutenir les strat\u00e9gies f\u00e9ministes face aux mouvements anti-genre en France et en Europe \u00bb Partout en Europe, les forces r\u00e9actionnaires gagnent du terrain. Mouvements anti-genre, extr\u00eame droite, politiques antif\u00e9ministes et LGBTQIA+phobe. Le backlash conservateur s&#8217;organise, se finance et se d\u00e9ploie de mani\u00e8re transnationale. Si la France a [&hellip;]<\/p>\n","protected":false},"author":2,"featured_media":0,"parent":0,"menu_order":0,"comment_status":"closed","ping_status":"closed","template":"","meta":{"footnotes":""},"class_list":["post-19269","page","type-page","status-publish","hentry"],"_links":{"self":[{"href":"https:\/\/transeuropafestival.eu\/fr\/wp-json\/wp\/v2\/pages\/19269","targetHints":{"allow":["GET"]}}],"collection":[{"href":"https:\/\/transeuropafestival.eu\/fr\/wp-json\/wp\/v2\/pages"}],"about":[{"href":"https:\/\/transeuropafestival.eu\/fr\/wp-json\/wp\/v2\/types\/page"}],"author":[{"embeddable":true,"href":"https:\/\/transeuropafestival.eu\/fr\/wp-json\/wp\/v2\/users\/2"}],"replies":[{"embeddable":true,"href":"https:\/\/transeuropafestival.eu\/fr\/wp-json\/wp\/v2\/comments?post=19269"}],"version-history":[{"count":4,"href":"https:\/\/transeuropafestival.eu\/fr\/wp-json\/wp\/v2\/pages\/19269\/revisions"}],"predecessor-version":[{"id":19696,"href":"https:\/\/transeuropafestival.eu\/fr\/wp-json\/wp\/v2\/pages\/19269\/revisions\/19696"}],"wp:attachment":[{"href":"https:\/\/transeuropafestival.eu\/fr\/wp-json\/wp\/v2\/media?parent=19269"}],"curies":[{"name":"wp","href":"https:\/\/api.w.org\/{rel}","templated":true}]}}