{"id":19284,"date":"2025-05-27T08:48:43","date_gmt":"2025-05-27T08:48:43","guid":{"rendered":"https:\/\/transeuropafestival.eu\/cyber-witch\/"},"modified":"2025-06-04T15:11:46","modified_gmt":"2025-06-04T15:11:46","slug":"cyber-witch","status":"publish","type":"page","link":"https:\/\/transeuropafestival.eu\/fr\/cyber-witch\/","title":{"rendered":"Cyber Witch"},"content":{"rendered":"<h2><em>\u023b\u024e\u0243\u0246\u024c W\u0197\u0166\u023b\u0126 \u2729\u208a\u02da.\u22c6\u263e\u22c6\u207a\u208a\u2727<\/em><\/h2>\n<p data-start=\"49\" data-end=\"236\">CYBER WITCH est un programme sp\u00e9cial du festival TRANSEUROPA \u2013 Marges : En Feu !, un \u00e9v\u00e9nement pour toutes celles et ceux qui refusent de voir les marges \u00e9cras\u00e9es par la violence patriarcale et capitaliste. Rejoignez-nous pour r\u00e9imaginer des r\u00e9alit\u00e9s cyborg, explorer les techno-sorcelleries pour la lib\u00e9ration queer, et d\u00e9chirer le voile entre le chaos num\u00e9rique et la magie ancienne. Hypercore et La Voisin s\u2019allient \u00e0 F\u00e9ministes contre le cyberharc\u00e8lement pour proposer un programme unique en plusieurs espaces au Point \u00c9ph\u00e9m\u00e8re, dans le cadre du festival TRANSEUROPA.  <\/p>\n<p data-start=\"49\" data-end=\"236\"><strong>Lieu<\/strong> : Point \u00c9ph\u00e9m\u00e8re<\/p>\n<p data-start=\"49\" data-end=\"236\"><strong>Date &amp; Heure<\/strong> : Vendredi 6 juin | 17:30 &#8211; 5:00<\/p>\n<p dir=\"ltr\">\u207a\u2027\u208a\u02da \u0f50\u0f72\u22c6\u2671\u22c6\u0f4b\u0f80 \u02da\u208a\u2027\u207a<\/p>\n<p dir=\"ltr\"><strong>17h30 &#8211; 3h00 : \u023b\u024e\u0243\u0246\u024c W\u0197\u0166\u023b\u0126 S\u00d8\u0197\u024c\u0246\u0246 <span style=\"color: #800080;\">(gratuit)<\/span><\/strong><\/p>\n<p dir=\"ltr\">17h30 \u2013 21h00 | Stands d&#8217;art &amp; exposition Cyber Witch<\/p>\n<p dir=\"ltr\">19h00 \u2013 20h30 | Table ronde : <em>\u00ab Sorcellerie technologique &amp; cyberf\u00e9minisme : r\u00e9\u00e9duquer l\u2019espace num\u00e9rique pour la lib\u00e9ration queer \u00bb<\/em><\/p>\n<p dir=\"ltr\">21h00 | Performance d&#8217;<a href=\"https:\/\/transeuropafestival.eu\/fr\/speakers\/aur0la\/\"><span style=\"text-decoration: underline;\">Aur0la<\/span><\/a><\/p>\n<p dir=\"ltr\">21h30 | Performance de <a href=\"https:\/\/transeuropafestival.eu\/fr\/speakers\/chadoh\/\"><span style=\"text-decoration: underline;\">Chadoh<\/span><\/a><\/p>\n<p dir=\"ltr\">22.00 &#8211; 3.00 | DJ Sets: <a href=\"https:\/\/transeuropafestival.eu\/fr\/speakers\/dj-ackiller\/\"><span style=\"text-decoration: underline;\">ACKiller<\/span><\/a>, DJ CAMSLUT, b2b, Mafille, Malaise Vagal, Baby DJs<\/p>\n<p dir=\"ltr\"><strong>23.00 &#8211; 04.30: \u023b\u024e\u0243\u0246\u024c W\u0197\u0166\u023b\u0126 \u023b\u0141\u1d7e\u0243 <span style=\"color: #800080;\">(10\/12\/14 euros)<\/span><\/strong><\/p>\n<p dir=\"ltr\">23h00 | Yasmine des Astres<\/p>\n<p dir=\"ltr\">23h35 | KOPI O<\/p>\n<p dir=\"ltr\">00h30 | Talita Otovik<\/p>\n<p dir=\"ltr\">1h20 | Emme<\/p>\n<p dir=\"ltr\">1h55 | Blood of Aza<\/p>\n<p dir=\"ltr\">2h55 | Dose Letale<\/p>\n<p dir=\"ltr\">3h55 | Tmagyk<\/p>\n<p dir=\"ltr\">4h30 | Fin du son<\/p>\n<p dir=\"ltr\">\u207a\u2027\u208a\u02da \u0f50\u0f72\u22c6\u2671\u22c6\u0f4b\u0f80 \u02da\u208a\u2027\u207a<\/p>\n","protected":false},"excerpt":{"rendered":"<p>\u023b\u024e\u0243\u0246\u024c W\u0197\u0166\u023b\u0126 \u2729\u208a\u02da.\u22c6\u263e\u22c6\u207a\u208a\u2727 CYBER WITCH est un programme sp\u00e9cial du festival TRANSEUROPA \u2013 Marges : En Feu !, un \u00e9v\u00e9nement pour toutes celles et ceux qui refusent de voir les marges \u00e9cras\u00e9es par la violence patriarcale et capitaliste. Rejoignez-nous pour r\u00e9imaginer des r\u00e9alit\u00e9s cyborg, explorer les techno-sorcelleries pour la lib\u00e9ration queer, et d\u00e9chirer le voile [&hellip;]<\/p>\n","protected":false},"author":2,"featured_media":0,"parent":0,"menu_order":0,"comment_status":"closed","ping_status":"closed","template":"","meta":{"footnotes":""},"class_list":["post-19284","page","type-page","status-publish","hentry"],"_links":{"self":[{"href":"https:\/\/transeuropafestival.eu\/fr\/wp-json\/wp\/v2\/pages\/19284","targetHints":{"allow":["GET"]}}],"collection":[{"href":"https:\/\/transeuropafestival.eu\/fr\/wp-json\/wp\/v2\/pages"}],"about":[{"href":"https:\/\/transeuropafestival.eu\/fr\/wp-json\/wp\/v2\/types\/page"}],"author":[{"embeddable":true,"href":"https:\/\/transeuropafestival.eu\/fr\/wp-json\/wp\/v2\/users\/2"}],"replies":[{"embeddable":true,"href":"https:\/\/transeuropafestival.eu\/fr\/wp-json\/wp\/v2\/comments?post=19284"}],"version-history":[{"count":2,"href":"https:\/\/transeuropafestival.eu\/fr\/wp-json\/wp\/v2\/pages\/19284\/revisions"}],"predecessor-version":[{"id":19611,"href":"https:\/\/transeuropafestival.eu\/fr\/wp-json\/wp\/v2\/pages\/19284\/revisions\/19611"}],"wp:attachment":[{"href":"https:\/\/transeuropafestival.eu\/fr\/wp-json\/wp\/v2\/media?parent=19284"}],"curies":[{"name":"wp","href":"https:\/\/api.w.org\/{rel}","templated":true}]}}