{"id":19291,"date":"2025-05-27T09:22:11","date_gmt":"2025-05-27T09:22:11","guid":{"rendered":"https:\/\/transeuropafestival.eu\/nuit-blanche\/"},"modified":"2025-06-05T17:28:53","modified_gmt":"2025-06-05T17:28:53","slug":"nuit-blanche","status":"publish","type":"page","link":"https:\/\/transeuropafestival.eu\/fr\/nuit-blanche\/","title":{"rendered":"Nuit Blanche"},"content":{"rendered":"<h2><em>Nuit Blanche<\/em><\/h2>\n<p data-start=\"0\" data-end=\"100\">Une soir\u00e9e et une nuit de transformation, de performances artistiques et de joie! Les Marges en F\u00eates ! <\/p>\n<p data-start=\"102\" data-end=\"654\"><strong data-start=\"102\" data-end=\"155\">19:30 | TRANSFORMATION \u2013 Activit\u00e9s interactives<\/strong><br data-start=\"155\" data-end=\"158\">(dont <strong data-start=\"169\" data-end=\"227\">20:00\u2013 21:00 | Performance de <a href=\"https:\/\/transeuropafestival.eu\/fr\/speakers\/paula-doyle\/\"><span style=\"text-decoration: underline;\">Paula Doyle<\/span><\/a> : \u00ab Qui suis-je ? \u00bb<\/strong>)<br data-start=\"228\" data-end=\"231\">L\u2019identit\u00e9 est l\u2019expression de ce qui n\u2019est ni dit ni \u00e9crit, mais la conviction profonde de la fa\u00e7on dont nous nous percevons dans le monde.<br data-start=\"363\" data-end=\"366\">Nous vivons dans un monde o\u00f9 notre authenticit\u00e9 est retourn\u00e9e contre nous, et o\u00f9 nous devons sans cesse nous r\u00e9inventer pour nous conformer \u00e0 la superficialit\u00e9 qui soude souvent nos communaut\u00e9s fragiles\u2026<br data-start=\"574\" data-end=\"577\">Explorons ensemble quelques terriers du \u00ab qui suis-je \u00bb, au-del\u00e0 des \u00e9tiquettes.<\/p>\n<p data-start=\"656\" data-end=\"1790\"><strong data-start=\"656\" data-end=\"775\">21:15 | Performance po\u00e9tique et politique de <a href=\"https:\/\/transeuropafestival.eu\/fr\/speakers\/marie-julie-chalu-marina-monmirel\/\"><span style=\"text-decoration: underline;\">Marie-Julie Chalu et Marina Monmirel<\/span><\/a> : \u00ab \u00c0 nos humanit\u00e9s r\u00e9volt\u00e9es \u00bb<\/strong><br data-start=\"775\" data-end=\"778\">(d&#8217;apr\u00e8s le livre de Kiy\u00e9mis)<br data-start=\"808\" data-end=\"811\"><em data-start=\"811\" data-end=\"838\">\u00c0 Nos Humanit\u00e9s R\u00e9volt\u00e9es<\/em> est un spectacle de po\u00e9sie perform\u00e9e cr\u00e9\u00e9 et interpr\u00e9t\u00e9 par Marie-Julie Chalu et Marina Monmirel, d&#8217;apr\u00e8s le recueil de po\u00e8mes \u00e9ponyme de la po\u00e9tesse Kiy\u00e9mis (2018). Notre spectacle se base sur une dizaine de ses po\u00e8mes que nous avons organis\u00e9s et m\u00eal\u00e9s \u00e0 des cr\u00e9ations vid\u00e9os et sonores sp\u00e9cifiques. La cr\u00e9ation de ce projet datant de Septembre 2019, en collaboration avec la po\u00e9tesse, revendique la n\u00e9cessit\u00e9 de rendre audible sous une forme sensible plurielle : la prise de parole des femmes Noires face aux syst\u00e8mes d&#8217;oppression. <\/p>\n<p data-start=\"0\" data-end=\"443\"><strong data-start=\"0\" data-end=\"22\">Note d&#8217;intention<\/strong><br data-start=\"22\" data-end=\"25\">2018. <em data-start=\"31\" data-end=\"58\">\u00c0 Nos Humanit\u00e9s R\u00e9volt\u00e9es<\/em>, le recueil de po\u00e9sie, est \u00e9dit\u00e9 pour la premi\u00e8re fois. Un titre qui, comme un cri, brise un lourd silence. Un titre qui touche, r\u00e9sonne et nous \u00e9meut. Beaucoup. Une \u0153uvre qui formule en mots nos propres maux, comme ceux de nos contemporaines noires. Une \u0153uvre qui s&#8217;inscrit dans une pluralit\u00e9 de voix afro f\u00e9ministes s&#8217;affirmant davantage dans l&#8217;espace public, m\u00e9diatique, politique et artistique.    <\/p>\n<p data-start=\"445\" data-end=\"1086\">C&#8217;est dans ce contexte stimulant que nous rencontrons Kiy\u00e9mis \u00e0 la Colonie Barr\u00e9e (Paris X\u00e8me) lors de la journ\u00e9e d&#8217;\u00e9tudes \u00ab F\u00e9minisme(s)Noir(s), Toujours debout ! \u00bb organis\u00e9e par les \u00e9tudiant.e.s en Master Genre de Paris 8. Nous y lisons quelques-uns de ses po\u00e8mes. De ces \u00e9changes et ces lectures devant public na\u00eet le besoin enthousiaste de mettre en voix et en corps, sous une forme artistique plus \u00e9labor\u00e9e, ce recueil. Il faut le redire, bien trop rarement sur les sc\u00e8nes fran\u00e7aises, nous avons l&#8217;opportunit\u00e9 et la l\u00e9gitimit\u00e9, en tant qu&#8217;artistes, de porter un spectacle abordant les intimit\u00e9s politiques et les identit\u00e9s complexes des femmes noires vivant en Occident.   <\/p>\n<p data-start=\"1088\" data-end=\"1477\">Nous nous emparons de sa po\u00e9sie vibrante et engag\u00e9e dans une proposition sc\u00e9nique polymorphe m\u00ealant diverses formes d&#8217;expression artistique (th\u00e9\u00e2tre, musique, vid\u00e9o, danse etc). Car adapter de la po\u00e9sie nous a demand\u00e9 d&#8217;investir une recherche particuli\u00e8re sur le sensible et l&#8217;imagerie sc\u00e9nique afin de ne pas rester seulement dans la d\u00e9clamation mais pouvoir aussi \u00e9panouir le travail d&#8217;interpr\u00e9tation. C&#8217;est pourquoi nous nommons notre proposition : <strong data-start=\"1461\" data-end=\"1476\">performance<\/strong>.  <\/p>\n<p data-start=\"1479\" data-end=\"1781\">La question des lieux et des publics nous tenant \u00e0 c\u0153ur, nous souhaitons que notre performance puisse se jouer dans des salles de spectacles et aussi dans des lieux non-d\u00e9di\u00e9s. Ainsi elle sera l\u2019occasion pour un public concern\u00e9 de s&#8217;y retrouver et cr\u00e9er un pont avec celleux qui se sentent \u00ab \u00e9loign\u00e9\u00b7e\u00b7s \u00bb du propos. <\/p>\n<p data-start=\"1783\" data-end=\"2010\">Parce que, pour nous, la po\u00e9sie repr\u00e9sente un acte politique et un art vivant, nous partageons l&#8217;id\u00e9e que l&#8217;\u00e9motion est une graine pour le changement et que c&#8217;est bien cela dont il s&#8217;agit lors d&#8217;un spectacle : aller ensemble, comprendre des id\u00e9es par une \u00e9motion ressentie en communion au m\u00eame moment. <\/p>\n<p data-start=\"2012\" data-end=\"2363\" data-is-last-node=\"\" data-is-only-node=\"\">Nos humanit\u00e9s r\u00e9volt\u00e9es d\u00e9rangent, r\u00e9interrogent, cr\u00e9ent sans cesse avec ce qui leur reste, elles expriment leurs \u00e9motions et par l\u00e0 m\u00eame leurs humanit\u00e9s bafou\u00e9es. \u00c0 nos Humanit\u00e9s R\u00e9volt\u00e9es, notre performance po\u00e9tico-politique est un cri plein d&#8217;espoir, d&#8217;amour, de douceur et de col\u00e8re pour sortir d&#8217;un silence qui \u00e9trangle et c\u00e9l\u00e9brer nos humanit\u00e9s r\u00e9appropri\u00e9es\/transcend\u00e9es.  <\/p>\n<p data-start=\"1792\" data-end=\"2647\"><strong data-start=\"1792\" data-end=\"1876\">22:15 | T\u0254mb\u0254k\u0254: Contre l&#8217;effacement la Rev\u0254lte ! \u2013 Performance de <a href=\"https:\/\/transeuropafestival.eu\/fr\/speakers\/t-i-e\/\"><span style=\"text-decoration: underline;\">TIE<\/span><\/a> &amp; <a href=\"https:\/\/transeuropafestival.eu\/fr\/speakers\/lafurie\/\"><span style=\"text-decoration: underline;\">La Furie<\/span><\/a> <\/strong><br data-start=\"1876\" data-end=\"1879\">En r\u00e9sonance avec les massacres qui continuent de ravager la R\u00e9publique D\u00e9mocratique du Congo, deux artistes : Prisca LaFurie Munkeni Monnier et T.I.E Ngnima Sarr \u2013 se r\u00e9unissent dans une performance, un corps \u00e0 corps vibrant. Ensemble, elles suivent les fils invisibles qui relient des terres d\u00e9chir\u00e9es par l\u2019ombre persistante de l\u2019exploitation coloniale et imp\u00e9rialiste. Desquelles sont n\u00e9es \u00e0 la fois l\u2019horreur atomique et la r\u00e9volution industrielle du XIXe si\u00e8cle \u2013 tissant des liens ind\u00e9l\u00e9biles entre des territoires que tout semblait opposer, mais que la souffrance du CONGO r\u00e9unit \u00e0 jamais.<br data-start=\"2065\" data-end=\"2068\">T\u0254mb\u0254k\u0254 est un po\u00e8me visuel, une performance rituelle, une invocation sonore ; une offrande \u00e0 la souverainet\u00e9 du CONGO. C\u2019est un hommage au prix pay\u00e9 pour l\u2019\u00e9mergence de la modernit\u00e9 occidentale, qui efface et broie la m\u00e9moire de ses terres nourrici\u00e8res, les engloutissant dans une coupable banalit\u00e9, avec la complicit\u00e9 des oligarques.<br data-start=\"2274\" data-end=\"2277\">Ce n\u2019est pas une \u00e9l\u00e9gie.<br data-start=\"2481\" data-end=\"2484\">C\u2019est une alarme.<br data-start=\"2619\" data-end=\"2622\" data-is-only-node=\"\">Un cri   <\/p>\n<p data-start=\"2649\" data-end=\"2884\">Pour porter ce cri plus loin, LaFurie donne vie \u00e0 une symphonie visuelle : LAMUKA TATA<br data-start=\"2727\" data-end=\"2730\">Un film tiss\u00e9 de fragments, d\u2019archives historiques, de souvenirs d\u2019enfance et de m\u00e9moire ancestrale.<br data-start=\"2824\" data-end=\"2827\">Un r\u00eave mystique.<br data-start=\"2844\" data-end=\"2847\">Une r\u00e9volte sonore.<br data-start=\"2862\" data-end=\"2865\">Un appel \u00e0 l\u2019\u00e9veil.<\/p>\n<p data-start=\"2886\" data-end=\"3506\"><strong data-start=\"2886\" data-end=\"2960\">23:00 | Performance de <a href=\"https:\/\/transeuropafestival.eu\/fr\/speakers\/mark-rekai\/\"><span style=\"text-decoration: underline;\">R\u00e9kai M\u00e1rk<\/span><\/a> : <em data-start=\"2926\" data-end=\"2958\">La naissance du Merveilleux Cerf<\/em><\/strong><br data-start=\"2960\" data-end=\"2963\">Na\u00eetre, courir, mourir, rena\u00eetre<br data-start=\"2989\" data-end=\"2992\">Na\u00eetre, courir, mourir, rena\u00eetre<br data-start=\"3018\" data-end=\"3021\">Na\u00eetre, courir, mourir, \u2026<br data-start=\"3040\" data-end=\"3043\">Venu d\u2019au-del\u00e0 des si\u00e8cles et des l\u00e9gendes, le Merveilleux Cerf \u2014 jadis traqu\u00e9 par d\u2019innombrables peuples et tribus \u00e0 travers l\u2019Europe \u2014 rena\u00eet une fois encore, anim\u00e9 par le d\u00e9sir de guider ceux qui en ont le plus besoin. Mais qui reste-t-il \u00e0 guider, et o\u00f9 se trouve cette nouvelle terre d\u2019abondance et de prosp\u00e9rit\u00e9 ? \u2014 autant de questions qui demeurent sans r\u00e9ponse.  <br data-start=\"3276\" data-end=\"3279\">Rejoignez le sabbat cybern\u00e9tique de r\u00e9surrection du Dieu-Cerf pa\u00efen et embarquez pour un nouveau voyage \u00e0 travers la performance de Mark R\u00e9kai, commissaire, performeur et artiste visuel hongrois, qui explore les fronti\u00e8res entre l\u2019iconographie folklorique traditionnelle et le post-contemporain.<\/p>\n<p data-start=\"3508\" data-end=\"4222\"><strong data-start=\"3508\" data-end=\"3543\">23:30 | Set DJ : <a href=\"https:\/\/transeuropafestival.eu\/fr\/speakers\/lola-ondi-kwa\/\"><span style=\"text-decoration: underline;\">Lola Ondikwa<\/span><\/a><\/strong><\/p>\n<p data-start=\"0\" data-end=\"406\">DJ Lola Ondi Kwa Jeune artiste franco-ivoirienne, philosophe, f\u00e9ministe et queer. Lola Ondi Kwa s\u2019engage sur le dancefloor ! Espace o\u00f9 elle pr\u00f4ne l\u2019inclusivit\u00e9 en naviguant avec \u00e9nergie entre des sonorit\u00e9s Afrohouse, Amapiano, Gqom, Afrotrap, Baile Funk, Kuduro, Batida, Coup\u00e9 d\u00e9cal\u00e9, Biama, Rap\u2019Ivoir\u2019, Trap et Rap de Bad Bitch, Jersey Club, Vogue, House, Bouyon, Shatta, RnB, \u00c9lectronique\u2026 <\/p>\n<p data-start=\"408\" data-end=\"774\">Lola Ondi Kwa combine avec brio son \u00e9clectisme culturelle et puise dans sa riche exp\u00e9rience pour cr\u00e9er une ambiance unique \u00e0 chaque \u00e9v\u00e9nement, m\u00ealant sonorit\u00e9 underground et ses hits pr\u00e9f\u00e9r\u00e9s du moment . Sa passion pour les sonorit\u00e9s afrodiasporiques et son engagement envers la diversit\u00e9 et l\u2019inclusion des LGBTQIA+ n\u2019est plus \u00e0 prouver et son \u00e9nergie et sa capacit\u00e9 \u00e0 faire danser les foules est tr\u00e8s recherch\u00e9e.  <\/p>\n<p data-start=\"776\" data-end=\"946\" data-is-last-node=\"\" data-is-only-node=\"\">\u00c0 travers ses sets, et maintenant \u00e0 travers le @maquis_des_degats, elle met en valeur des artistes femmes, noires, queers de notre \u00e9poque, avec une seule consigne : l\u2019enjaillement !<\/p>\n<p data-start=\"4224\" data-end=\"4464\" data-is-last-node=\"\" data-is-only-node=\"\"><strong data-start=\"4224\" data-end=\"4251\">00:30 | Set DJ : <a href=\"https:\/\/transeuropafestival.eu\/fr\/speakers\/93dz\/\"><span style=\"text-decoration: underline;\">93Dz<\/span><\/a><\/strong><br data-start=\"4251\" data-end=\"4254\">DJ et producteur.ice et fondateur.ice d\u2019@avantgarce 93DZ incorpore des \u00e9l\u00e9ments percussifs de diff\u00e9rents genres dans sa musique. Cette exploration d\u2019influences musical permet d\u2019exp\u00e9rimenter des fusions m\u00ealant SWANA, hard drums et hardcore &lt;3 <\/p>\n<p><strong>Lieu<\/strong> : Les Arches Citoyennes, 3 Place de l\u2019H\u00f4tel de Ville, 75004 Paris<\/p>\n<p><strong>Date &amp; Heure<\/strong> : Samedi 7 juin | 20:30 \u2013 1:30<\/p>\n","protected":false},"excerpt":{"rendered":"<p>Nuit Blanche Une soir\u00e9e et une nuit de transformation, de performances artistiques et de joie! Les Marges en F\u00eates ! 19:30 | TRANSFORMATION \u2013 Activit\u00e9s interactives(dont 20:00\u2013 21:00 | Performance de Paula Doyle : \u00ab Qui suis-je ? \u00bb)L\u2019identit\u00e9 est l\u2019expression de ce qui n\u2019est ni dit ni \u00e9crit, mais la conviction profonde de la [&hellip;]<\/p>\n","protected":false},"author":2,"featured_media":0,"parent":0,"menu_order":0,"comment_status":"closed","ping_status":"closed","template":"","meta":{"footnotes":""},"class_list":["post-19291","page","type-page","status-publish","hentry"],"_links":{"self":[{"href":"https:\/\/transeuropafestival.eu\/fr\/wp-json\/wp\/v2\/pages\/19291","targetHints":{"allow":["GET"]}}],"collection":[{"href":"https:\/\/transeuropafestival.eu\/fr\/wp-json\/wp\/v2\/pages"}],"about":[{"href":"https:\/\/transeuropafestival.eu\/fr\/wp-json\/wp\/v2\/types\/page"}],"author":[{"embeddable":true,"href":"https:\/\/transeuropafestival.eu\/fr\/wp-json\/wp\/v2\/users\/2"}],"replies":[{"embeddable":true,"href":"https:\/\/transeuropafestival.eu\/fr\/wp-json\/wp\/v2\/comments?post=19291"}],"version-history":[{"count":2,"href":"https:\/\/transeuropafestival.eu\/fr\/wp-json\/wp\/v2\/pages\/19291\/revisions"}],"predecessor-version":[{"id":19793,"href":"https:\/\/transeuropafestival.eu\/fr\/wp-json\/wp\/v2\/pages\/19291\/revisions\/19793"}],"wp:attachment":[{"href":"https:\/\/transeuropafestival.eu\/fr\/wp-json\/wp\/v2\/media?parent=19291"}],"curies":[{"name":"wp","href":"https:\/\/api.w.org\/{rel}","templated":true}]}}