{"id":19619,"date":"2025-06-04T16:09:11","date_gmt":"2025-06-04T16:09:11","guid":{"rendered":"https:\/\/transeuropafestival.eu\/atelier-parentalites-marginalisees-defendre-les-droits-de-la-famille-a-lechelle-europeenne\/"},"modified":"2025-06-04T16:09:11","modified_gmt":"2025-06-04T16:09:11","slug":"atelier-parentalites-marginalisees-defendre-les-droits-de-la-famille-a-lechelle-europeenne","status":"publish","type":"page","link":"https:\/\/transeuropafestival.eu\/fr\/atelier-parentalites-marginalisees-defendre-les-droits-de-la-famille-a-lechelle-europeenne\/","title":{"rendered":"Atelier -\u00ab Parentalit\u00e9s marginalis\u00e9es : d\u00e9fendre les droits de la famille \u00e0 l&#8217;\u00e9chelle europ\u00e9enne \u00bb"},"content":{"rendered":"<h2><b>Atelier &#8211;<em>\u00ab Parentalit\u00e9s marginalis\u00e9es : d\u00e9fendre les droits de la famille \u00e0 l&#8217;\u00e9chelle europ\u00e9enne \u00bb<\/em><\/b><\/h2>\n<h3><b>CONTEXTE<\/b><\/h3>\n<p><span style=\"font-weight: 400;\">Partout en Europe, le retour de b\u00e2ton conservateur, antif\u00e9ministe et anti-genre frappe durement les familles marginalis\u00e9es \u2014 racis\u00e9es, LGBTQIA+, monoparentales, pr\u00e9caires et en situation de handicap. Suppressions d\u2019actes de naissance, non-reconnaissance des enfants n\u00e9s par PMA ou GPA, attaques contre l\u2019\u00e9ducation sexuelle inclusive, violences administratives envers les familles queer, migrantes et pauvres\u2026 Derri\u00e8re la rh\u00e9torique pr\u00e9tendument &#8220;pro-famille&#8221; de l\u2019extr\u00eame droite se cache une vision normative, patriarcale et raciste de la famille, qui menace les droits fondamentaux des personnes.  <\/span><\/p>\n<p><span style=\"font-weight: 400;\">\u00c0 travers l\u2019Europe, les discours r\u00e9actionnaires visent les familles marginalis\u00e9es parce qu\u2019elles ne se conforment pas au mod\u00e8le dominant de la famille blanche, cisgenre et h\u00e9t\u00e9rosexuelle ; elles sont d\u00e8s lors d\u00e9peintes comme intrins\u00e8quement dysfonctionnelles.<\/span><\/p>\n<p><span style=\"font-weight: 400;\">En France, malgr\u00e9 l\u2019ouverture de l\u2019acc\u00e8s \u00e0 la PMA, de nombreuses familles restent exclues d\u2019une reconnaissance juridique et sociale pleine et enti\u00e8re, et subissent une invisibilisation syst\u00e9mique. Cet atelier, organis\u00e9 dans le cadre du festival f\u00e9ministe et transnational  <\/span><i><span style=\"font-weight: 400;\">Les Marges en Feu !<\/span><\/i><span style=\"font-weight: 400;\">, vise \u00e0 amplifier les voix <\/span><span style=\"font-weight: 400;\">trop souvent rel\u00e9gu\u00e9es aux marges \u2014 et \u00e0 en faire un levier strat\u00e9gique pour d\u00e9fendre les droits des familles \u00e0 l\u2019\u00e9chelle europ\u00e9enne.<\/span><\/p>\n<h3><b>Objectifs de l\u2019atelier<\/b><\/h3>\n<ul>\n<li style=\"font-weight: 400;\" aria-level=\"1\"><span style=\"font-weight: 400;\">Mettre en lumi\u00e8re les luttes des parentalit\u00e9s queer, racis\u00e9es, migrantes, handicap\u00e9es et issues des classes populaires face aux attaques r\u00e9actionnaires.<\/span><span style=\"font-weight: 400;\">\n<p><\/span><\/li>\n<li style=\"font-weight: 400;\" aria-level=\"1\"><span style=\"font-weight: 400;\">Analyser les politiques discriminatoires actuelles et les formes de backlash juridique \u00e0 travers l\u2019Europe.<\/span><span style=\"font-weight: 400;\">\n<p><\/span><\/li>\n<li style=\"font-weight: 400;\" aria-level=\"1\"><span style=\"font-weight: 400;\">Briser les cloisonnements entre genre, sexualit\u00e9, race et citoyennet\u00e9 dans les d\u00e9bats sur les politiques familiales.<\/span><span style=\"font-weight: 400;\">\n<p><\/span><\/li>\n<li style=\"font-weight: 400;\" aria-level=\"1\"><span style=\"font-weight: 400;\">Co-construire des recommandations concr\u00e8tes pour la reconnaissance et la protection des familles LGBTQIA+ au sein de l\u2019Union europ\u00e9enne.<\/span><\/li>\n<\/ul>\n<p data-start=\"2536\" data-end=\"2640\" data-is-last-node=\"\" data-is-only-node=\"\"><strong>Lieu<\/strong> : Les Arches Citoyennes, 3 Place de l&#8217;H\u00f4tel de Ville, 75004 Paris<\/p>\n<p data-start=\"2536\" data-end=\"2640\" data-is-last-node=\"\" data-is-only-node=\"\"><strong>Date &amp; Heure<\/strong> : Samedi 7 juin | 10:30 \u2013 12:30<\/p>\n<p data-start=\"2536\" data-end=\"2640\" data-is-last-node=\"\" data-is-only-node=\"\"><strong>Langue(s)<\/strong> : Anglais &amp; fran\u00e7ais (traduction simultan\u00e9e)<\/p>\n<p data-start=\"2536\" data-end=\"2640\" data-is-last-node=\"\" data-is-only-node=\"\"><strong>Intervenant\u00b7es<\/strong> : <a href=\"https:\/\/transeuropafestival.eu\/fr\/speakers\/johanna-soraya-benamrouche\/\"><span style=\"text-decoration: underline;\">Johanna-Soraya Benamrouche<\/span><\/a>, Camille Fidelin, <a href=\"https:\/\/transeuropafestival.eu\/fr\/speakers\/veronique-cerasoli\/\"><span style=\"text-decoration: underline;\">V\u00e9ronique Cerasoli<\/span><\/a>, <a href=\"https:\/\/transeuropafestival.eu\/fr\/speakers\/ilaria-todde\/\"><span style=\"text-decoration: underline;\">Ilaria Todde<\/span><\/a>, <a href=\"https:\/\/transeuropafestival.eu\/fr\/speakers\/aglaia-orfanidou\/\"><span style=\"text-decoration: underline;\">Algaia Orfanidou<\/span><\/a>, <a href=\"https:\/\/transeuropafestival.eu\/fr\/speakers\/hana-kulhankova\/\"><span style=\"text-decoration: underline;\">Hana Kulhankova<\/span><\/a><\/p>\n<p data-start=\"2536\" data-end=\"2640\" data-is-last-node=\"\" data-is-only-node=\"\">Cet atelier n&#8217;est <strong>PAS<\/strong> ouvert au public.<\/p>\n","protected":false},"excerpt":{"rendered":"<p>Atelier &#8211;\u00ab Parentalit\u00e9s marginalis\u00e9es : d\u00e9fendre les droits de la famille \u00e0 l&#8217;\u00e9chelle europ\u00e9enne \u00bb CONTEXTE Partout en Europe, le retour de b\u00e2ton conservateur, antif\u00e9ministe et anti-genre frappe durement les familles marginalis\u00e9es \u2014 racis\u00e9es, LGBTQIA+, monoparentales, pr\u00e9caires et en situation de handicap. Suppressions d\u2019actes de naissance, non-reconnaissance des enfants n\u00e9s par PMA ou GPA, attaques [&hellip;]<\/p>\n","protected":false},"author":2,"featured_media":0,"parent":0,"menu_order":0,"comment_status":"closed","ping_status":"closed","template":"","meta":{"footnotes":""},"class_list":["post-19619","page","type-page","status-publish","hentry"],"_links":{"self":[{"href":"https:\/\/transeuropafestival.eu\/fr\/wp-json\/wp\/v2\/pages\/19619","targetHints":{"allow":["GET"]}}],"collection":[{"href":"https:\/\/transeuropafestival.eu\/fr\/wp-json\/wp\/v2\/pages"}],"about":[{"href":"https:\/\/transeuropafestival.eu\/fr\/wp-json\/wp\/v2\/types\/page"}],"author":[{"embeddable":true,"href":"https:\/\/transeuropafestival.eu\/fr\/wp-json\/wp\/v2\/users\/2"}],"replies":[{"embeddable":true,"href":"https:\/\/transeuropafestival.eu\/fr\/wp-json\/wp\/v2\/comments?post=19619"}],"version-history":[{"count":0,"href":"https:\/\/transeuropafestival.eu\/fr\/wp-json\/wp\/v2\/pages\/19619\/revisions"}],"wp:attachment":[{"href":"https:\/\/transeuropafestival.eu\/fr\/wp-json\/wp\/v2\/media?parent=19619"}],"curies":[{"name":"wp","href":"https:\/\/api.w.org\/{rel}","templated":true}]}}