{"id":19628,"date":"2025-06-04T16:32:52","date_gmt":"2025-06-04T16:32:52","guid":{"rendered":"https:\/\/transeuropafestival.eu\/festival-a-saint-denis\/"},"modified":"2025-06-04T16:32:52","modified_gmt":"2025-06-04T16:32:52","slug":"festival-a-saint-denis","status":"publish","type":"page","link":"https:\/\/transeuropafestival.eu\/fr\/festival-a-saint-denis\/","title":{"rendered":"Festival \u00e0 Saint-Denis"},"content":{"rendered":"<h2 data-start=\"39\" data-end=\"676\"><em><strong data-start=\"39\" data-end=\"273\">Festival \u00e0 Saint-Denis (TRANSEUROPA x NousToutes 93 Antiraciste)<\/strong><\/em><\/h2>\n<p data-start=\"39\" data-end=\"676\"><strong data-start=\"39\" data-end=\"273\">Face \u00e0 la mont\u00e9e inqui\u00e9tante des discours de haine, \u00e0 l&#8217;explosion des actes islamophobes, racistes et sexistes, \u00e0 la pr\u00e9carisation galopante des travailleur\u00b7ses et \u00e0 l&#8217;abandon des services publics dans les quartiers populaires, les f\u00e9ministes r\u00e9sistent !<\/strong><br data-start=\"273\" data-end=\"276\">Plus que jamais, nous avons besoin de lieux pour nous retrouver, penser et lutter ensemble. C\u2019est dans cette urgence que na\u00eet notre festival antiraciste, f\u00e9ministe et solidaire. Ce rendez-vous est une r\u00e9ponse collective \u00e0 une \u00e9poque qui criminalise les pauvres, stigmatise les musulman\u00b7es, marginalise les femmes et les minorit\u00e9s de genre, et continue d\u2019ignorer les voix des quartiers populaires..<\/p>\n<p data-start=\"678\" data-end=\"898\">Tandis que les m\u00e9dias dominants relayent \u00e0 peine les luttes des travailleuses sans-papiers, des m\u00e8res isol\u00e9es, des jeunes harcel\u00e9\u00b7es dans leurs \u00e9coles ou des familles sans toit, nous choisissons de faire r\u00e9sonner leurs voix dans l\u2019espace public.<\/p>\n<hr data-start=\"900\" data-end=\"903\">\n<p data-start=\"905\" data-end=\"955\"><strong data-start=\"905\" data-end=\"955\">UN FESTIVAL POUR CONVERGER, PARTAGER, AGIR<\/strong><\/p>\n<p data-start=\"957\" data-end=\"1336\"><strong data-start=\"960\" data-end=\"982\">Au programme<\/strong> :<br data-start=\"983\" data-end=\"986\">\u25cf Des stands d\u2019associations locales et nationales qui agissent chaque jour contre les discriminations, pour la justice sociale et l\u2019\u00e9galit\u00e9 r\u00e9elle.<br data-start=\"1111\" data-end=\"1114\">\u25cf Des d\u00e9bats, des ateliers autog\u00e9r\u00e9s : sur le racisme structurel, le f\u00e9minisme populaire, la sant\u00e9 communautaire, la solidarit\u00e9 internationale.<br data-start=\"1241\" data-end=\"1244\">\u25cf Des performances artistiques, des concerts, des chants de lutte : parce que r\u00e9sister, c\u2019est aussi c\u00e9l\u00e9brer.<\/p>\n<hr data-start=\"1338\" data-end=\"1341\">\n<p data-start=\"1343\" data-end=\"1626\"><strong data-start=\"1343\" data-end=\"1367\">UN MOMENT POUR LA DIGNIT\u00c9<\/strong><br data-start=\"1367\" data-end=\"1370\">Ce festival s\u2019inscrit dans une dynamique plus large : des mobilisations contre les violences polici\u00e8res, des collectifs de pr\u00e9caires, des luttes \u00e9cologiques populaires, des prides de banlieue, des mouvements qui refusent de se taire face \u00e0 l\u2019ordre \u00e9tabli.<\/p>\n<p data-start=\"1628\" data-end=\"1805\">Il ne s\u2019agit pas d\u2019un simple \u00e9v\u00e9nement festif. Il s\u2019agit d\u2019un acte politique : r\u00e9occuper l\u2019espace, reprendre la parole, tisser des solidarit\u00e9s. Notre festival se veut un souffle de vie, d\u2019espoir et de r\u00e9sistance.  <\/p>\n<hr data-start=\"1807\" data-end=\"1810\">\n<p data-start=\"1812\" data-end=\"2012\" data-is-last-node=\"\" data-is-only-node=\"\"><strong data-start=\"1812\" data-end=\"1830\">INFOS PRATIQUES<\/strong><br data-start=\"1830\" data-end=\"1833\">Lieu : <strong data-start=\"1846\" data-end=\"1896\">Saint-Denis, 93 \u2013 Salle de la L\u00e9gion d\u2019Honneur<\/strong><br data-start=\"1896\" data-end=\"1899\">Date &amp; Heure : <strong data-start=\"1915\" data-end=\"1954\">Dimanche 8 juin de 13:00 \u00e0 22:00<\/strong><br data-start=\"1954\" data-end=\"1957\">Contact presse : <strong data-start=\"1975\" data-end=\"2012\" data-is-last-node=\"\"><a class=\"cursor-pointer\" rel=\"noopener\" data-start=\"1977\" data-end=\"2010\">noustoutes93antiraciste@gmail.com<\/a><\/strong><\/p>\n","protected":false},"excerpt":{"rendered":"<p>Festival \u00e0 Saint-Denis (TRANSEUROPA x NousToutes 93 Antiraciste) Face \u00e0 la mont\u00e9e inqui\u00e9tante des discours de haine, \u00e0 l&#8217;explosion des actes islamophobes, racistes et sexistes, \u00e0 la pr\u00e9carisation galopante des travailleur\u00b7ses et \u00e0 l&#8217;abandon des services publics dans les quartiers populaires, les f\u00e9ministes r\u00e9sistent !Plus que jamais, nous avons besoin de lieux pour nous retrouver, [&hellip;]<\/p>\n","protected":false},"author":2,"featured_media":0,"parent":0,"menu_order":0,"comment_status":"closed","ping_status":"closed","template":"","meta":{"footnotes":""},"class_list":["post-19628","page","type-page","status-publish","hentry"],"_links":{"self":[{"href":"https:\/\/transeuropafestival.eu\/fr\/wp-json\/wp\/v2\/pages\/19628","targetHints":{"allow":["GET"]}}],"collection":[{"href":"https:\/\/transeuropafestival.eu\/fr\/wp-json\/wp\/v2\/pages"}],"about":[{"href":"https:\/\/transeuropafestival.eu\/fr\/wp-json\/wp\/v2\/types\/page"}],"author":[{"embeddable":true,"href":"https:\/\/transeuropafestival.eu\/fr\/wp-json\/wp\/v2\/users\/2"}],"replies":[{"embeddable":true,"href":"https:\/\/transeuropafestival.eu\/fr\/wp-json\/wp\/v2\/comments?post=19628"}],"version-history":[{"count":0,"href":"https:\/\/transeuropafestival.eu\/fr\/wp-json\/wp\/v2\/pages\/19628\/revisions"}],"wp:attachment":[{"href":"https:\/\/transeuropafestival.eu\/fr\/wp-json\/wp\/v2\/media?parent=19628"}],"curies":[{"name":"wp","href":"https:\/\/api.w.org\/{rel}","templated":true}]}}