{"id":19659,"date":"2025-06-05T08:53:21","date_gmt":"2025-06-05T08:53:21","guid":{"rendered":"https:\/\/transeuropafestival.eu\/atelier-par-feministes-contre-le-cyberharcelement-cyberviolences-de-genre-mieux-les-comprendre-pour-mieux-y-resister\/"},"modified":"2025-06-05T09:11:08","modified_gmt":"2025-06-05T09:11:08","slug":"atelier-par-feministes-contre-le-cyberharcelement-cyberviolences-de-genre-mieux-les-comprendre-pour-mieux-y-resister","status":"publish","type":"page","link":"https:\/\/transeuropafestival.eu\/fr\/atelier-par-feministes-contre-le-cyberharcelement-cyberviolences-de-genre-mieux-les-comprendre-pour-mieux-y-resister\/","title":{"rendered":"Atelier par F\u00e9ministes contre le cyberharc\u00e8lement \u2013 \u00ab Cyberviolences de genre : Mieux les comprendre pour mieux y r\u00e9sister \u00bb"},"content":{"rendered":"<h2><strong> Atelier par F\u00e9ministes contre le cyberharc\u00e8lement \u2013 <em>\u00ab Cyberviolences de genre : Mieux les comprendre pour mieux y r\u00e9sister \u00bb<\/em><\/strong><\/h2>\n<p>Loin d\u2019\u00eatre un ph\u00e9nom\u00e8ne marginal, les cyberviolences sont largement r\u00e9pandues, elles envahissent les espaces num\u00e9riques, prolongeant les violences et les oppressions que l\u2019on constate hors ligne.<br data-start=\"208\" data-end=\"211\">Derri\u00e8re les menaces, les injures, les raids de cyberharc\u00e8lement, la cybersurveillance et les cyberviolences sexuelles, c\u2019est tout un syst\u00e8me de domination \u00e0 l\u2019encontre des femmes, des enfants et des groupes minor\u00e9s qui se renforce et s\u2019actualise. <\/p>\n<p>Cette formation abordera les sp\u00e9cificit\u00e9s de ces violences, leur pr\u00e9valence, la l\u00e9gislation en vigueur, ainsi que leur caract\u00e8re genr\u00e9 et leur ancrage structurel, mais aussi les ressources, outils et strat\u00e9gies concr\u00e8tes pouvant \u00eatre mobilis\u00e9es pour am\u00e9liorer l&#8217;accompagnement des victimes et tisser des r\u00e9sistances individuelles et collectives.<\/p>\n<p data-start=\"2536\" data-end=\"2640\" data-is-last-node=\"\" data-is-only-node=\"\"><strong>Lieu<\/strong> : Les Arches Citoyennes, 3 Place de l\u2019H\u00f4tel de Ville, 75004 Paris<\/p>\n<p data-start=\"2536\" data-end=\"2640\" data-is-last-node=\"\" data-is-only-node=\"\"><strong>Date &amp; Heure<\/strong> : Samedi 7 juin | 10:30 \u2013 12:30<\/p>\n<p data-start=\"2536\" data-end=\"2640\" data-is-last-node=\"\" data-is-only-node=\"\"><strong>Langue(s)<\/strong>: Fran\u00e7ais<\/p>\n<p data-start=\"2536\" data-end=\"2640\" data-is-last-node=\"\" data-is-only-node=\"\"><strong>Mod\u00e9r\u00e9 par<\/strong> : <a href=\"https:\/\/transeuropafestival.eu\/fr\/speakers\/laure-salmona\/\"><span style=\"text-decoration: underline;\">Laure Salmona<\/span><\/a><\/p>\n<p data-start=\"2536\" data-end=\"2640\" data-is-last-node=\"\" data-is-only-node=\"\">INSCRIPTION OBLIGATOIRE <a href=\"https:\/\/www.helloasso.com\/associations\/alternatives-europeennes\/evenements\/atelier-cyberviolences-de-genre-mieux-les-comprendre-pour-mieux-y-resister\"><span style=\"text-decoration: underline;\">ICI<\/span><\/a><\/p>\n","protected":false},"excerpt":{"rendered":"<p>Atelier par F\u00e9ministes contre le cyberharc\u00e8lement \u2013 \u00ab Cyberviolences de genre : Mieux les comprendre pour mieux y r\u00e9sister \u00bb Loin d\u2019\u00eatre un ph\u00e9nom\u00e8ne marginal, les cyberviolences sont largement r\u00e9pandues, elles envahissent les espaces num\u00e9riques, prolongeant les violences et les oppressions que l\u2019on constate hors ligne.Derri\u00e8re les menaces, les injures, les raids de cyberharc\u00e8lement, la [&hellip;]<\/p>\n","protected":false},"author":2,"featured_media":0,"parent":0,"menu_order":0,"comment_status":"closed","ping_status":"closed","template":"","meta":{"footnotes":""},"class_list":["post-19659","page","type-page","status-publish","hentry"],"_links":{"self":[{"href":"https:\/\/transeuropafestival.eu\/fr\/wp-json\/wp\/v2\/pages\/19659","targetHints":{"allow":["GET"]}}],"collection":[{"href":"https:\/\/transeuropafestival.eu\/fr\/wp-json\/wp\/v2\/pages"}],"about":[{"href":"https:\/\/transeuropafestival.eu\/fr\/wp-json\/wp\/v2\/types\/page"}],"author":[{"embeddable":true,"href":"https:\/\/transeuropafestival.eu\/fr\/wp-json\/wp\/v2\/users\/2"}],"replies":[{"embeddable":true,"href":"https:\/\/transeuropafestival.eu\/fr\/wp-json\/wp\/v2\/comments?post=19659"}],"version-history":[{"count":1,"href":"https:\/\/transeuropafestival.eu\/fr\/wp-json\/wp\/v2\/pages\/19659\/revisions"}],"predecessor-version":[{"id":19667,"href":"https:\/\/transeuropafestival.eu\/fr\/wp-json\/wp\/v2\/pages\/19659\/revisions\/19667"}],"wp:attachment":[{"href":"https:\/\/transeuropafestival.eu\/fr\/wp-json\/wp\/v2\/media?parent=19659"}],"curies":[{"name":"wp","href":"https:\/\/api.w.org\/{rel}","templated":true}]}}