{"id":19665,"date":"2025-06-05T09:09:57","date_gmt":"2025-06-05T09:09:57","guid":{"rendered":"https:\/\/transeuropafestival.eu\/atelier-par-georgette-sand-empowermeuf%ef%b8%8f-renforcer-son-auto-defense-verbale\/"},"modified":"2025-06-05T09:09:57","modified_gmt":"2025-06-05T09:09:57","slug":"atelier-par-georgette-sand-empowermeuf%ef%b8%8f-renforcer-son-auto-defense-verbale","status":"publish","type":"page","link":"https:\/\/transeuropafestival.eu\/fr\/atelier-par-georgette-sand-empowermeuf%ef%b8%8f-renforcer-son-auto-defense-verbale\/","title":{"rendered":"Atelier par Georgette Sand &#8211; \u00ab EMPOWERMEUF\u2122\ufe0f : Renforcer son auto-d\u00e9fense verbale \u00bb"},"content":{"rendered":"<h2>Atelier par Georgette Sand &#8211; <em>\u00ab EMPOWERMEUF\u2122\ufe0f : Renforcer son auto-d\u00e9fense verbale \u00bb<\/em><\/h2>\n<p>Georgette Sand travaille sur un double standard (la critique syst\u00e9matique faites aux femmes, quoiqu&#8217;elle fassent dans le monde r\u00e9el ou virtuel) dans cet atelier sur la confiance en soi.<\/p>\n<p>Au programme, des outils simples et concrets pour mieux r\u00e9sister \u00e0 la critique li\u00e9e aux st\u00e9r\u00e9otypes qui peuvent viser certains groupes (sexisme, racisme, grossophobie, etc.) ou cat\u00e9gories (m\u00e9tiers, activit\u00e9s).<\/p>\n<p data-start=\"2536\" data-end=\"2640\" data-is-last-node=\"\" data-is-only-node=\"\"><strong>Lieu<\/strong> : Les Arches Citoyennes, 3 Place de l\u2019H\u00f4tel de Ville, 75004 Paris<\/p>\n<p data-start=\"2536\" data-end=\"2640\" data-is-last-node=\"\" data-is-only-node=\"\"><strong>Date &amp; Heure<\/strong> : Samedi 7 juin | 11:00 \u2013 12:30<\/p>\n<p data-start=\"2536\" data-end=\"2640\" data-is-last-node=\"\" data-is-only-node=\"\"><strong>Langue(s)<\/strong>: Fran\u00e7ais<\/p>\n<p data-start=\"2536\" data-end=\"2640\" data-is-last-node=\"\" data-is-only-node=\"\"><strong>Mod\u00e9r\u00e9 par<\/strong> : <a href=\"https:\/\/transeuropafestival.eu\/fr\/speakers\/ophelie-latil\/\"><span style=\"text-decoration: underline;\">Oph\u00e9lie Latil<\/span><\/a><\/p>\n<p data-start=\"2536\" data-end=\"2640\" data-is-last-node=\"\" data-is-only-node=\"\">INSCRIPTION OBLIGATOIRE <a href=\"https:\/\/www.helloasso.com\/associations\/alternatives-europeennes\/evenements\/atelier-par-georgette-sand-empowermeuf-renforcer-son-autodefense-verbale\"><span style=\"text-decoration: underline;\">ICI<\/span><\/a><\/p>\n<p>&nbsp;<\/p>\n","protected":false},"excerpt":{"rendered":"<p>Atelier par Georgette Sand &#8211; \u00ab EMPOWERMEUF\u2122\ufe0f : Renforcer son auto-d\u00e9fense verbale \u00bb Georgette Sand travaille sur un double standard (la critique syst\u00e9matique faites aux femmes, quoiqu&#8217;elle fassent dans le monde r\u00e9el ou virtuel) dans cet atelier sur la confiance en soi. Au programme, des outils simples et concrets pour mieux r\u00e9sister \u00e0 la critique [&hellip;]<\/p>\n","protected":false},"author":2,"featured_media":0,"parent":0,"menu_order":0,"comment_status":"closed","ping_status":"closed","template":"","meta":{"footnotes":""},"class_list":["post-19665","page","type-page","status-publish","hentry"],"_links":{"self":[{"href":"https:\/\/transeuropafestival.eu\/fr\/wp-json\/wp\/v2\/pages\/19665","targetHints":{"allow":["GET"]}}],"collection":[{"href":"https:\/\/transeuropafestival.eu\/fr\/wp-json\/wp\/v2\/pages"}],"about":[{"href":"https:\/\/transeuropafestival.eu\/fr\/wp-json\/wp\/v2\/types\/page"}],"author":[{"embeddable":true,"href":"https:\/\/transeuropafestival.eu\/fr\/wp-json\/wp\/v2\/users\/2"}],"replies":[{"embeddable":true,"href":"https:\/\/transeuropafestival.eu\/fr\/wp-json\/wp\/v2\/comments?post=19665"}],"version-history":[{"count":0,"href":"https:\/\/transeuropafestival.eu\/fr\/wp-json\/wp\/v2\/pages\/19665\/revisions"}],"wp:attachment":[{"href":"https:\/\/transeuropafestival.eu\/fr\/wp-json\/wp\/v2\/media?parent=19665"}],"curies":[{"name":"wp","href":"https:\/\/api.w.org\/{rel}","templated":true}]}}