{"id":19674,"date":"2025-06-05T09:51:51","date_gmt":"2025-06-05T09:51:51","guid":{"rendered":"https:\/\/transeuropafestival.eu\/atelier-anti-raciste-decolonial-par-khlass-les-cliches-nos-ombres-partagees-deconstruire-les-discriminations-quon-porte\/"},"modified":"2025-06-05T10:20:18","modified_gmt":"2025-06-05T10:20:18","slug":"atelier-anti-raciste-decolonial-par-khlass-les-cliches-nos-ombres-partagees-deconstruire-les-discriminations-quon-porte","status":"publish","type":"page","link":"https:\/\/transeuropafestival.eu\/fr\/atelier-anti-raciste-decolonial-par-khlass-les-cliches-nos-ombres-partagees-deconstruire-les-discriminations-quon-porte\/","title":{"rendered":"Atelier (anti-raciste &amp; d\u00e9colonial) par Khlass les Clich\u00e9s &#8211; \u00ab Nos ombres partag\u00e9es : D\u00e9construire les discriminations qu&#8217;on porte \u00bb"},"content":{"rendered":"<h2>Atelier (anti-raciste &amp; d\u00e9colonial) par Khlass les Clich\u00e9s<em> &#8211;<\/em> <em>\u00ab Nos ombres partag\u00e9es : D\u00e9construire les discriminations qu&#8217;on porte \u00bb<\/em><\/h2>\n<p>Lors de cet atelier, <em data-start=\"879\" data-end=\"899\">Khlass les Clich\u00e9s <\/em>vous propose de r\u00e9fl\u00e9chir ensemble \u00e0 nos comportements parfois discriminants, m\u00eame involontaires, li\u00e9s \u00e0 nos privil\u00e8ges. Chacun\u00b7e peut anonymement partager une pens\u00e9e ou un acte qu\u2019iel trouve probl\u00e9matique. On lit, on \u00e9change, sans jugement ni culpabilisation.  <\/p>\n<p>L\u2019id\u00e9e ? Comprendre nos contradictions et avancer collectivement, en toute bienveillance. <\/p>\n<p data-start=\"2536\" data-end=\"2640\" data-is-last-node=\"\" data-is-only-node=\"\"><strong>Lieu<\/strong> : Les Arches Citoyennes, 3 Place de l&#8217;H\u00f4tel de Ville, 75004 Paris<\/p>\n<p data-start=\"2536\" data-end=\"2640\" data-is-last-node=\"\" data-is-only-node=\"\"><strong>Date &amp; Heure<\/strong> : Samedi 7 juin | 12:45 \u2013 14:15<\/p>\n<p data-start=\"2536\" data-end=\"2640\" data-is-last-node=\"\" data-is-only-node=\"\"><strong>Langue(s)<\/strong> : Anglais &amp; fran\u00e7ais (traduction simultan\u00e9e)<\/p>\n<p data-start=\"2536\" data-end=\"2640\" data-is-last-node=\"\" data-is-only-node=\"\"><strong>Mod\u00e9r\u00e9 par<\/strong> : <a href=\"https:\/\/transeuropafestival.eu\/fr\/speakers\/khlass-les-cliches-julie-lambrech\/\"><span style=\"text-decoration: underline;\">Khlass les Clich\u00e9s &amp; Julie Lambrech<\/span><\/a><\/p>\n<p data-start=\"2536\" data-end=\"2640\" data-is-last-node=\"\" data-is-only-node=\"\">INSCRIPTION OBLIGATOIRE <span style=\"text-decoration: underline;\"><span style=\"color: #000000;\"><a style=\"color: #000000; text-decoration: underline;\" href=\"https:\/\/www.helloasso.com\/associations\/alternatives-europeennes\/evenements\/atelier-par-khlass-les-cliches-nos-ombres-partagees-deconstruire-les-discrim\">ICI<\/a><\/span><\/span><\/p>\n","protected":false},"excerpt":{"rendered":"<p>Atelier (anti-raciste &amp; d\u00e9colonial) par Khlass les Clich\u00e9s &#8211; \u00ab Nos ombres partag\u00e9es : D\u00e9construire les discriminations qu&#8217;on porte \u00bb Lors de cet atelier, Khlass les Clich\u00e9s vous propose de r\u00e9fl\u00e9chir ensemble \u00e0 nos comportements parfois discriminants, m\u00eame involontaires, li\u00e9s \u00e0 nos privil\u00e8ges. Chacun\u00b7e peut anonymement partager une pens\u00e9e ou un acte qu\u2019iel trouve probl\u00e9matique. [&hellip;]<\/p>\n","protected":false},"author":2,"featured_media":0,"parent":0,"menu_order":0,"comment_status":"closed","ping_status":"closed","template":"","meta":{"footnotes":""},"class_list":["post-19674","page","type-page","status-publish","hentry"],"_links":{"self":[{"href":"https:\/\/transeuropafestival.eu\/fr\/wp-json\/wp\/v2\/pages\/19674","targetHints":{"allow":["GET"]}}],"collection":[{"href":"https:\/\/transeuropafestival.eu\/fr\/wp-json\/wp\/v2\/pages"}],"about":[{"href":"https:\/\/transeuropafestival.eu\/fr\/wp-json\/wp\/v2\/types\/page"}],"author":[{"embeddable":true,"href":"https:\/\/transeuropafestival.eu\/fr\/wp-json\/wp\/v2\/users\/2"}],"replies":[{"embeddable":true,"href":"https:\/\/transeuropafestival.eu\/fr\/wp-json\/wp\/v2\/comments?post=19674"}],"version-history":[{"count":1,"href":"https:\/\/transeuropafestival.eu\/fr\/wp-json\/wp\/v2\/pages\/19674\/revisions"}],"predecessor-version":[{"id":19683,"href":"https:\/\/transeuropafestival.eu\/fr\/wp-json\/wp\/v2\/pages\/19674\/revisions\/19683"}],"wp:attachment":[{"href":"https:\/\/transeuropafestival.eu\/fr\/wp-json\/wp\/v2\/media?parent=19674"}],"curies":[{"name":"wp","href":"https:\/\/api.w.org\/{rel}","templated":true}]}}