{"id":19680,"date":"2025-06-05T10:18:50","date_gmt":"2025-06-05T10:18:50","guid":{"rendered":"https:\/\/transeuropafestival.eu\/atelier-par-creatures-litteraires-et-costanza-chatellier-caviardages-atelier-decriture-et-de-dessin-doux-militant-et-queer\/"},"modified":"2025-06-05T10:18:50","modified_gmt":"2025-06-05T10:18:50","slug":"atelier-par-creatures-litteraires-et-costanza-chatellier-caviardages-atelier-decriture-et-de-dessin-doux-militant-et-queer","status":"publish","type":"page","link":"https:\/\/transeuropafestival.eu\/fr\/atelier-par-creatures-litteraires-et-costanza-chatellier-caviardages-atelier-decriture-et-de-dessin-doux-militant-et-queer\/","title":{"rendered":"Atelier par Cr\u00e9atures Litt\u00e9raires et Costanza Chatellier &#8211; \u00ab Caviardages : atelier d&#8217;\u00e9criture et de dessin, doux, militant et queer \u00bb"},"content":{"rendered":"<h2><strong>Atelier par Cr\u00e9atures Litt\u00e9raires et Costanza Chatellier &#8211; <em>\u00ab Caviardages : atelier d&#8217;\u00e9criture et de dessin, doux, militant et queer \u00bb<\/em><\/strong><\/h2>\n<p data-start=\"39\" data-end=\"259\">Atelier men\u00e9 dans une perspective militante, queer et f\u00e9ministe ; \u00e0 travers des consignes simples et des lectures d\u2019extraits choisis parmi des auteur\u00b7ices inspirant\u00b7es. Viens \u00e9crire, dessiner, gribouiller, \u00e9couter, lire, tu n\u2019es oblig\u00e9\u00b7e de rien.<\/p>\n<p data-start=\"261\" data-end=\"349\">Aucun pr\u00e9-requis litt\u00e9raire, pas besoin de savoir dessiner, tous profils bienvenus.<\/p>\n<p data-start=\"351\" data-end=\"756\">Dessinatrice et autrice <strong data-start=\"374\" data-end=\"407\">Costanza Chatellier de Felice<\/strong> questionne les rapports qu\u2019entretiennent images et textes dans les r\u00e9cits. Cofondatrice du festival <strong data-start=\"502\" data-end=\"519\">@labopoetique<\/strong>, elle s\u2019int\u00e9resse \u00e0 la rencontre des diff\u00e9rents arts et \u00e0 leur accessibilit\u00e9. Elle tente, \u00e0 travers les ateliers qu\u2019elle organise, d\u2019aller au-del\u00e0 de l\u2019id\u00e9e d\u2019une opposition entre artistes\/experts et non-artistes ou entre cr\u00e9ateurs et consommateurs.  <\/p>\n<p data-start=\"758\" data-end=\"807\" data-is-last-node=\"\" data-is-only-node=\"\"><strong data-start=\"758\" data-end=\"807\" data-is-last-node=\"\">Prix libre et conscient &#8211; tarif conseill\u00e9 : 15 euros.<\/strong><\/p>\n<p data-start=\"2536\" data-end=\"2640\" data-is-last-node=\"\" data-is-only-node=\"\"><strong>Lieu<\/strong> : Les Arches Citoyennes, 3 Place de l&#8217;H\u00f4tel de Ville, 75004 Paris<\/p>\n<p data-start=\"2536\" data-end=\"2640\" data-is-last-node=\"\" data-is-only-node=\"\"><strong>Date &amp; Heure<\/strong> : Samedi 7 juin | 13:00 \u2013 15:00<\/p>\n<p data-start=\"2536\" data-end=\"2640\" data-is-last-node=\"\" data-is-only-node=\"\"><strong>Langue(s)<\/strong>: Fran\u00e7ais<\/p>\n<p data-start=\"2536\" data-end=\"2640\" data-is-last-node=\"\" data-is-only-node=\"\"><strong>Mod\u00e9r\u00e9 par<\/strong> : <a href=\"https:\/\/transeuropafestival.eu\/fr\/speakers\/anouk-chatellier\/\"><span style=\"text-decoration: underline;\">Anouk Chatellier<\/span><\/a> &amp; <a href=\"https:\/\/transeuropafestival.eu\/fr\/speakers\/costanza-chatellier\/\"><span style=\"text-decoration: underline;\">Costanza Chatellier<\/span><\/a><\/p>\n<p data-start=\"2536\" data-end=\"2640\" data-is-last-node=\"\" data-is-only-node=\"\">INSCRIPTION OBLIGATOIRE <span style=\"text-decoration: underline;\"><span style=\"color: #000000;\"><a style=\"color: #000000; text-decoration: underline;\" href=\"https:\/\/docs.google.com\/forms\/d\/e\/1FAIpQLScsvD7M1OKNxb4JxKJu6dOfhjyV29UjauEkjp_MxMRNiOElSQ\/viewform\">ICI<\/a><\/span><\/span><\/p>\n<p>&nbsp;<\/p>\n","protected":false},"excerpt":{"rendered":"<p>Atelier par Cr\u00e9atures Litt\u00e9raires et Costanza Chatellier &#8211; \u00ab Caviardages : atelier d&#8217;\u00e9criture et de dessin, doux, militant et queer \u00bb Atelier men\u00e9 dans une perspective militante, queer et f\u00e9ministe ; \u00e0 travers des consignes simples et des lectures d\u2019extraits choisis parmi des auteur\u00b7ices inspirant\u00b7es. Viens \u00e9crire, dessiner, gribouiller, \u00e9couter, lire, tu n\u2019es oblig\u00e9\u00b7e de [&hellip;]<\/p>\n","protected":false},"author":2,"featured_media":0,"parent":0,"menu_order":0,"comment_status":"closed","ping_status":"closed","template":"","meta":{"footnotes":""},"class_list":["post-19680","page","type-page","status-publish","hentry"],"_links":{"self":[{"href":"https:\/\/transeuropafestival.eu\/fr\/wp-json\/wp\/v2\/pages\/19680","targetHints":{"allow":["GET"]}}],"collection":[{"href":"https:\/\/transeuropafestival.eu\/fr\/wp-json\/wp\/v2\/pages"}],"about":[{"href":"https:\/\/transeuropafestival.eu\/fr\/wp-json\/wp\/v2\/types\/page"}],"author":[{"embeddable":true,"href":"https:\/\/transeuropafestival.eu\/fr\/wp-json\/wp\/v2\/users\/2"}],"replies":[{"embeddable":true,"href":"https:\/\/transeuropafestival.eu\/fr\/wp-json\/wp\/v2\/comments?post=19680"}],"version-history":[{"count":0,"href":"https:\/\/transeuropafestival.eu\/fr\/wp-json\/wp\/v2\/pages\/19680\/revisions"}],"wp:attachment":[{"href":"https:\/\/transeuropafestival.eu\/fr\/wp-json\/wp\/v2\/media?parent=19680"}],"curies":[{"name":"wp","href":"https:\/\/api.w.org\/{rel}","templated":true}]}}