{"id":19699,"date":"2025-06-05T10:54:21","date_gmt":"2025-06-05T10:54:21","guid":{"rendered":"https:\/\/transeuropafestival.eu\/atelier-par-le-planning-familial-sensibiliser-au-discours-anti-genre-pour-construire-une-riposte\/"},"modified":"2025-06-05T10:59:35","modified_gmt":"2025-06-05T10:59:35","slug":"atelier-par-le-planning-familial-sensibiliser-au-discours-anti-genre-pour-construire-une-riposte","status":"publish","type":"page","link":"https:\/\/transeuropafestival.eu\/fr\/atelier-par-le-planning-familial-sensibiliser-au-discours-anti-genre-pour-construire-une-riposte\/","title":{"rendered":"Atelier par Le Planning Familial &#8211; \u00ab Sensibiliser au discours anti-genre pour construire une riposte \u00bb"},"content":{"rendered":"<h2>Atelier par Le Planning Familial &#8211; <em>&#8220;\u00ab Sensibiliser au discours anti-genre pour construire une riposte \u00bb<\/em><\/h2>\n<p style=\"font-weight: 400;\">Les droits sexuels et le droit de choisir sont la cible de mouvements antigenre bien organis\u00e9s au niveau europ\u00e9en : anti-IVG, anti-LGBTQIA+, anti-EVARS, etc. <\/p>\n<p style=\"font-weight: 400;\">Recontextualiser leur discours, d\u00e9crypter les mots qu&#8217;ils utilisent, d\u00e9construire leur langage : il est urgent de mieux les conna\u00eetre pour travailler ensemble \u00e0 la d\u00e9fense de nos droits !<\/p>\n<p><strong>Lieu<\/strong> : Les Arches Citoyennes, 3 Place de l&#8217;H\u00f4tel de Ville, 75004 Paris<\/p>\n<p><strong>Date &amp; Heure<\/strong> : Samedi 7 juin | 14:30 &#8211; 16:00<\/p>\n<p><strong>Mod\u00e9r\u00e9 par<\/strong> : <a href=\"https:\/\/transeuropafestival.eu\/fr\/speakers\/veronique-sehier\/\">V\u00e9ronique Sehier<\/a> &amp; <a href=\"https:\/\/transeuropafestival.eu\/fr\/speakers\/dominique-mauvillain\/\">Dominique Mauvillain<\/a><\/p>\n<p><strong>Langue(s)<\/strong>: Anglais &amp; Fran\u00e7ais (traduction simultan\u00e9e)<\/p>\n<p>INSCRIPTION OBLIGATOIRE <span style=\"color: #000000;\"><a style=\"color: #000000;\" href=\"https:\/\/www.helloasso.com\/associations\/alternatives-europeennes\/evenements\/atelier-sensibiliser-au-discours-anti-genre-pour-construire-une-riposte\"><span style=\"text-decoration: underline;\">ICI<\/span><\/a><\/span><\/p>\n","protected":false},"excerpt":{"rendered":"<p>Atelier par Le Planning Familial &#8211; &#8220;\u00ab Sensibiliser au discours anti-genre pour construire une riposte \u00bb Les droits sexuels et le droit de choisir sont la cible de mouvements antigenre bien organis\u00e9s au niveau europ\u00e9en : anti-IVG, anti-LGBTQIA+, anti-EVARS, etc. Recontextualiser leur discours, d\u00e9crypter les mots qu&#8217;ils utilisent, d\u00e9construire leur langage : il est urgent [&hellip;]<\/p>\n","protected":false},"author":2,"featured_media":0,"parent":0,"menu_order":0,"comment_status":"closed","ping_status":"closed","template":"","meta":{"footnotes":""},"class_list":["post-19699","page","type-page","status-publish","hentry"],"_links":{"self":[{"href":"https:\/\/transeuropafestival.eu\/fr\/wp-json\/wp\/v2\/pages\/19699","targetHints":{"allow":["GET"]}}],"collection":[{"href":"https:\/\/transeuropafestival.eu\/fr\/wp-json\/wp\/v2\/pages"}],"about":[{"href":"https:\/\/transeuropafestival.eu\/fr\/wp-json\/wp\/v2\/types\/page"}],"author":[{"embeddable":true,"href":"https:\/\/transeuropafestival.eu\/fr\/wp-json\/wp\/v2\/users\/2"}],"replies":[{"embeddable":true,"href":"https:\/\/transeuropafestival.eu\/fr\/wp-json\/wp\/v2\/comments?post=19699"}],"version-history":[{"count":2,"href":"https:\/\/transeuropafestival.eu\/fr\/wp-json\/wp\/v2\/pages\/19699\/revisions"}],"predecessor-version":[{"id":19709,"href":"https:\/\/transeuropafestival.eu\/fr\/wp-json\/wp\/v2\/pages\/19699\/revisions\/19709"}],"wp:attachment":[{"href":"https:\/\/transeuropafestival.eu\/fr\/wp-json\/wp\/v2\/media?parent=19699"}],"curies":[{"name":"wp","href":"https:\/\/api.w.org\/{rel}","templated":true}]}}