{"id":19712,"date":"2025-06-05T11:11:13","date_gmt":"2025-06-05T11:11:13","guid":{"rendered":"https:\/\/transeuropafestival.eu\/atelier-par-noustoutes-violences-sexistes-et-sexuelles\/"},"modified":"2025-06-05T11:11:46","modified_gmt":"2025-06-05T11:11:46","slug":"atelier-par-noustoutes-violences-sexistes-et-sexuelles","status":"publish","type":"page","link":"https:\/\/transeuropafestival.eu\/fr\/atelier-par-noustoutes-violences-sexistes-et-sexuelles\/","title":{"rendered":"Atelier par #NousToutes &#8211; \u00ab Violences sexistes et sexuelles \u00bb"},"content":{"rendered":"<h2>Atelier par #NousToutes &#8211; <em>\u00ab Violences sexistes et sexuelles \u00bb<\/em><\/h2>\n<p data-start=\"0\" data-end=\"292\">Le collectif <strong data-start=\"15\" data-end=\"30\">#NousToutes<\/strong> propose un atelier bas\u00e9 sur sa formation dispens\u00e9e depuis 2020 : <strong data-start=\"101\" data-end=\"134\">\u00ab Violences sexistes et sexuelles \u00bb<\/strong><\/p>\n<p data-start=\"0\" data-end=\"292\">Au programme : une d\u00e9finition du continuum des violences, une typologie de celles-ci, ainsi qu&#8217;une exploration de la mani\u00e8re dont elles s\u2019inscrivent dans un cycle.<\/p>\n<p data-start=\"294\" data-end=\"524\" data-is-last-node=\"\" data-is-only-node=\"\">Sur un plan plus pratique, nous apprendrons \u00e0 rep\u00e9rer les m\u00e9canismes des violences de genre afin de mieux les d\u00e9construire, et \u00e0 savoir comment r\u00e9agir face \u00e0 une victime pour lui apporter un soutien adapt\u00e9.<\/p>\n<p><strong>Lieu<\/strong> : Les Arches Citoyennes, 3 Place de l\u2019H\u00f4tel de Ville, 75004 Paris<\/p>\n<p><strong>Date &amp; Heure<\/strong> : Samedi 7 juin | 16:15 \u2013 17:45<\/p>\n<p><strong>Mod\u00e9r\u00e9 par<\/strong> : Theo Barpot<\/p>\n<p><strong>Langue(s)<\/strong>: Fran\u00e7ais<\/p>\n<p>INSCRIPTION OBLIGATOIRE <span style=\"text-decoration: underline;\"><a href=\"https:\/\/www.helloasso.com\/associations\/alternatives-europeennes\/evenements\/atelier-par-noustoutes-violences-sexistes-et-sexuelles\">ICI<\/a><\/span><\/p>\n","protected":false},"excerpt":{"rendered":"<p>Atelier par #NousToutes &#8211; \u00ab Violences sexistes et sexuelles \u00bb Le collectif #NousToutes propose un atelier bas\u00e9 sur sa formation dispens\u00e9e depuis 2020 : \u00ab Violences sexistes et sexuelles \u00bb Au programme : une d\u00e9finition du continuum des violences, une typologie de celles-ci, ainsi qu&#8217;une exploration de la mani\u00e8re dont elles s\u2019inscrivent dans un cycle. [&hellip;]<\/p>\n","protected":false},"author":2,"featured_media":0,"parent":0,"menu_order":0,"comment_status":"closed","ping_status":"closed","template":"","meta":{"footnotes":""},"class_list":["post-19712","page","type-page","status-publish","hentry"],"_links":{"self":[{"href":"https:\/\/transeuropafestival.eu\/fr\/wp-json\/wp\/v2\/pages\/19712","targetHints":{"allow":["GET"]}}],"collection":[{"href":"https:\/\/transeuropafestival.eu\/fr\/wp-json\/wp\/v2\/pages"}],"about":[{"href":"https:\/\/transeuropafestival.eu\/fr\/wp-json\/wp\/v2\/types\/page"}],"author":[{"embeddable":true,"href":"https:\/\/transeuropafestival.eu\/fr\/wp-json\/wp\/v2\/users\/2"}],"replies":[{"embeddable":true,"href":"https:\/\/transeuropafestival.eu\/fr\/wp-json\/wp\/v2\/comments?post=19712"}],"version-history":[{"count":1,"href":"https:\/\/transeuropafestival.eu\/fr\/wp-json\/wp\/v2\/pages\/19712\/revisions"}],"predecessor-version":[{"id":19715,"href":"https:\/\/transeuropafestival.eu\/fr\/wp-json\/wp\/v2\/pages\/19712\/revisions\/19715"}],"wp:attachment":[{"href":"https:\/\/transeuropafestival.eu\/fr\/wp-json\/wp\/v2\/media?parent=19712"}],"curies":[{"name":"wp","href":"https:\/\/api.w.org\/{rel}","templated":true}]}}