{"id":19720,"date":"2025-06-05T11:34:00","date_gmt":"2025-06-05T11:34:00","guid":{"rendered":"https:\/\/transeuropafestival.eu\/table-ronde-contre-informer-resister-exister-les-medias-au-coeur-de-la-bataille-contre-les-anti-genre\/"},"modified":"2025-06-05T11:34:00","modified_gmt":"2025-06-05T11:34:00","slug":"table-ronde-contre-informer-resister-exister-les-medias-au-coeur-de-la-bataille-contre-les-anti-genre","status":"publish","type":"page","link":"https:\/\/transeuropafestival.eu\/fr\/table-ronde-contre-informer-resister-exister-les-medias-au-coeur-de-la-bataille-contre-les-anti-genre\/","title":{"rendered":"Table ronde &#8211; \u00ab Contre-informer, r\u00e9sister, exister : les m\u00e9dias au c\u0153ur de la bataille contre les anti-genre \u00bb"},"content":{"rendered":"<h2>Table ronde &#8211; <em>\u00ab Contre-informer, r\u00e9sister, exister : les m\u00e9dias au c\u0153ur de la bataille contre les anti-genre \u00bb<\/em><\/h2>\n<p data-start=\"1287\" data-end=\"1733\"><strong data-start=\"1287\" data-end=\"1299\">Contexte :<\/strong><br data-start=\"1299\" data-end=\"1302\">Nous traversons un moment charni\u00e8re pour les d\u00e9mocraties europ\u00e9ennes. Port\u00e9e par l\u2019extr\u00eame droite, la vague anti-genre s\u2019intensifie, articulant offensives id\u00e9ologiques, violences symboliques et recomposition des appareils m\u00e9diatiques. Les espaces d\u2019expression critiques \u2014 f\u00e9ministes, antiracistes, queer \u2014 sont souvent marginalis\u00e9s, disqualifi\u00e9s ou attaqu\u00e9s, dans un climat o\u00f9 les discours haineux sont banalis\u00e9s, y compris dans les m\u00e9dias dits \u00ab mainstream \u00bb. <\/p>\n<p data-start=\"1735\" data-end=\"2303\">Cette bataille culturelle se joue <em data-start=\"1772\" data-end=\"1776\">dans<\/em> et <em data-start=\"1781\" data-end=\"1790\">par<\/em> les m\u00e9dias. L\u2019extr\u00eame droite a parfaitement compris leur puissance strat\u00e9gique : elle les infiltre, les finance, y fa\u00e7onne ses r\u00e9cits. La concentration des m\u00e9dias aux mains de groupes conservateurs, comme en France celui de Bollor\u00e9, alimente une homog\u00e9n\u00e9isation id\u00e9ologique, o\u00f9 les perspectives minoritaires sont r\u00e9duites au silence ou d\u00e9form\u00e9es.<br data-start=\"2116\" data-end=\"2119\">Les r\u00e9cits dominants fabriquent une vision s\u00e9curitaire et r\u00e9actionnaire du monde, o\u00f9 les luttes f\u00e9ministes, LGBTQIA+ et d\u00e9coloniales sont d\u00e9nigr\u00e9es, pathologis\u00e9es ou criminalis\u00e9es.  <\/p>\n<p data-start=\"2305\" data-end=\"2607\">Sur les plateformes num\u00e9riques (X, TikTok, Instagram, YouTube\u2026), les logiques algorithmiques accentuent la polarisation. Les discours d\u2019extr\u00eame droite y prosp\u00e8rent, tandis que les contenus f\u00e9ministes, queer ou antiracistes sont censur\u00e9s, d\u00e9r\u00e9f\u00e9renc\u00e9s, ou cibl\u00e9s par des campagnes de harc\u00e8lement. La parole minoris\u00e9e n\u2019est pas seulement fragilis\u00e9e : elle est rendue illisible. <\/p>\n<p data-start=\"2609\" data-end=\"2872\">Cette offensive m\u00e9diatique n\u2019est pas un \u00e9piph\u00e9nom\u00e8ne : il s\u2019inscrit dans une d\u00e9marche id\u00e9ologique n\u00e9olib\u00e9rale et autoritaire, transnationale, qui instrumentalise la libert\u00e9 d\u2019expression pour d\u00e9l\u00e9gitimer les luttes et r\u00e9affirmer un ordre patriarcal, raciste et capitaliste. <\/p>\n<p data-start=\"2874\" data-end=\"3241\">Et pourtant, la riposte s\u2019organise. Des m\u00e9dias ind\u00e9pendants, des collectifs de journalistes, des artistes et activistes inventent des formes de narration ancr\u00e9es dans les luttes : zines, podcasts, newsletters, radios libres, cha\u00eenes vid\u00e9os.<br data-start=\"3104\" data-end=\"3107\">Ces pratiques, souvent situ\u00e9es dans les marges, participent d\u2019une contre-h\u00e9g\u00e9monie m\u00e9diatique, subversive et collective. <\/p>\n<p data-start=\"3243\" data-end=\"3601\">Cette table ronde, pens\u00e9e comme l\u2019un des temps forts du festival<em data-start=\"3293\" data-end=\"3311\"> Les Marges en Feu !<\/em>, entend donner la parole \u00e0 celles et ceux qui refusent de c\u00e9der le terrain du r\u00e9cit. Le festival, port\u00e9 par une dynamique f\u00e9ministe intersectionnelle et transnationale, prolonge les r\u00e9flexions du projet europ\u00e9en FIERCE, dans un geste politique de partage, de r\u00e9sistance et de transmission. <\/p>\n<hr data-start=\"3603\" data-end=\"3606\">\n<p data-start=\"3608\" data-end=\"3633\"><strong data-start=\"3608\" data-end=\"3631\">Objectifs de la session :<\/strong><\/p>\n<ul data-start=\"3634\" data-end=\"4235\" data-is-last-node=\"\" data-is-only-node=\"\">\n<li data-start=\"3634\" data-end=\"3725\">\n<p data-start=\"3636\" data-end=\"3725\">Interroger le r\u00f4le central des m\u00e9dias dans les strat\u00e9gies de l\u2019extr\u00eame droite et des mouvements anti-genre et anti-\u00e9tranger.<\/p>\n<\/li>\n<li data-start=\"3726\" data-end=\"3836\">\n<p data-start=\"3728\" data-end=\"3836\">Analyser les effets de la concentration m\u00e9diatique sur la pluralit\u00e9 d\u00e9mocratique et les capacit\u00e9s d\u2019expression des luttes.<\/p>\n<\/li>\n<li data-start=\"3837\" data-end=\"3940\">\n<p data-start=\"3839\" data-end=\"3940\">Visibiliser les r\u00e9sistances port\u00e9es par des m\u00e9dias ind\u00e9pendants, f\u00e9ministes, queer, antiracistes et populaires.<\/p>\n<\/li>\n<li data-start=\"3941\" data-end=\"4040\">\n<p data-start=\"3943\" data-end=\"4040\">Explorer les logiques num\u00e9riques de viralit\u00e9 des discours haineux et les formes contemporaines de censure algorithmique.<\/p>\n<\/li>\n<li data-start=\"4041\" data-end=\"4135\">\n<p data-start=\"4043\" data-end=\"4135\">Nourrir les convergences entre celles et ceux qui, dans les marges, construisent des r\u00e9cits alternatifs.<\/p>\n<\/li>\n<li data-start=\"4136\" data-end=\"4235\" data-is-last-node=\"\">\n<p data-start=\"4138\" data-end=\"4235\" data-is-last-node=\"\">Partager et imaginer collectivement des outils, des formes et des pratiques m\u00e9diatiques capables d\u2019agir au-del\u00e0 de l\u2019ordre dominant.<\/p>\n<\/li>\n<\/ul>\n<p data-start=\"2536\" data-end=\"2640\" data-is-last-node=\"\" data-is-only-node=\"\"><strong>Lieu<\/strong> : Les Arches Citoyennes, 3 Place de l&#8217;H\u00f4tel de Ville, 75004 Paris<\/p>\n<p data-start=\"2536\" data-end=\"2640\" data-is-last-node=\"\" data-is-only-node=\"\"><strong>Date &amp; Heure<\/strong> : Samedi 7 juin | 12:45 \u2013 14:15<\/p>\n<p data-start=\"2536\" data-end=\"2640\" data-is-last-node=\"\" data-is-only-node=\"\"><strong>Langue(s)<\/strong> : Anglais &amp; fran\u00e7ais (traduction simultan\u00e9e)<\/p>\n<p data-start=\"2536\" data-end=\"2640\" data-is-last-node=\"\" data-is-only-node=\"\"><strong>Intervenant\u00b7es<\/strong> : <a href=\"https:\/\/transeuropafestival.eu\/fr\/speakers\/sandra-alloush\/\"><span style=\"text-decoration: underline;\">Sandra Alloush<\/span><\/a>, <a href=\"https:\/\/transeuropafestival.eu\/fr\/speakers\/zsofi-borsi\/\"><span style=\"text-decoration: underline;\">Zsofi Borsi<\/span><\/a>, <a href=\"https:\/\/transeuropafestival.eu\/fr\/speakers\/leane-alestra\/\"><span style=\"text-decoration: underline;\">L\u00e9ane Alestra<\/span><\/a>, <a href=\"https:\/\/transeuropafestival.eu\/fr\/speakers\/sian-norris\/\"><span style=\"text-decoration: underline;\">Sian Norris<\/span><\/a>, mod\u00e9r\u00e9e par <a href=\"https:\/\/transeuropafestival.eu\/fr\/speakers\/rozenn-le-carboulec\/\">Rozenn LeCarboulec<\/a><\/p>\n<p data-start=\"2536\" data-end=\"2640\" data-is-last-node=\"\" data-is-only-node=\"\">INSCRIPTION <a href=\"https:\/\/www.helloasso.com\/associations\/alternatives-europeennes\/evenements\/transeuropa-festival-table-ronde-medias\"><span style=\"text-decoration: underline;\">ICI<\/span><\/a><\/p>\n","protected":false},"excerpt":{"rendered":"<p>Table ronde &#8211; \u00ab Contre-informer, r\u00e9sister, exister : les m\u00e9dias au c\u0153ur de la bataille contre les anti-genre \u00bb Contexte :Nous traversons un moment charni\u00e8re pour les d\u00e9mocraties europ\u00e9ennes. Port\u00e9e par l\u2019extr\u00eame droite, la vague anti-genre s\u2019intensifie, articulant offensives id\u00e9ologiques, violences symboliques et recomposition des appareils m\u00e9diatiques. Les espaces d\u2019expression critiques \u2014 f\u00e9ministes, antiracistes, queer [&hellip;]<\/p>\n","protected":false},"author":2,"featured_media":0,"parent":0,"menu_order":0,"comment_status":"closed","ping_status":"closed","template":"","meta":{"footnotes":""},"class_list":["post-19720","page","type-page","status-publish","hentry"],"_links":{"self":[{"href":"https:\/\/transeuropafestival.eu\/fr\/wp-json\/wp\/v2\/pages\/19720","targetHints":{"allow":["GET"]}}],"collection":[{"href":"https:\/\/transeuropafestival.eu\/fr\/wp-json\/wp\/v2\/pages"}],"about":[{"href":"https:\/\/transeuropafestival.eu\/fr\/wp-json\/wp\/v2\/types\/page"}],"author":[{"embeddable":true,"href":"https:\/\/transeuropafestival.eu\/fr\/wp-json\/wp\/v2\/users\/2"}],"replies":[{"embeddable":true,"href":"https:\/\/transeuropafestival.eu\/fr\/wp-json\/wp\/v2\/comments?post=19720"}],"version-history":[{"count":0,"href":"https:\/\/transeuropafestival.eu\/fr\/wp-json\/wp\/v2\/pages\/19720\/revisions"}],"wp:attachment":[{"href":"https:\/\/transeuropafestival.eu\/fr\/wp-json\/wp\/v2\/media?parent=19720"}],"curies":[{"name":"wp","href":"https:\/\/api.w.org\/{rel}","templated":true}]}}