{"id":19725,"date":"2025-06-05T12:17:34","date_gmt":"2025-06-05T12:17:34","guid":{"rendered":"https:\/\/transeuropafestival.eu\/table-ronde-sante-et-precarite-inegalites-dans-lacces-aux-soins-et-aux-services-de-sante-en-europe-propositions-pour-une-sante-anti-sexiste-trans-inclusive-et-antiraciste\/"},"modified":"2025-06-05T12:17:34","modified_gmt":"2025-06-05T12:17:34","slug":"table-ronde-sante-et-precarite-inegalites-dans-lacces-aux-soins-et-aux-services-de-sante-en-europe-propositions-pour-une-sante-anti-sexiste-trans-inclusive-et-antiraciste","status":"publish","type":"page","link":"https:\/\/transeuropafestival.eu\/fr\/table-ronde-sante-et-precarite-inegalites-dans-lacces-aux-soins-et-aux-services-de-sante-en-europe-propositions-pour-une-sante-anti-sexiste-trans-inclusive-et-antiraciste\/","title":{"rendered":"Table ronde &#8211; \u00ab Sant\u00e9 et pr\u00e9carit\u00e9 : In\u00e9galit\u00e9s dans l&#8217;acc\u00e8s aux soins et aux services de sant\u00e9 en Europe : Propositions pour une sant\u00e9 anti-sexiste, trans inclusive et antiraciste \u00bb"},"content":{"rendered":"<h2><strong>Table ronde &#8211; <em>\u00ab Sant\u00e9 et pr\u00e9carit\u00e9 : In\u00e9galit\u00e9s dans l&#8217;acc\u00e8s aux soins et aux services de sant\u00e9 en Europe : Propositions pour une sant\u00e9 anti-sexiste, trans inclusive et antiraciste \u00bb<\/em><\/strong><\/h2>\n<p data-start=\"0\" data-end=\"12\"><strong data-start=\"0\" data-end=\"12\">Contexte :<\/strong><\/p>\n<p data-start=\"14\" data-end=\"518\">En Europe comme en France, les rapports de pouvoir fond\u00e9s sur le genre, la race, la classe, la sexualit\u00e9, la validit\u00e9 ou le statut migratoire fa\u00e7onnent l\u2019acc\u00e8s, la qualit\u00e9 et l\u2019acceptabilit\u00e9 des soins. Ces dynamiques se traduisent par des pratiques d\u2019exclusion, de n\u00e9gligence, de violence \u2014 m\u00e9dicales, institutionnelles ou symboliques \u2014 qui affectent de mani\u00e8re disproportionn\u00e9e les femmes, les personnes trans, racis\u00e9es, migrantes, travailleuses du sexe, pr\u00e9caires, en situation de handicap ou vivant dans les marges g\u00e9ographiques et sociales. <\/p>\n<p data-start=\"520\" data-end=\"982\">Si ces in\u00e9galit\u00e9s ne sont pas nouvelles, elles se trouvent aujourd\u2019hui renforc\u00e9es par un contexte politique de plus en plus hostile : mont\u00e9e de l\u2019extr\u00eame droite, offensives anti-genre, politiques s\u00e9curitaires, aust\u00e9rit\u00e9 budg\u00e9taire, remise en cause des droits reproductifs, attaques contre les personnes trans\u2026 Les p\u00e9riodes de crise \u2014 sanitaire, \u00e9conomique, climatique, g\u00e9opolitique \u2014 jouent ici un r\u00f4le de catalyseur, accentuant la pr\u00e9carisation des conditions d\u2019existence et fragilisant davantage l\u2019acc\u00e8s \u00e0 la sant\u00e9 des personnes les plus marginalis\u00e9es. <\/p>\n<p data-start=\"984\" data-end=\"1252\">Face \u00e0 cette situation, de nombreuses initiatives f\u00e9ministes, queer, trans et antiracistes ont d\u00e9velopp\u00e9 des outils qui mettent en avant la pr\u00e9carit\u00e9 dans l\u2019acc\u00e8s \u00e0 la sant\u00e9, ainsi que des pratiques de soin collectives, autonomes et critiques, con\u00e7ues comme autant de formes de r\u00e9sistance politique.<\/p>\n<p data-start=\"1254\" data-end=\"1516\">Cette table ronde, organis\u00e9e dans le cadre du festival f\u00e9ministe intersectionnel <em data-start=\"1324\" data-end=\"1364\">Les Marges en Feu ! \u2013 Margins: On Fire! <\/em>, entend poser la question de la sant\u00e9 non seulement comme un droit, mais comme un terrain de lutte essentiel, au croisement du politique, du social et de l\u2019intime.<\/p>\n<p data-start=\"1518\" data-end=\"1637\">Elle permettra de pr\u00e9senter et faire \u00e9merger des propositions concr\u00e8tes pour des politiques europ\u00e9ennes qui permettent de lutter contre la pr\u00e9carit\u00e9 dans l\u2019acc\u00e8s \u00e0 la sant\u00e9.<\/p>\n<hr data-start=\"1639\" data-end=\"1642\">\n<p data-start=\"1644\" data-end=\"1667\"><strong data-start=\"1644\" data-end=\"1667\">Objectifs de la session :<\/strong><\/p>\n<ul data-start=\"1669\" data-end=\"2533\" data-is-last-node=\"\" data-is-only-node=\"\">\n<li data-start=\"1669\" data-end=\"1860\">\n<p data-start=\"1671\" data-end=\"1860\">Analyser les liens entre backlash anti-genre, politiques anti-genre et renforcement des violences m\u00e9dicales syst\u00e9miques et des in\u00e9galit\u00e9s d\u2019acc\u00e8s aux droits et aux soins.<\/p>\n<\/li>\n<li data-start=\"1861\" data-end=\"2043\">\n<p data-start=\"1863\" data-end=\"2043\">Rendre visibles les formes multiples d\u2019exclusion ou de maltraitance dans les parcours de soin v\u00e9cues par les personnes trans, racis\u00e9es, pr\u00e9caires, queer, migrantes, travailleuses du sexe.<\/p>\n<\/li>\n<li data-start=\"2044\" data-end=\"2220\">\n<p data-start=\"2046\" data-end=\"2220\">Questionner la d\u00e9l\u00e9gation des missions publiques de sant\u00e9 au secteur associatif : jusqu\u2019o\u00f9 va-t-on ? dans un contexte de r\u00e9traction n\u00e9olib\u00e9rale de l\u2019action publique.<\/p>\n<\/li>\n<li data-start=\"2221\" data-end=\"2321\">\n<p data-start=\"2223\" data-end=\"2321\">Mettre en lumi\u00e8re des pratiques de soins communautaires, autonomes, collectives, comme formes de r\u00e9sistance.<\/p>\n<\/li>\n<li data-start=\"2322\" data-end=\"2533\" data-is-last-node=\"\">\n<p data-start=\"2324\" data-end=\"2533\" data-is-last-node=\"\">Articuler les luttes pour la justice reproductive, la sant\u00e9 menstruelle, l\u2019auto-d\u00e9termination trans, la d\u00e9colonisation du soin, comme autant de fronts communs pour penser un droit au soin r\u00e9ellement universel et politique.<\/p>\n<\/li>\n<\/ul>\n<p data-start=\"2536\" data-end=\"2640\" data-is-last-node=\"\" data-is-only-node=\"\"><strong>Lieu<\/strong> : Les Arches Citoyennes, 3 Place de l&#8217;H\u00f4tel de Ville, 75004 Paris<\/p>\n<p data-start=\"2536\" data-end=\"2640\" data-is-last-node=\"\" data-is-only-node=\"\"><strong>Date &amp; Heure<\/strong> : Samedi 7 juin | 14:30 \u2013 16:00<\/p>\n<p data-start=\"2536\" data-end=\"2640\" data-is-last-node=\"\" data-is-only-node=\"\"><strong>Langue(s)<\/strong> : Anglais &amp; fran\u00e7ais (traduction simultan\u00e9e)<\/p>\n<p data-start=\"2536\" data-end=\"2640\" data-is-last-node=\"\" data-is-only-node=\"\"><strong>Intervenant\u00b7es<\/strong>: <a href=\"https:\/\/transeuropafestival.eu\/fr\/speakers\/justine-okolodkoff\/\"><span style=\"text-decoration: underline;\">Justine Okolodkoff<\/span><\/a>, <a href=\"https:\/\/transeuropafestival.eu\/fr\/speakers\/johanna-soraya-benamrouche\/\"><span style=\"text-decoration: underline;\">Johanna-Soraya Benamrouche<\/span><\/a>, Emmanuelle Handschuh, <a href=\"https:\/\/transeuropafestival.eu\/fr\/speakers\/helen-belcher\/\"><span style=\"text-decoration: underline;\">Helen Belcher<\/span><\/a>, Salom\u00e9 Cheysson, mod\u00e9r\u00e9e par <a href=\"https:\/\/transeuropafestival.eu\/fr\/speakers\/segolene-pruvot-2\/\"><span style=\"text-decoration: underline;\">S\u00e9gol\u00e8ne Pruvot<\/span><\/a><\/p>\n<p data-start=\"2536\" data-end=\"2640\" data-is-last-node=\"\" data-is-only-node=\"\">INSCRIPTION <a href=\"https:\/\/www.helloasso.com\/associations\/alternatives-europeennes\/evenements\/transeuropa-festival-table-ronde-precarite-dans-la-sante\"><span style=\"text-decoration: underline;\">ICI<\/span><\/a><\/p>\n","protected":false},"excerpt":{"rendered":"<p>Table ronde &#8211; \u00ab Sant\u00e9 et pr\u00e9carit\u00e9 : In\u00e9galit\u00e9s dans l&#8217;acc\u00e8s aux soins et aux services de sant\u00e9 en Europe : Propositions pour une sant\u00e9 anti-sexiste, trans inclusive et antiraciste \u00bb Contexte : En Europe comme en France, les rapports de pouvoir fond\u00e9s sur le genre, la race, la classe, la sexualit\u00e9, la validit\u00e9 ou [&hellip;]<\/p>\n","protected":false},"author":2,"featured_media":0,"parent":0,"menu_order":0,"comment_status":"closed","ping_status":"closed","template":"","meta":{"footnotes":""},"class_list":["post-19725","page","type-page","status-publish","hentry"],"_links":{"self":[{"href":"https:\/\/transeuropafestival.eu\/fr\/wp-json\/wp\/v2\/pages\/19725","targetHints":{"allow":["GET"]}}],"collection":[{"href":"https:\/\/transeuropafestival.eu\/fr\/wp-json\/wp\/v2\/pages"}],"about":[{"href":"https:\/\/transeuropafestival.eu\/fr\/wp-json\/wp\/v2\/types\/page"}],"author":[{"embeddable":true,"href":"https:\/\/transeuropafestival.eu\/fr\/wp-json\/wp\/v2\/users\/2"}],"replies":[{"embeddable":true,"href":"https:\/\/transeuropafestival.eu\/fr\/wp-json\/wp\/v2\/comments?post=19725"}],"version-history":[{"count":0,"href":"https:\/\/transeuropafestival.eu\/fr\/wp-json\/wp\/v2\/pages\/19725\/revisions"}],"wp:attachment":[{"href":"https:\/\/transeuropafestival.eu\/fr\/wp-json\/wp\/v2\/media?parent=19725"}],"curies":[{"name":"wp","href":"https:\/\/api.w.org\/{rel}","templated":true}]}}