{"id":19730,"date":"2025-06-05T14:57:12","date_gmt":"2025-06-05T14:57:12","guid":{"rendered":"https:\/\/transeuropafestival.eu\/table-ronde-feminismes-sous-attaque-democraties-en-jeu-resistances-noires-queer-et-decoloniales-face-au-backlash\/"},"modified":"2025-06-07T07:03:28","modified_gmt":"2025-06-07T07:03:28","slug":"table-ronde-feminismes-sous-attaque-democraties-en-jeu-resistances-noires-queer-et-decoloniales-face-au-backlash","status":"publish","type":"page","link":"https:\/\/transeuropafestival.eu\/fr\/table-ronde-feminismes-sous-attaque-democraties-en-jeu-resistances-noires-queer-et-decoloniales-face-au-backlash\/","title":{"rendered":"Table ronde &#8211; \u00ab F\u00e9minismes sous attaque, d\u00e9mocraties en jeu : r\u00e9sistances noires, queer et d\u00e9coloniales face au backlash \u00bb"},"content":{"rendered":"<h2><strong>Table ronde &#8211; <em>\u00ab F\u00e9minismes sous attaque, d\u00e9mocraties en jeu : r\u00e9sistances noires, queer et d\u00e9coloniales face au backlash \u00bb<\/em><\/strong><\/h2>\n<p><b>Contexte :<\/b><\/p>\n<p>En France comme en Europe, le backlash contre les droits des femmes et des personnes LGBTQIA+ s\u2019inscrit dans un projet politique autoritaire, transnational et structur\u00e9.<\/p>\n<p>Port\u00e9s par des gouvernements conservateurs et des mouvements anti-choix, les discours \u00ab anti-woke \u00bb, anti-f\u00e9ministes et anti-d\u00e9coloniaux s\u2019imposent au c\u0153ur du d\u00e9bat public. Ils s\u2019attaquent frontalement aux droits sexuels et reproductifs, \u00e0 l\u2019\u00e9galit\u00e9 de genre, aux luttes antiracistes, \u00e9cologistes et d\u00e9coloniales, ainsi qu\u2019aux espaces critiques de pens\u00e9e. Il ne s\u2019agit pas de d\u00e9rives isol\u00e9es. C\u2019est une offensive id\u00e9ologique globale, visant \u00e0 restaurer un ordre social hi\u00e9rarchis\u00e9, blanc, bourgeois, h\u00e9t\u00e9ro-patriarcal et nationaliste.<\/p>\n<p>En France, sous couvert de la\u00efcit\u00e9 ou de s\u00e9curit\u00e9, cette dynamique se traduit par la criminalisation des mouvements antiracistes et d\u00e9coloniaux, la surveillance des associations antiracistes et la r\u00e9pression des voix f\u00e9ministes racis\u00e9es. Des chercheur\u00b7ses sont cibl\u00e9\u00b7es pour leurs travaux sur le genre ou la race, des collectifs sont dissous, les femmes musulmanes exclues de l\u2019espace public, pendant que la lutte contre les violences sexuelles est instrumentalis\u00e9e pour l\u00e9gitimer des politiques migratoires s\u00e9curitaires et x\u00e9nophobes.<\/p>\n<p>Ce d\u00e9tournement fait partie d\u2019un glissement plus large : celui qui consiste \u00e0 d\u00e9signer certaines voix f\u00e9ministes comme mena\u00e7antes, ill\u00e9gitimes ou \u00ab dangereuses \u00bb. C\u2019est dans ce contexte que les f\u00e9minismes intersectionnels noirs, queer, afrodiasporiques, musulmans et d\u00e9coloniaux sont r\u00e9guli\u00e8rement cibl\u00e9s. Fr\u00e9quemment accus\u00e9es d\u2019\u00ab extr\u00e9misme \u00bb, de \u00ab s\u00e9paratisme \u00bb, de \u00ab communautarisme \u00bb, elles sont rel\u00e9gu\u00e9es \u00e0 la marge et disqualifi\u00e9es dans le d\u00e9bat public.<\/p>\n<p>Si ces voix \u2013 noires, queer, musulmanes, anti racistes et d\u00e9coloniales \u2013 sont violemment attaqu\u00e9es, c\u2019est parce qu\u2019elles repr\u00e9sent une menace r\u00e9elle pour l\u2019ordre \u00e9tabli. Parce qu\u2019elles m\u00e8nent de front les combats contre les violences polici\u00e8res, la pr\u00e9carit\u00e9, le racisme syst\u00e9mique, l\u2019impunit\u00e9 patriarcale et la destruction du vivant. Ces f\u00e9minismes refusent de hi\u00e9rarchiser les luttes. Depuis les marges \u2014 et contre elles \u2014 elles inventent des pratiques politiques enracin\u00e9es dans le soin, la justice, la m\u00e9moire des r\u00e9sistances. Elles sont en premi\u00e8re ligne des combats pour l\u2019\u00e9galit\u00e9, la dignit\u00e9, les droits, la s\u00e9curit\u00e9, la justice climatique.<\/p>\n<p>Comme le disait Bell Hooks, <em data-start=\"2200\" data-end=\"2247\">\u00ab les marges sont le lieu de la radicalit\u00e9 \u00bb<\/em>, l\u00e0 o\u00f9 se forgent les visions les plus transformatrices de la soci\u00e9t\u00e9. Et pourtant, elles restent structurellement invisibilis\u00e9es, sous financ\u00e9es, marginalis\u00e9es dans les sph\u00e8res militantes et institutionnelles. Or la d\u00e9mocratie ne peut \u00eatre d\u00e9fendue sans celles qui en subissent les angles morts.<\/p>\n<p>Cette table-ronde propose de renverser le regard : de penser les f\u00e9minismes noirs et intersectionnels non comme p\u00e9riph\u00e9riques, mais comme centraux dans la d\u00e9fense et la r\u00e9invention de la d\u00e9mocratie.<\/p>\n<p data-start=\"2731\" data-end=\"2915\">Dans le cadre du festival <em data-start=\"2746\" data-end=\"2786\">Les Marges en Feu ! \u2013 Margins: On Fire! <\/em> cette table ronde entend faire entendre ces voix essentielles. Parce que ce festival est un espace radical de convergence f\u00e9ministe et transnationale, il est crucial d&#8217;y poser la question suivante : <em>De l\u2019\u00e9galit\u00e9 de genre, aux luttes pour la justice raciale, \u00e9cologique et d\u00e9coloniale : comment les f\u00e9ministes intersectionnelles fa\u00e7onnent-elles la d\u00e9mocratie et l\u2019avenir ?<\/em><\/p>\n<p><strong>Objectifs de la session :<\/strong><\/p>\n<ul>\n<li data-start=\"3087\" data-end=\"3213\">\n<p data-start=\"3089\" data-end=\"3213\">R\u00e9affirmer le r\u00f4le des luttes f\u00e9ministes intersectionnelles dans la d\u00e9fense, la r\u00e9invention et la r\u00e9g\u00e9n\u00e9ration d\u00e9mocratique.<\/p>\n<\/li>\n<li data-start=\"3087\" data-end=\"3213\">\n<p data-start=\"3089\" data-end=\"3213\">Donner une visibilit\u00e9 centrale aux mouvements afrof\u00e9ministes, antiracistes et d\u00e9coloniaux queer et musulmanes dans le contexte actuel de r\u00e9pression globale.<\/p>\n<\/li>\n<li data-start=\"3359\" data-end=\"3487\">\n<p data-start=\"3361\" data-end=\"3487\">Partager des analyses strat\u00e9gies collectives face aux violences syst\u00e9miques(politique, juridique) et \u00e0 la marginalisation politique.<\/p>\n<\/li>\n<li data-start=\"3488\" data-end=\"3587\" data-is-last-node=\"\">\n<p data-start=\"3490\" data-end=\"3587\" data-is-last-node=\"\">Penser l\u2019intersectionnalit\u00e9 comme levier de transformation d\u00e9mocratique, sociale et institutionnelle.<\/p>\n<\/li>\n<\/ul>\n<p><strong>Lieu<\/strong> : Les Arches Citoyennes, 3 Place de l\u2019H\u00f4tel de Ville, 75004 Paris<\/p>\n<p><strong>Date &amp; Heure<\/strong> : Samedi 7 juin | 16:15 \u2013 17:45<\/p>\n<p><strong>Intervenant\u00b7es<\/strong> : <a href=\"https:\/\/transeuropafestival.eu\/fr\/speakers\/louna-sbou\/\"><span style=\"text-decoration: underline;\">Louna Sbou<\/span><\/a>, Scarlet (<a href=\"https:\/\/transeuropafestival.eu\/fr\/speakers\/mwasi\/\"><span style=\"text-decoration: underline;\">MWASI<\/span><\/a>), <a href=\"https:\/\/transeuropafestival.eu\/fr\/speakers\/aniko-orsos\/\"><span style=\"text-decoration: underline;\">Anik\u00f3 Ors\u00f3s<\/span><\/a>, <a href=\"https:\/\/transeuropafestival.eu\/fr\/speakers\/paula-doyle\/\" target=\"_blank\" rel=\"noopener\">Paula Doyle<\/a>, mod\u00e9r\u00e9e par <a href=\"https:\/\/transeuropafestival.eu\/fr\/speakers\/nasteho\/\"><span style=\"text-decoration: underline;\">Nasteho Aden<\/span><\/a><\/p>\n<p><strong>Langue(s)<\/strong>: Anglais &amp; Fran\u00e7ais (traduction simultan\u00e9e)<\/p>\n<p>INSCRIPTION <span style=\"text-decoration: underline;\"><a href=\"https:\/\/www.helloasso.com\/associations\/alternatives-europeennes\/evenements\/table-ronde-feminismes-sous-attaque-democraties-en-jeu\">ICI<\/a><\/span><\/p>\n","protected":false},"excerpt":{"rendered":"<p>Table ronde &#8211; \u00ab F\u00e9minismes sous attaque, d\u00e9mocraties en jeu : r\u00e9sistances noires, queer et d\u00e9coloniales face au backlash \u00bb Contexte : En France comme en Europe, le backlash contre les droits des femmes et des personnes LGBTQIA+ s\u2019inscrit dans un projet politique autoritaire, transnational et structur\u00e9. Port\u00e9s par des gouvernements conservateurs et des mouvements [&hellip;]<\/p>\n","protected":false},"author":2,"featured_media":0,"parent":0,"menu_order":0,"comment_status":"closed","ping_status":"closed","template":"","meta":{"footnotes":""},"class_list":["post-19730","page","type-page","status-publish","hentry"],"_links":{"self":[{"href":"https:\/\/transeuropafestival.eu\/fr\/wp-json\/wp\/v2\/pages\/19730","targetHints":{"allow":["GET"]}}],"collection":[{"href":"https:\/\/transeuropafestival.eu\/fr\/wp-json\/wp\/v2\/pages"}],"about":[{"href":"https:\/\/transeuropafestival.eu\/fr\/wp-json\/wp\/v2\/types\/page"}],"author":[{"embeddable":true,"href":"https:\/\/transeuropafestival.eu\/fr\/wp-json\/wp\/v2\/users\/2"}],"replies":[{"embeddable":true,"href":"https:\/\/transeuropafestival.eu\/fr\/wp-json\/wp\/v2\/comments?post=19730"}],"version-history":[{"count":5,"href":"https:\/\/transeuropafestival.eu\/fr\/wp-json\/wp\/v2\/pages\/19730\/revisions"}],"predecessor-version":[{"id":19852,"href":"https:\/\/transeuropafestival.eu\/fr\/wp-json\/wp\/v2\/pages\/19730\/revisions\/19852"}],"wp:attachment":[{"href":"https:\/\/transeuropafestival.eu\/fr\/wp-json\/wp\/v2\/media?parent=19730"}],"curies":[{"name":"wp","href":"https:\/\/api.w.org\/{rel}","templated":true}]}}