{"id":19766,"date":"2025-06-05T16:10:19","date_gmt":"2025-06-05T16:10:19","guid":{"rendered":"https:\/\/transeuropafestival.eu\/table-ronde-tracer-dautres-futurs-pour-une-ecologie-feministe-populaire-et-decoloniale\/"},"modified":"2025-06-05T16:10:19","modified_gmt":"2025-06-05T16:10:19","slug":"table-ronde-tracer-dautres-futurs-pour-une-ecologie-feministe-populaire-et-decoloniale","status":"publish","type":"page","link":"https:\/\/transeuropafestival.eu\/fr\/table-ronde-tracer-dautres-futurs-pour-une-ecologie-feministe-populaire-et-decoloniale\/","title":{"rendered":"Table ronde &#8211; \u00ab Tracer d\u2019autres futurs : pour une \u00e9cologie f\u00e9ministe populaire et d\u00e9coloniale \u00bb"},"content":{"rendered":"<h2>Table ronde &#8211; <em>\u00ab Tracer d\u2019autres futurs : pour une \u00e9cologie f\u00e9ministe populaire et d\u00e9coloniale \u00bb<\/em><\/h2>\n<p data-start=\"0\" data-end=\"12\"><strong>Contexte<\/strong> :<\/p>\n<p data-start=\"14\" data-end=\"603\">\u00c0 l\u2019heure o\u00f9 la plan\u00e8te bascule vers l\u2019irr\u00e9versible, les crises \u00e9cologiques s\u2019intensifient : mont\u00e9e des eaux, s\u00e9cheresses, incendies, effondrement de la biodiversit\u00e9&#8230; Le chaos climatique n\u2019est pas un ph\u00e9nom\u00e8ne neutre. Il est le produit d\u2019un syst\u00e8me extractiviste, colonial et capitaliste qui organise la destruction m\u00e9thodique des \u00e9cosyst\u00e8mes et des vies jug\u00e9es jetables. Ce sont les femmes, les personnes racis\u00e9es, les peuples autochtones et les communaut\u00e9s des Suds qui en paient le prix le plus \u00e9lev\u00e9. Loin d\u2019\u00eatre un accident, l\u2019\u00e9cocide est une entreprise politique, soutenue par des logiques de domination patriarcale, raciste et n\u00e9olib\u00e9rale.    <\/p>\n<p data-start=\"605\" data-end=\"853\">Dans ce contexte, la r\u00e9ponse ne peut \u00eatre technocratique ni d\u00e9politis\u00e9e. Il est urgent de r\u00e9inscrire l\u2019\u00e9cologie dans une critique radicale des rapports de pouvoir et de raviver les braises des luttes \u00e9cof\u00e9ministes, d\u00e9coloniales, anticapitalistes. <\/p>\n<p data-start=\"855\" data-end=\"1026\">Ces luttes, ancr\u00e9es dans les territoires et les corps, proposent des alternatives vitales : elles r\u00e9sistent \u00e0 la d\u00e9possession, prennent soin du vivant, et construisent d\u2019autres mani\u00e8res d\u2019habiter la terre.<\/p>\n<p data-start=\"1028\" data-end=\"1388\">Loin des discours verts aseptis\u00e9s, cette table ronde s\u2019inscrit dans l\u2019esprit rebelle et transnational du festival <em data-start=\"1147\" data-end=\"1166\">Les Marges en Feu !<\/em> et se propose de mettre en lumi\u00e8re les voix et les pratiques des luttes \u00e9cologistes issues des marges qui depuis toujours r\u00e9sistent et redessinent l\u2019avenir des futurs \u00e9cologiquement justes, f\u00e9ministes et d\u00e9colonis\u00e9s. <\/p>\n<hr data-start=\"1390\" data-end=\"1393\">\n<p data-start=\"1395\" data-end=\"1418\"><strong>Objectifs de la session<\/strong> :<\/p>\n<ul data-start=\"1420\" data-end=\"1925\" data-is-last-node=\"\" data-is-only-node=\"\">\n<li data-start=\"1420\" data-end=\"1548\">\n<p data-start=\"1422\" data-end=\"1548\">D\u00e9construire les r\u00e9cits dominants de l\u2019\u00e9cologie en exposant leurs fondements n\u00e9ocoloniaux, extractivistes et patriarcaux.<\/p>\n<\/li>\n<li data-start=\"1549\" data-end=\"1672\">\n<p data-start=\"1551\" data-end=\"1672\">Mettre en lumi\u00e8re les luttes \u00e9cologiques port\u00e9es par les femmes, les personnes racis\u00e9es et les collectifs situ\u00e9s dans les marges.<\/p>\n<\/li>\n<li data-start=\"1673\" data-end=\"1775\">\n<p data-start=\"1675\" data-end=\"1775\">Explorer les convergences entre \u00e9cof\u00e9minisme, \u00e9cologies d\u00e9coloniales et r\u00e9sistances anticapitalistes.<\/p>\n<\/li>\n<li data-start=\"1776\" data-end=\"1925\" data-is-last-node=\"\">\n<p data-start=\"1778\" data-end=\"1925\" data-is-last-node=\"\">Ouvrir un espace de dialogue strat\u00e9gique entre chercheur\u00b7ses, militant\u00b7es et acteur\u00b7ices de terrain autour des pratiques de r\u00e9sistance et de soin des territoires.<\/p>\n<\/li>\n<\/ul>\n<p><strong>Lieu<\/strong> : Acad\u00e9mie du Climat, 2 place Baudoyer, 75004 Paris<\/p>\n<p><strong>Date &amp; Heure<\/strong> : Samedi 7 juin | 15:00 \u2013 16:00<\/p>\n<p><strong>Intervenant\u00b7es<\/strong> : Ida Paraskeva, <a href=\"https:\/\/transeuropafestival.eu\/fr\/speakers\/sonia-barnat-front-de-meres\/\"><span style=\"text-decoration: underline;\">Sonia Barnat<\/span><\/a> (Front de M\u00e8res), <a href=\"https:\/\/transeuropafestival.eu\/fr\/speakers\/lydie-rauld-alias-lilith\/\"><span style=\"text-decoration: underline;\">Lydie Rauld<\/span><\/a>, mod\u00e9r\u00e9e par <a href=\"https:\/\/transeuropafestival.eu\/fr\/speakers\/myriam-zekagh\/\"><span style=\"text-decoration: underline;\">Myriam Zekagh<\/span><\/a><\/p>\n<p><strong>Langue(s)<\/strong>: Anglais &amp; Fran\u00e7ais (traduction simultan\u00e9e)<\/p>\n<p>INSCRIPTION <a href=\"https:\/\/www.helloasso.com\/associations\/alternatives-europeennes\/evenements\/transeuropa-festival-table-ronde-briser-l-ordre-extractiviste\"><span style=\"text-decoration: underline;\">ICI<\/span><\/a><\/p>\n","protected":false},"excerpt":{"rendered":"<p>Table ronde &#8211; \u00ab Tracer d\u2019autres futurs : pour une \u00e9cologie f\u00e9ministe populaire et d\u00e9coloniale \u00bb Contexte : \u00c0 l\u2019heure o\u00f9 la plan\u00e8te bascule vers l\u2019irr\u00e9versible, les crises \u00e9cologiques s\u2019intensifient : mont\u00e9e des eaux, s\u00e9cheresses, incendies, effondrement de la biodiversit\u00e9&#8230; Le chaos climatique n\u2019est pas un ph\u00e9nom\u00e8ne neutre. Il est le produit d\u2019un syst\u00e8me extractiviste, [&hellip;]<\/p>\n","protected":false},"author":2,"featured_media":0,"parent":0,"menu_order":0,"comment_status":"closed","ping_status":"closed","template":"","meta":{"footnotes":""},"class_list":["post-19766","page","type-page","status-publish","hentry"],"_links":{"self":[{"href":"https:\/\/transeuropafestival.eu\/fr\/wp-json\/wp\/v2\/pages\/19766","targetHints":{"allow":["GET"]}}],"collection":[{"href":"https:\/\/transeuropafestival.eu\/fr\/wp-json\/wp\/v2\/pages"}],"about":[{"href":"https:\/\/transeuropafestival.eu\/fr\/wp-json\/wp\/v2\/types\/page"}],"author":[{"embeddable":true,"href":"https:\/\/transeuropafestival.eu\/fr\/wp-json\/wp\/v2\/users\/2"}],"replies":[{"embeddable":true,"href":"https:\/\/transeuropafestival.eu\/fr\/wp-json\/wp\/v2\/comments?post=19766"}],"version-history":[{"count":0,"href":"https:\/\/transeuropafestival.eu\/fr\/wp-json\/wp\/v2\/pages\/19766\/revisions"}],"wp:attachment":[{"href":"https:\/\/transeuropafestival.eu\/fr\/wp-json\/wp\/v2\/media?parent=19766"}],"curies":[{"name":"wp","href":"https:\/\/api.w.org\/{rel}","templated":true}]}}