{"id":19771,"date":"2025-06-05T16:23:54","date_gmt":"2025-06-05T16:23:54","guid":{"rendered":"https:\/\/transeuropafestival.eu\/assemblee-pleniere-construire-le-mouvement-feministe-transnational-a-lere-des-attaques-anti-genre\/"},"modified":"2025-06-05T16:23:54","modified_gmt":"2025-06-05T16:23:54","slug":"assemblee-pleniere-construire-le-mouvement-feministe-transnational-a-lere-des-attaques-anti-genre","status":"publish","type":"page","link":"https:\/\/transeuropafestival.eu\/fr\/assemblee-pleniere-construire-le-mouvement-feministe-transnational-a-lere-des-attaques-anti-genre\/","title":{"rendered":"Assembl\u00e9e pl\u00e9ni\u00e8re &#8211; \u00ab Construire le mouvement f\u00e9ministe transnational \u00e0 l\u2019\u00e8re des attaques anti-genre \u00bb"},"content":{"rendered":"<h2><strong>Assembl\u00e9e pl\u00e9ni\u00e8re &#8211; <em>\u00ab Construire le mouvement f\u00e9ministe transnational \u00e0 l\u2019\u00e8re des attaques anti-genre \u00bb<\/em><\/strong><\/h2>\n<p data-start=\"14\" data-end=\"527\">L\u2019Europe br\u00fble. Partout, des forces autoritaires, antif\u00e9ministes, anti-queer, racistes, climatosceptiques ou n\u00e9olib\u00e9rales convergent et s\u2019installent au c\u0153ur du pouvoir. Leur strat\u00e9gie est claire : d\u00e9signer des boucs \u00e9missaires (les personnes trans, migrantes, musulmanes, racis\u00e9es, pr\u00e9caires\u2026), r\u00e9primer les mouvements sociaux, affaiblir les droits humains, r\u00e9duire au silence les voix critiques, tout en consolidant un ordre politique fond\u00e9 sur le patriarcat, le nationalisme identitaire et la gestion autoritaire des populations.  <\/p>\n<p data-start=\"529\" data-end=\"909\">Ce que nous vivons n\u2019est pas un simple retour en arri\u00e8re. C\u2019est un backlash organis\u00e9, financ\u00e9, transnational, structur\u00e9 \u00e0 l\u2019\u00e9chelle europ\u00e9enne et au-del\u00e0. Ce backlash s\u2019incarne dans des l\u00e9gislations restrictives, des campagnes m\u00e9diatiques anti-genre, la mont\u00e9e de l\u2019extr\u00eame droite au parlement europ\u00e9en, la prise de pouvoir de groupes conservateurs dans les ar\u00e8nes locales, r\u00e9gionales, judiciaires et universitaires.  <\/p>\n<p data-start=\"911\" data-end=\"1419\">En tant que f\u00e9ministes intersectionnelles, nous savons que ce n\u2019est pas un hasard : les corps des femmes, des personnes trans, queer, racis\u00e9es, pauvres, des familles dissidentes, des travailleur\u00b7ses du soin et du care, sont les premi\u00e8res cibles \u2014 car ils repr\u00e9sentent les formes les plus subversives de libert\u00e9, d\u2019autonomie, de solidarit\u00e9 et de cr\u00e9ation d\u2019alternatives. Nos existences, nos familles, nos luttes, nos savoirs, nos m\u00e9dias, nos sexualit\u00e9s, nos spiritualit\u00e9s, nos solidarit\u00e9s sont attaqu\u00e9es parce qu\u2019elles \u00e9branlent l\u2019ordre dominant.  <\/p>\n<p data-start=\"1421\" data-end=\"1458\">Mais ce feu n\u2019est pas \u00e0 sens unique.<\/p>\n<p data-start=\"1460\" data-end=\"2034\">Pendant trois jours, <em data-start=\"1477\" data-end=\"1496\">Les Marges en Feu !<\/em> \u2013 Margins: On Fire! aura permis de faire exister un autre feu : celui de la r\u00e9sistance, de la cr\u00e9ation, de la lutte joyeuse et de l\u2019alliance radicale. Dans les tables rondes, les workshops, les formations, les performances, des voix multiples se seront lev\u00e9es pour dire que nous ne sommes pas seul\u00b7es, que nous sommes organis\u00e9es, que nous avons une histoire, des strat\u00e9gies, une force. Cette assembl\u00e9e viendra sceller cet \u00e9lan, mettre en commun nos visions, et dessiner ensemble des lignes de r\u00e9sistance et de contre-offensive, \u00e0 l\u2019\u00e9chelle locale, nationale et europ\u00e9enne.  <\/p>\n<hr data-start=\"2036\" data-end=\"2039\">\n<p data-start=\"2041\" data-end=\"2072\">Objectifs de l\u2019Assembl\u00e9e :<\/p>\n<ul data-start=\"2074\" data-end=\"3003\" data-is-last-node=\"\" data-is-only-node=\"\">\n<li data-start=\"2074\" data-end=\"2200\">\n<p data-start=\"2076\" data-end=\"2200\">Cr\u00e9er un espace d\u2019intelligence collective, de synth\u00e8se politique et de mise en r\u00e9sonance entre les diff\u00e9rentes discussions du festival.<\/p>\n<\/li>\n<li data-start=\"2201\" data-end=\"2306\">\n<p data-start=\"2203\" data-end=\"2306\">Faire \u00e9merger des constats communs sur les attaques en cours, les vuln\u00e9rabilit\u00e9s sp\u00e9cifiques et les urgences partag\u00e9es.<\/p>\n<\/li>\n<li data-start=\"2307\" data-end=\"2434\">\n<p data-start=\"2309\" data-end=\"2434\">Valoriser les savoirs issus des marges, ancr\u00e9s dans les luttes, les pratiques militantes, les r\u00e9cits v\u00e9cus.<\/p>\n<\/li>\n<li data-start=\"2435\" data-end=\"2579\">\n<p data-start=\"2437\" data-end=\"2579\">Identifier des axes de convergence strat\u00e9gique entre les luttes pr\u00e9sentes (sant\u00e9, parentalit\u00e9s, \u00e9cologies, anti-racisme, anti-fascisme, anti-genre, libert\u00e9 m\u00e9diatique\u2026).<\/p>\n<\/li>\n<li data-start=\"2580\" data-end=\"2810\">\n<p data-start=\"2582\" data-end=\"2810\">Poser les bases de perspectives d\u2019action collective, en lien avec les grandes \u00e9ch\u00e9ances \u00e0 venir (\u00e9lections europ\u00e9ennes de juin 2025, municipales 2026, pr\u00e9sidence tournante de l\u2019UE, possibles r\u00e9formes de lois liberticides\u2026).<\/p>\n<\/li>\n<li data-start=\"2811\" data-end=\"3003\" data-is-last-node=\"\">\n<p data-start=\"2813\" data-end=\"3003\" data-is-last-node=\"\">Renforcer les liens entre collectifs, associations, chercheur\u00b7ses, militant\u00b7es, artistes, pour que ce moment ne reste pas isol\u00e9, mais ouvre sur des dynamiques p\u00e9rennes.<\/p>\n<\/li>\n<\/ul>\n<p><strong>Lieu<\/strong> : Les Arches Citoyennes, 3 Place de l\u2019H\u00f4tel de Ville, 75004 Paris<\/p>\n<p><strong>Date &amp; Heure<\/strong> : Samedi 7 juin | 18:00 \u2013 19:30<\/p>\n<p><strong>Intervenant\u00b7es<\/strong> : Tout le monde, performance artistique par Anna Rispoli<\/p>\n<p><strong>Langue(s)<\/strong>: Anglais &amp; Fran\u00e7ais (traduction simultan\u00e9e)<\/p>\n<p>INSCRIPTION NON REQUISE<\/p>\n","protected":false},"excerpt":{"rendered":"<p>Assembl\u00e9e pl\u00e9ni\u00e8re &#8211; \u00ab Construire le mouvement f\u00e9ministe transnational \u00e0 l\u2019\u00e8re des attaques anti-genre \u00bb L\u2019Europe br\u00fble. Partout, des forces autoritaires, antif\u00e9ministes, anti-queer, racistes, climatosceptiques ou n\u00e9olib\u00e9rales convergent et s\u2019installent au c\u0153ur du pouvoir. Leur strat\u00e9gie est claire : d\u00e9signer des boucs \u00e9missaires (les personnes trans, migrantes, musulmanes, racis\u00e9es, pr\u00e9caires\u2026), r\u00e9primer les mouvements sociaux, affaiblir [&hellip;]<\/p>\n","protected":false},"author":2,"featured_media":0,"parent":0,"menu_order":0,"comment_status":"closed","ping_status":"closed","template":"","meta":{"footnotes":""},"class_list":["post-19771","page","type-page","status-publish","hentry"],"_links":{"self":[{"href":"https:\/\/transeuropafestival.eu\/fr\/wp-json\/wp\/v2\/pages\/19771","targetHints":{"allow":["GET"]}}],"collection":[{"href":"https:\/\/transeuropafestival.eu\/fr\/wp-json\/wp\/v2\/pages"}],"about":[{"href":"https:\/\/transeuropafestival.eu\/fr\/wp-json\/wp\/v2\/types\/page"}],"author":[{"embeddable":true,"href":"https:\/\/transeuropafestival.eu\/fr\/wp-json\/wp\/v2\/users\/2"}],"replies":[{"embeddable":true,"href":"https:\/\/transeuropafestival.eu\/fr\/wp-json\/wp\/v2\/comments?post=19771"}],"version-history":[{"count":0,"href":"https:\/\/transeuropafestival.eu\/fr\/wp-json\/wp\/v2\/pages\/19771\/revisions"}],"wp:attachment":[{"href":"https:\/\/transeuropafestival.eu\/fr\/wp-json\/wp\/v2\/media?parent=19771"}],"curies":[{"name":"wp","href":"https:\/\/api.w.org\/{rel}","templated":true}]}}