{"id":19866,"date":"2025-06-07T13:05:26","date_gmt":"2025-06-07T13:05:26","guid":{"rendered":"https:\/\/transeuropafestival.eu\/liberte-amour\/"},"modified":"2025-06-07T13:06:16","modified_gmt":"2025-06-07T13:06:16","slug":"liberte-amour","status":"publish","type":"page","link":"https:\/\/transeuropafestival.eu\/fr\/liberte-amour\/","title":{"rendered":"LIBERT\u00c9, AMOUR"},"content":{"rendered":"<h2><em>LIBERT\u00c9, AMOUR<\/em><\/h2>\n<p>Les \u00e9v\u00e9nements politiques de ces derniers mois, comme l\u2019interdiction de la PRIDE, ont une fois de plus mis en lumi\u00e8re la marginalisation totale des membres des communaut\u00e9s LGBTQ+ hongroise et internationale. LIBERT\u00c9, AMOUR ! est n\u00e9 d\u2019un profond rejet de ce syst\u00e8me social et politique dans lequel m\u00eame la notion \u00ab d\u2019inclusion \u00bb doit \u00eatre interrog\u00e9e \u2014 que signifie \u00eatre inclus\u00b7e dans un syst\u00e8me qui ne cesse de reproduire les m\u00eames hi\u00e9rarchies de race, de classe et de genre ? Notre objectif est de d\u00e9construire ces cadres \u00e9troits et de faire place \u00e0 des exp\u00e9riences queer du corps et du genre, en dehors d\u2019un syst\u00e8me de politiques corporelles fig\u00e9es et auto-reproductrices.<\/p>\n<p>Cette exposition rejette la strat\u00e9gie h\u00e9t\u00e9ronormative de possession et d\u2019exposition des corps et explore les possibilit\u00e9s de red\u00e9finir le sujet queer r\u00e9volutionnaire \u00e0 travers un prisme affranchi des dialogues existants avec la structure. Par l\u2019intersection de la performance, du son et de la vid\u00e9o, nous vous invitons \u00e0 vivre la sacralit\u00e9 du GAY. Nous ne voulons pas de spectateur\u00b7ices. Nous voulons votre toucher, votre regard, vos oreilles, vos membres, vos organes et vos fluides. Nous voulons que vous vous transformiez avec nous !<\/p>\n<p><strong>VERNISSAGE<\/strong><\/p>\n<p>Lundi de Pentec\u00f4te, 9 juin de 16h \u00e0 22h<br \/>\nLieu : 11, impasse Reille, 75014 Paris<br \/>\nEntr\u00e9e : prix libre<\/p>\n<p><strong>PROGRAMME<\/strong><\/p>\n<p>16h \u2013 Ouverture<br \/>\n17h\u201320h30 \u2013 Performances et vid\u00e9os<br \/>\n20h30\u201322h \u2013 T\u00e1nch\u00e1z : bal traditionnel hongrois<\/p>\n<p><strong>Commissaires <\/strong>: <a class=\"text-entity-link\" dir=\"auto\" data-entity-type=\"MessageEntityMention\">@rekai<\/a>.mark <a class=\"text-entity-link\" dir=\"auto\" data-entity-type=\"MessageEntityMention\">@gyorfironia<\/a><\/p>\n<p><strong>Artistes invit\u00e9\u00b7es :<\/strong><br \/>\nANIME LIBERATION FRONT <a class=\"text-entity-link\" dir=\"auto\" data-entity-type=\"MessageEntityMention\">@david_varhegyi<\/a><br \/>\nANNAMARIA KMETY\u00d3 SPICEY <a class=\"text-entity-link\" dir=\"auto\" data-entity-type=\"MessageEntityMention\">@spicyprincess_deleted<\/a><br \/>\nAUROLA GYORFY <a class=\"text-entity-link\" dir=\"auto\" data-entity-type=\"MessageEntityMention\">@gyorfironia<\/a><br \/>\nDORKA CSOBOTH <a class=\"text-entity-link\" dir=\"auto\" data-entity-type=\"MessageEntityMention\">@dor99kka<\/a><br \/>\nLE NINA ROSSA @le.ninarossa<br \/>\nM\u00c1RK R\u00c9KAI <a class=\"text-entity-link\" dir=\"auto\" data-entity-type=\"MessageEntityMention\">@rekai<\/a>.mark<br \/>\nSAWA <a class=\"text-entity-link\" dir=\"auto\" data-entity-type=\"MessageEntityMention\">@sawathelightbringer<\/a><\/p>\n<p><img loading=\"lazy\" decoding=\"async\" class=\"alignnone size-full wp-image-19861\" src=\"https:\/\/transeuropafestival.eu\/wp-content\/uploads\/2025\/06\/Liberte-amour.jpg\" alt=\"\" width=\"1024\" height=\"1280\" srcset=\"https:\/\/transeuropafestival.eu\/wp-content\/uploads\/2025\/06\/Liberte-amour.jpg 1024w, https:\/\/transeuropafestival.eu\/wp-content\/uploads\/2025\/06\/Liberte-amour-240x300.jpg 240w, https:\/\/transeuropafestival.eu\/wp-content\/uploads\/2025\/06\/Liberte-amour-824x1030.jpg 824w, https:\/\/transeuropafestival.eu\/wp-content\/uploads\/2025\/06\/Liberte-amour-768x960.jpg 768w, https:\/\/transeuropafestival.eu\/wp-content\/uploads\/2025\/06\/Liberte-amour-564x705.jpg 564w\" sizes=\"auto, (max-width: 1024px) 100vw, 1024px\" \/><\/p>\n","protected":false},"excerpt":{"rendered":"<p>LIBERT\u00c9, AMOUR Les \u00e9v\u00e9nements politiques de ces derniers mois, comme l\u2019interdiction de la PRIDE, ont une fois de plus mis en lumi\u00e8re la marginalisation totale des membres des communaut\u00e9s LGBTQ+ hongroise et internationale. LIBERT\u00c9, AMOUR ! est n\u00e9 d\u2019un profond rejet de ce syst\u00e8me social et politique dans lequel m\u00eame la notion \u00ab d\u2019inclusion \u00bb [&hellip;]<\/p>\n","protected":false},"author":2,"featured_media":19868,"parent":0,"menu_order":0,"comment_status":"closed","ping_status":"closed","template":"","meta":{"footnotes":""},"class_list":["post-19866","page","type-page","status-publish","has-post-thumbnail","hentry"],"_links":{"self":[{"href":"https:\/\/transeuropafestival.eu\/fr\/wp-json\/wp\/v2\/pages\/19866","targetHints":{"allow":["GET"]}}],"collection":[{"href":"https:\/\/transeuropafestival.eu\/fr\/wp-json\/wp\/v2\/pages"}],"about":[{"href":"https:\/\/transeuropafestival.eu\/fr\/wp-json\/wp\/v2\/types\/page"}],"author":[{"embeddable":true,"href":"https:\/\/transeuropafestival.eu\/fr\/wp-json\/wp\/v2\/users\/2"}],"replies":[{"embeddable":true,"href":"https:\/\/transeuropafestival.eu\/fr\/wp-json\/wp\/v2\/comments?post=19866"}],"version-history":[{"count":1,"href":"https:\/\/transeuropafestival.eu\/fr\/wp-json\/wp\/v2\/pages\/19866\/revisions"}],"predecessor-version":[{"id":19872,"href":"https:\/\/transeuropafestival.eu\/fr\/wp-json\/wp\/v2\/pages\/19866\/revisions\/19872"}],"wp:featuredmedia":[{"embeddable":true,"href":"https:\/\/transeuropafestival.eu\/fr\/wp-json\/wp\/v2\/media\/19868"}],"wp:attachment":[{"href":"https:\/\/transeuropafestival.eu\/fr\/wp-json\/wp\/v2\/media?parent=19866"}],"curies":[{"name":"wp","href":"https:\/\/api.w.org\/{rel}","templated":true}]}}